{"id":125316,"date":"2025-11-26T16:53:13","date_gmt":"2025-11-26T15:53:13","guid":{"rendered":"https:\/\/nabytoklaguna.sk\/sk\/?post_type=product&#038;p=125316"},"modified":"2026-01-15T00:56:35","modified_gmt":"2026-01-14T23:56:35","slug":"dcl-w1174","status":"publish","type":"product","link":"https:\/\/nabytoklaguna.sk\/sk\/produkt\/dcl-w1174\/","title":{"rendered":"DCL-W1174"},"content":{"rendered":"<p>Modern\u00e1 jed\u00e1lensk\u00e1 stoli\u010dka <strong>DCL-W1174<\/strong> v elegantnom odtieni kombinuje \u0161t\u00fdl a pohodlie. Po\u0165ah z m\u00e4kkej l\u00e1tky <strong>Boucl\u00e9<\/strong> pon\u00faka pr\u00edjemn\u00fd a odoln\u00fd povrch, ktor\u00fd sa skvele hod\u00ed do modern\u00fdch interi\u00e9rov. \u0160tyri nohy <strong>z br\u00fasen\u00e9ho nerezu<\/strong> zais\u0165uj\u00fa stabilitu a modern\u00fd vzh\u013ead, zatia\u013e \u010do v\u00fdpl\u0148 z PU peny poskytuje optim\u00e1lny komfort pri seden\u00ed. T\u00e1to stoli\u010dka je ide\u00e1lna pre jed\u00e1lne alebo modern\u00e9 pracovn\u00e9 priestory. V\u010faka svojmu dizajnu a kvalitn\u00fdm materi\u00e1lom zais\u0165uje dlh\u00fa \u017eivotnos\u0165 aj pri ka\u017edodennom pou\u017e\u00edvan\u00ed. V\u00fdrazn\u00fd k\u00fasok, ktor\u00fd vynikne v ka\u017edom interi\u00e9ri.<\/p>\n<p><strong>Po\u0165ah\u00a0 &#8211; kr\u00e9mov\u00e1, siv\u00e1 a zelen\u00e1 l\u00e1tka<\/strong><\/p>\n<p>Nosnos\u0165 je a\u017e 120 kg.<\/p>\n<p>Dod\u00e1van\u00e9 v demonte.<\/p>\n<p>Rozmery: 47 x 55 x 85 x 50 cm<\/p>\n<table style=\"width: 100.173%;\">\n<tbody>\n<tr>\n<td class=\"popis\" style=\"width: 41.3287%;\">\u0160\u00edrka (cm):<\/td>\n<td style=\"width: 58.4987%;\">47 cm<\/td>\n<\/tr>\n<tr>\n<td class=\"popis\" style=\"width: 41.3287%;\">H\u013abka (cm):<\/td>\n<td style=\"width: 58.4987%;\">55 cm<\/td>\n<\/tr>\n<tr>\n<td class=\"popis\" style=\"width: 41.3287%;\">V\u00fd\u0161ka (cm):<\/td>\n<td style=\"width: 58.4987%;\">85 cm<\/td>\n<\/tr>\n<tr>\n<td style=\"width: 41.3287%;\">\u0161\u00edrka sedu:<\/td>\n<td style=\"width: 58.4987%;\">44 cm<\/td>\n<\/tr>\n<tr>\n<td style=\"width: 41.3287%;\">v\u00fd\u0161ka sedu:<\/td>\n<td style=\"width: 58.4987%;\">50 cm<\/td>\n<\/tr>\n<tr>\n<td style=\"width: 41.3287%;\">nohy:<\/td>\n<td style=\"width: 58.4987%;\">kov\/ br\u00fasen\u00fd nerez<\/td>\n<\/tr>\n<tr>\n<td style=\"width: 41.3287%;\">nosnos\u0165:<\/td>\n<td style=\"width: 58.4987%;\">120 kg<\/td>\n<\/tr>\n<tr>\n<td style=\"width: 41.3287%;\">hmotnos\u0165:<\/td>\n<td style=\"width: 58.4987%;\">7 kg<\/td>\n<\/tr>\n<\/tbody>\n<\/table>\n","protected":false},"excerpt":{"rendered":"<p>Modern\u00e1 jed\u00e1lensk\u00e1 stoli\u010dka DCL-W1174 v elegantnom odtieni kombinuje \u0161t\u00fdl a pohodlie. Po\u0165ah z m\u00e4kkej l\u00e1tky Boucl\u00e9 pon\u00faka pr\u00edjemn\u00fd a odoln\u00fd povrch, ktor\u00fd sa skvele hod\u00ed do modern\u00fdch interi\u00e9rov. \u0160tyri nohy z br\u00fasen\u00e9ho nerezu zais\u0165uj\u00fa stabilitu a modern\u00fd vzh\u013ead, zatia\u013e \u010do v\u00fdpl\u0148 z PU peny poskytuje optim\u00e1lny komfort pri seden\u00ed. T\u00e1to stoli\u010dka je ide\u00e1lna pre jed\u00e1lne&#8230;<\/p>\n","protected":false},"featured_media":125321,"comment_status":"closed","ping_status":"closed","template":"","meta":{"_seopress_robots_primary_cat":"none","_seopress_titles_title":"","_seopress_titles_desc":"","_seopress_robots_index":""},"product_brand":[],"product_cat":[239],"product_tag":[],"class_list":{"0":"post-125316","1":"product","2":"type-product","3":"status-publish","4":"has-post-thumbnail","6":"product_cat-kovove-stolicky","7":"pa_farba-grey2","8":"pa_farba-crm2","9":"pa_farba-grn2-zelena","11":"first","12":"instock","13":"shipping-taxable","14":"purchasable","15":"product-type-variable"},"_links":{"self":[{"href":"https:\/\/nabytoklaguna.sk\/sk\/wp-json\/wp\/v2\/product\/125316","targetHints":{"allow":["GET"]}}],"collection":[{"href":"https:\/\/nabytoklaguna.sk\/sk\/wp-json\/wp\/v2\/product"}],"about":[{"href":"https:\/\/nabytoklaguna.sk\/sk\/wp-json\/wp\/v2\/types\/product"}],"replies":[{"embeddable":true,"href":"https:\/\/nabytoklaguna.sk\/sk\/wp-json\/wp\/v2\/comments?post=125316"}],"wp:featuredmedia":[{"embeddable":true,"href":"https:\/\/nabytoklaguna.sk\/sk\/wp-json\/wp\/v2\/media\/125321"}],"wp:attachment":[{"href":"https:\/\/nabytoklaguna.sk\/sk\/wp-json\/wp\/v2\/media?parent=125316"}],"wp:term":[{"taxonomy":"product_brand","embeddable":true,"href":"https:\/\/nabytoklaguna.sk\/sk\/wp-json\/wp\/v2\/product_brand?post=125316"},{"taxonomy":"product_cat","embeddable":true,"href":"https:\/\/nabytoklaguna.sk\/sk\/wp-json\/wp\/v2\/product_cat?post=125316"},{"taxonomy":"product_tag","embeddable":true,"href":"https:\/\/nabytoklaguna.sk\/sk\/wp-json\/wp\/v2\/product_tag?post=125316"}],"curies":[{"name":"wp","href":"https:\/\/api.w.org\/{rel}","templated":true}]}}