{"id":125328,"date":"2025-11-27T14:37:47","date_gmt":"2025-11-27T13:37:47","guid":{"rendered":"https:\/\/nabytoklaguna.sk\/sk\/?post_type=product&#038;p=125328"},"modified":"2026-03-18T13:40:52","modified_gmt":"2026-03-18T12:40:52","slug":"af-076","status":"publish","type":"product","link":"https:\/\/nabytoklaguna.sk\/sk\/produkt\/af-076\/","title":{"rendered":"AF-076"},"content":{"rendered":"<p>Sada 2 odkladac\u00edch stol\u00edkov <strong>AF-076\u00a0<\/strong> je ove\u013ea viac ne\u017e oby\u010dajn\u00e9 odkladacie stol\u00edky &#8211; steles\u0148uje harm\u00f3niu praktickosti, \u0161t\u00fdlu a sofistikovanosti. Tieto stol\u00edky s dekorom <strong>divok\u00e9ho duba<\/strong>, ktor\u00fd zdob\u00ed ich robustn\u00fd povrch z materi\u00e1lu MDF, poskytuj\u00fa vynikaj\u00facu kombin\u00e1ciu estetick\u00e9ho pote\u0161enia a funk\u010dnosti pre ka\u017ed\u00e9 prostredie. Doska stol\u00edka dokres\u013euje pr\u00edrodn\u00e9 vibr\u00e1cie 3D dekoru divok\u00e9ho duba a dod\u00e1 va\u0161ej izbe alebo kancel\u00e1rii pokojn\u00fa atmosf\u00e9ru. In\u0161pir\u00e1cia designu vych\u00e1dza <strong>z mot\u00edvov industri\u00e1lneho \u0161t\u00fdlu<\/strong>. Stoly sa p\u00fd\u0161ia <strong>\u010diernymi kovov\u00fdmi nohami<\/strong> kruhov\u00e9ho tvaru, ktor\u00e9 nielen zais\u0165uj\u00fa stabilitu, ale tie\u017e prispievaj\u00fa k odv\u00e1\u017enemu a priekopn\u00edckemu vizu\u00e1lnemu dojmu zo s\u00fapravy. Doska \u0161tvorcov\u00e9ho tvaru poskytuje ve\u013ekorys\u00fd \u00falo\u017en\u00fd priestor a z\u00e1rove\u0148 vy\u017earuje modern\u00fd a \u0161pi\u010dkov\u00fd vzh\u013ead. Invest\u00edcia do kusov stol\u00edkov je z\u00e1rukou bezkonkuren\u010dnej kvality a dlhej \u017eivotnosti. \u010ci u\u017e zaria\u010fujete firemn\u00e9 priestory, alebo zvelebujete svoj domov, tieto univerz\u00e1lne k\u00fasky zaru\u010dene skvele uspokoja va\u0161e potreby.<\/p>\n<p>Rozmer:\u00a0 50 x 50 x 51 cm \/ 44 x 44 x 38 cm<\/p>\n","protected":false},"excerpt":{"rendered":"<p>Sada 2 odkladac\u00edch stol\u00edkov AF-076\u00a0 je ove\u013ea viac ne\u017e oby\u010dajn\u00e9 odkladacie stol\u00edky &#8211; steles\u0148uje harm\u00f3niu praktickosti, \u0161t\u00fdlu a sofistikovanosti. Tieto stol\u00edky s dekorom divok\u00e9ho duba, ktor\u00fd zdob\u00ed ich robustn\u00fd povrch z materi\u00e1lu MDF, poskytuj\u00fa vynikaj\u00facu kombin\u00e1ciu estetick\u00e9ho pote\u0161enia a funk\u010dnosti pre ka\u017ed\u00e9 prostredie. Doska stol\u00edka dokres\u013euje pr\u00edrodn\u00e9 vibr\u00e1cie 3D dekoru divok\u00e9ho duba a dod\u00e1 va\u0161ej&#8230;<\/p>\n","protected":false},"featured_media":125334,"comment_status":"closed","ping_status":"closed","template":"","meta":{"_seopress_robots_primary_cat":"none","_seopress_titles_title":"","_seopress_titles_desc":"","_seopress_robots_index":""},"product_brand":[],"product_cat":[221],"product_tag":[],"class_list":{"0":"post-125328","1":"product","2":"type-product","3":"status-publish","4":"has-post-thumbnail","6":"product_cat-konferencne-stoliky","7":"pa_farba-oak","8":"pa_farba-olw","10":"first","11":"instock","12":"shipping-taxable","13":"purchasable","14":"product-type-variable"},"_links":{"self":[{"href":"https:\/\/nabytoklaguna.sk\/sk\/wp-json\/wp\/v2\/product\/125328","targetHints":{"allow":["GET"]}}],"collection":[{"href":"https:\/\/nabytoklaguna.sk\/sk\/wp-json\/wp\/v2\/product"}],"about":[{"href":"https:\/\/nabytoklaguna.sk\/sk\/wp-json\/wp\/v2\/types\/product"}],"replies":[{"embeddable":true,"href":"https:\/\/nabytoklaguna.sk\/sk\/wp-json\/wp\/v2\/comments?post=125328"}],"wp:featuredmedia":[{"embeddable":true,"href":"https:\/\/nabytoklaguna.sk\/sk\/wp-json\/wp\/v2\/media\/125334"}],"wp:attachment":[{"href":"https:\/\/nabytoklaguna.sk\/sk\/wp-json\/wp\/v2\/media?parent=125328"}],"wp:term":[{"taxonomy":"product_brand","embeddable":true,"href":"https:\/\/nabytoklaguna.sk\/sk\/wp-json\/wp\/v2\/product_brand?post=125328"},{"taxonomy":"product_cat","embeddable":true,"href":"https:\/\/nabytoklaguna.sk\/sk\/wp-json\/wp\/v2\/product_cat?post=125328"},{"taxonomy":"product_tag","embeddable":true,"href":"https:\/\/nabytoklaguna.sk\/sk\/wp-json\/wp\/v2\/product_tag?post=125328"}],"curies":[{"name":"wp","href":"https:\/\/api.w.org\/{rel}","templated":true}]}}