{"id":125340,"date":"2025-12-02T10:50:36","date_gmt":"2025-12-02T09:50:36","guid":{"rendered":"https:\/\/nabytoklaguna.sk\/sk\/?post_type=product&#038;p=125340"},"modified":"2026-04-14T15:18:22","modified_gmt":"2026-04-14T13:18:22","slug":"ds-x200","status":"publish","type":"product","link":"https:\/\/nabytoklaguna.sk\/sk\/produkt\/ds-x200\/","title":{"rendered":"DS-X200"},"content":{"rendered":"<p>Objavte stelesnenie luxusu s jed\u00e1lensk\u00fdm stolom, v ktorom sn\u00fabime vkusnos\u0165 s \u00fa\u017eitkom. Jed\u00e1lensk\u00fd st\u00f4l v rozmere 200x100x75 cm pre<strong> pohodln\u00e9 stolovanie<\/strong> aj <strong>v\u00e4\u010d\u0161\u00ed po\u010det<\/strong> <strong>os\u00f4b.\u00a0 <\/strong>St\u00f4l je navrhnut\u00fd<strong> bez rozkladacej funkcie.\u00a0 Mas\u00edv dub, kovov\u00e1 noha<\/strong> <strong>v tvare kr\u00ed\u017ea<\/strong>, <strong>\u010dierny lak<\/strong>, pod\u010diarkuje<strong> jeho jednoduch\u00fd dizajn<\/strong>. St\u00f4l vyroben\u00fd<strong> z mas\u00edvu<\/strong> a fascinuj\u00faci <strong>hned\u00fd dekor<\/strong> dubovej dosky umoc\u0148uj\u00fa prirodzen\u00fd odtie\u0148 n\u00e1bytku a vnes\u00fa do jed\u00e1lne \u017eiariv\u00fd lesk. Matn\u00e1 povrchov\u00e1 \u00faprava, ktor\u00e1 je d\u00f4kazom pozornosti venovanej detailom urob\u00ed nezabudnute\u013en\u00fd dojem. Funk\u010dnos\u0165 stola zakon\u010den\u00e1<strong> robustn\u00fdmi kovov\u00fdmi nohami<\/strong> v atrakt\u00edvnej \u010diernej zost\u00e1va nekompromisn\u00e1. <strong>Obd\u013a\u017enikov\u00fd tvar<\/strong> pon\u00faka dostatok priestoru a vyhovie v\u0161etk\u00fdm po\u017eiadavk\u00e1m. Spojenie industri\u00e1lneho \u0161t\u00fdlu s konzervat\u00edvnym \u0161armom sp\u013a\u0148aj\u00fa pr\u00eds\u013eub, \u017ee st\u00f4l zapadne do miestnosti.<\/p>\n<p><strong>Doska stola <\/strong>je vyroben\u00e1 <strong>z mas\u00edvneho dubu s olejovan\u00fdm povrchom,<\/strong> ktor\u00fd zv\u00fdraz\u0148uje <strong>prirodzen\u00fa \u0161trukt\u00faru dreva<\/strong> a z\u00e1rove\u0148 <strong>u\u013eah\u010duje \u00fadr\u017ebu. <\/strong>\u00a0Vo\u013ebou v\u00fdrobku sa rozhodnete pre dlh\u00fa \u017eivotnos\u0165 a odolnos\u0165 vo vkusne spracovanom priemyselnom dizajne, ktor\u00fd stoj\u00ed ako <strong>nad\u010dasov\u00fd doplnok.<\/strong><\/p>\n<p>Rozmery: 200 x 100 x 75cm<\/p>\n<p>Nosnos\u0165 je a\u017e 120 kg.<\/p>\n<p>Dod\u00e1van\u00e9 v demonte.<\/p>\n<table style=\"width: 100.173%; height: 311px;\">\n<tbody>\n<tr style=\"height: 52px;\">\n<td class=\"popis\" style=\"width: 41.3287%; height: 52px;\">\u0160\u00edrka (cm):<\/td>\n<td style=\"width: 58.4987%; height: 52px;\">200 cm<\/td>\n<\/tr>\n<tr style=\"height: 52px;\">\n<td class=\"popis\" style=\"width: 41.3287%; height: 52px;\">H\u013abka (cm):<\/td>\n<td style=\"width: 58.4987%; height: 52px;\">100 cm<\/td>\n<\/tr>\n<tr style=\"height: 52px;\">\n<td class=\"popis\" style=\"width: 41.3287%; height: 52px;\">V\u00fd\u0161ka (cm):<\/td>\n<td style=\"width: 58.4987%; height: 52px;\">75 cm<\/td>\n<\/tr>\n<tr style=\"height: 52px;\">\n<td style=\"width: 41.3287%; height: 52px;\">nohy:<\/td>\n<td style=\"width: 58.4987%; height: 52px;\">kov\/ \u010dierny mat<\/td>\n<\/tr>\n<tr style=\"height: 51px;\">\n<td style=\"width: 41.3287%; height: 51px;\">hmotnos\u0165:<\/td>\n<td style=\"width: 58.4987%; height: 51px;\">65 kg<\/td>\n<\/tr>\n<\/tbody>\n<\/table>\n","protected":false},"excerpt":{"rendered":"<p>Objavte stelesnenie luxusu s jed\u00e1lensk\u00fdm stolom, v ktorom sn\u00fabime vkusnos\u0165 s \u00fa\u017eitkom. Jed\u00e1lensk\u00fd st\u00f4l v rozmere 200x100x75 cm pre pohodln\u00e9 stolovanie aj v\u00e4\u010d\u0161\u00ed po\u010det os\u00f4b.\u00a0 St\u00f4l je navrhnut\u00fd bez rozkladacej funkcie.\u00a0 Mas\u00edv dub, kovov\u00e1 noha v tvare kr\u00ed\u017ea, \u010dierny lak, pod\u010diarkuje jeho jednoduch\u00fd dizajn. St\u00f4l vyroben\u00fd z mas\u00edvu a fascinuj\u00faci hned\u00fd dekor dubovej dosky umoc\u0148uj\u00fa&#8230;<\/p>\n","protected":false},"featured_media":125344,"comment_status":"closed","ping_status":"closed","template":"","meta":{"_seopress_robots_primary_cat":"none","_seopress_titles_title":"","_seopress_titles_desc":"","_seopress_robots_index":""},"product_brand":[],"product_cat":[245,243],"product_tag":[],"class_list":{"0":"post-125340","1":"product","2":"type-product","3":"status-publish","4":"has-post-thumbnail","6":"product_cat-kovove-stoly","7":"product_cat-stoly","8":"pa_farba-grey2","9":"pa_farba-crm2","10":"pa_farba-grn2-zelena","12":"first","13":"instock","14":"sale","15":"shipping-taxable","16":"purchasable","17":"product-type-simple"},"_links":{"self":[{"href":"https:\/\/nabytoklaguna.sk\/sk\/wp-json\/wp\/v2\/product\/125340","targetHints":{"allow":["GET"]}}],"collection":[{"href":"https:\/\/nabytoklaguna.sk\/sk\/wp-json\/wp\/v2\/product"}],"about":[{"href":"https:\/\/nabytoklaguna.sk\/sk\/wp-json\/wp\/v2\/types\/product"}],"replies":[{"embeddable":true,"href":"https:\/\/nabytoklaguna.sk\/sk\/wp-json\/wp\/v2\/comments?post=125340"}],"wp:featuredmedia":[{"embeddable":true,"href":"https:\/\/nabytoklaguna.sk\/sk\/wp-json\/wp\/v2\/media\/125344"}],"wp:attachment":[{"href":"https:\/\/nabytoklaguna.sk\/sk\/wp-json\/wp\/v2\/media?parent=125340"}],"wp:term":[{"taxonomy":"product_brand","embeddable":true,"href":"https:\/\/nabytoklaguna.sk\/sk\/wp-json\/wp\/v2\/product_brand?post=125340"},{"taxonomy":"product_cat","embeddable":true,"href":"https:\/\/nabytoklaguna.sk\/sk\/wp-json\/wp\/v2\/product_cat?post=125340"},{"taxonomy":"product_tag","embeddable":true,"href":"https:\/\/nabytoklaguna.sk\/sk\/wp-json\/wp\/v2\/product_tag?post=125340"}],"curies":[{"name":"wp","href":"https:\/\/api.w.org\/{rel}","templated":true}]}}