{"id":125348,"date":"2025-12-02T13:04:53","date_gmt":"2025-12-02T12:04:53","guid":{"rendered":"https:\/\/nabytoklaguna.sk\/sk\/?post_type=product&#038;p=125348"},"modified":"2026-04-14T16:57:51","modified_gmt":"2026-04-14T14:57:51","slug":"ht-r5316","status":"publish","type":"product","link":"https:\/\/nabytoklaguna.sk\/sk\/produkt\/ht-r5316\/","title":{"rendered":"HT-R5316"},"content":{"rendered":"<p>Objavte stelesnenie luxusu s jed\u00e1lensk\u00fdm stolom, v ktorom sn\u00fabime vkusnos\u0165 s \u00fa\u017eitkom. Jed\u00e1lensk\u00fd st\u00f4l <strong>HT-R5316\u00a0<\/strong> pon\u00faka modern\u00fa kombin\u00e1ciu<strong> 3D dekoru siv\u00e9ho dubu <\/strong>alebo <strong>divok\u00e9ho dubu<\/strong> na <strong>MDF doske<\/strong> s matnou povrchovou \u00fapravou a pevn\u00fdm kovov\u00fdm podno\u017e\u00edm <strong>v tvare X v \u010diernej farbe<\/strong>. Doska stola je vyroben\u00e1 z lamina s ABS hranou, ktor\u00e1 zvy\u0161uje odolnos\u0165 <strong>proti po\u0161kodeniu<\/strong> a u\u013eah\u010duje \u00fadr\u017ebu. Stabiln\u00e9 kovov\u00e9 nohy zabezpe\u010duj\u00fa pevnos\u0165 a stabilitu celej kon\u0161trukcie, pri\u010dom dizajn v tvare X dod\u00e1va stol\u00edku v\u00fdrazn\u00fd industri\u00e1lny charakter. <strong>Rozmery 180x90x76 c<\/strong>m poskytuj\u00fa dostatok priestoru pre pohodln\u00e9 stolovanie aj v\u00e4\u010d\u0161\u00ed po\u010det os\u00f4b. St\u00f4l je vhodn\u00fd do moderne zariaden\u00fdch jed\u00e1lensk\u00fdch priestorov, kde ocen\u00edte kombin\u00e1ciu praktickosti a \u0161t\u00fdlov\u00e9ho vzh\u013eadu.<\/p>\n<p>Rozmery: 180 x 90 x 76cm<\/p>\n<p>Dod\u00e1van\u00e9 v demonte.<\/p>\n<table style=\"width: 100.173%; height: 311px;\">\n<tbody>\n<tr style=\"height: 52px;\">\n<td class=\"popis\" style=\"width: 41.3287%; height: 52px;\">\u0160\u00edrka (cm):<\/td>\n<td style=\"width: 58.4987%; height: 52px;\">180 cm<\/td>\n<\/tr>\n<tr style=\"height: 52px;\">\n<td class=\"popis\" style=\"width: 41.3287%; height: 52px;\">H\u013abka (cm):<\/td>\n<td style=\"width: 58.4987%; height: 52px;\">90 cm<\/td>\n<\/tr>\n<tr style=\"height: 52px;\">\n<td class=\"popis\" style=\"width: 41.3287%; height: 52px;\">V\u00fd\u0161ka (cm):<\/td>\n<td style=\"width: 58.4987%; height: 52px;\">76 cm<\/td>\n<\/tr>\n<tr style=\"height: 52px;\">\n<td style=\"width: 41.3287%; height: 52px;\">nohy:<\/td>\n<td style=\"width: 58.4987%; height: 52px;\">kov\/ \u010dierny mat<\/td>\n<\/tr>\n<tr style=\"height: 51px;\">\n<td style=\"width: 41.3287%; height: 51px;\">hmotnos\u0165:<\/td>\n<td style=\"width: 58.4987%; height: 51px;\">45 kg<\/td>\n<\/tr>\n<\/tbody>\n<\/table>\n","protected":false},"excerpt":{"rendered":"<p>Objavte stelesnenie luxusu s jed\u00e1lensk\u00fdm stolom, v ktorom sn\u00fabime vkusnos\u0165 s \u00fa\u017eitkom. Jed\u00e1lensk\u00fd st\u00f4l HT-R5316\u00a0 pon\u00faka modern\u00fa kombin\u00e1ciu 3D dekoru siv\u00e9ho dubu alebo divok\u00e9ho dubu na MDF doske s matnou povrchovou \u00fapravou a pevn\u00fdm kovov\u00fdm podno\u017e\u00edm v tvare X v \u010diernej farbe. Doska stola je vyroben\u00e1 z lamina s ABS hranou, ktor\u00e1 zvy\u0161uje odolnos\u0165 proti&#8230;<\/p>\n","protected":false},"featured_media":125356,"comment_status":"closed","ping_status":"closed","template":"","meta":{"_seopress_robots_primary_cat":"none","_seopress_titles_title":"","_seopress_titles_desc":"","_seopress_robots_index":""},"product_brand":[],"product_cat":[245,243],"product_tag":[],"class_list":{"0":"post-125348","1":"product","2":"type-product","3":"status-publish","4":"has-post-thumbnail","6":"product_cat-kovove-stoly","7":"product_cat-stoly","8":"pa_farba-grey","9":"pa_farba-oak","11":"first","12":"instock","13":"sale","14":"shipping-taxable","15":"purchasable","16":"product-type-variable"},"_links":{"self":[{"href":"https:\/\/nabytoklaguna.sk\/sk\/wp-json\/wp\/v2\/product\/125348","targetHints":{"allow":["GET"]}}],"collection":[{"href":"https:\/\/nabytoklaguna.sk\/sk\/wp-json\/wp\/v2\/product"}],"about":[{"href":"https:\/\/nabytoklaguna.sk\/sk\/wp-json\/wp\/v2\/types\/product"}],"replies":[{"embeddable":true,"href":"https:\/\/nabytoklaguna.sk\/sk\/wp-json\/wp\/v2\/comments?post=125348"}],"wp:featuredmedia":[{"embeddable":true,"href":"https:\/\/nabytoklaguna.sk\/sk\/wp-json\/wp\/v2\/media\/125356"}],"wp:attachment":[{"href":"https:\/\/nabytoklaguna.sk\/sk\/wp-json\/wp\/v2\/media?parent=125348"}],"wp:term":[{"taxonomy":"product_brand","embeddable":true,"href":"https:\/\/nabytoklaguna.sk\/sk\/wp-json\/wp\/v2\/product_brand?post=125348"},{"taxonomy":"product_cat","embeddable":true,"href":"https:\/\/nabytoklaguna.sk\/sk\/wp-json\/wp\/v2\/product_cat?post=125348"},{"taxonomy":"product_tag","embeddable":true,"href":"https:\/\/nabytoklaguna.sk\/sk\/wp-json\/wp\/v2\/product_tag?post=125348"}],"curies":[{"name":"wp","href":"https:\/\/api.w.org\/{rel}","templated":true}]}}