{"id":125361,"date":"2025-12-02T14:17:46","date_gmt":"2025-12-02T13:17:46","guid":{"rendered":"https:\/\/nabytoklaguna.sk\/sk\/?post_type=product&#038;p=125361"},"modified":"2026-01-15T00:56:34","modified_gmt":"2026-01-14T23:56:34","slug":"ht-531","status":"publish","type":"product","link":"https:\/\/nabytoklaguna.sk\/sk\/produkt\/ht-531\/","title":{"rendered":"HT-531"},"content":{"rendered":"<p>Modern\u00fd jed\u00e1lensk\u00fd st\u00f4l <strong>HT-531 OAK\u00a0<\/strong> prin\u00e1\u0161a jednoduch\u00fd a nad\u010dasov\u00fd design, ktor\u00fd sa hod\u00ed do ka\u017ed\u00e9ho interi\u00e9ru. <strong>MDF doska v dekore duba<\/strong> v matnom preveden\u00ed vytv\u00e1ra elegantn\u00fd kontrast s <strong>\u010diernymi kovov\u00fdmi nohami.<\/strong> St\u00f4l je pevn\u00fd, odoln\u00fd a poskytuje dostatok priestoru na <strong>pohodln\u00e9 stolovanie<\/strong> a\u017e pre \u0161es\u0165 os\u00f4b. Jeho obd\u013a\u017enikov\u00fd tvar a stabiln\u00e1 kon\u0161trukcia zais\u0165uj\u00fa maxim\u00e1lne pohodlie pri ka\u017edodennom pou\u017e\u00edvan\u00ed. V\u010faka svojmu industri\u00e1lnemu \u0161t\u00fdlu je ide\u00e1lnou vo\u013ebou nielen do modern\u00fdch kuch\u00fd\u0148 a jed\u00e1ln\u00ed, ale aj do kancel\u00e1rskych priestorov.<\/p>\n<p>Rozmery: 140 x 80 x 76cm<\/p>\n<p>Dod\u00e1van\u00e9 v demonte.<\/p>\n<table style=\"width: 100.173%; height: 311px;\">\n<tbody>\n<tr style=\"height: 52px;\">\n<td class=\"popis\" style=\"width: 41.3287%; height: 52px;\">\u0160\u00edrka (cm):<\/td>\n<td style=\"width: 58.4987%; height: 52px;\">140 cm<\/td>\n<\/tr>\n<tr style=\"height: 52px;\">\n<td class=\"popis\" style=\"width: 41.3287%; height: 52px;\">H\u013abka (cm):<\/td>\n<td style=\"width: 58.4987%; height: 52px;\">80 cm<\/td>\n<\/tr>\n<tr style=\"height: 52px;\">\n<td class=\"popis\" style=\"width: 41.3287%; height: 52px;\">V\u00fd\u0161ka (cm):<\/td>\n<td style=\"width: 58.4987%; height: 52px;\">76 cm<\/td>\n<\/tr>\n<tr style=\"height: 52px;\">\n<td style=\"width: 41.3287%; height: 52px;\">nohy:<\/td>\n<td style=\"width: 58.4987%; height: 52px;\">kov\/ \u010dierny mat<\/td>\n<\/tr>\n<tr style=\"height: 51px;\">\n<td style=\"width: 41.3287%; height: 51px;\">hmotnos\u0165:<\/td>\n<td style=\"width: 58.4987%; height: 51px;\">29 kg<\/td>\n<\/tr>\n<\/tbody>\n<\/table>\n","protected":false},"excerpt":{"rendered":"<p>Modern\u00fd jed\u00e1lensk\u00fd st\u00f4l HT-531 OAK\u00a0 prin\u00e1\u0161a jednoduch\u00fd a nad\u010dasov\u00fd design, ktor\u00fd sa hod\u00ed do ka\u017ed\u00e9ho interi\u00e9ru. MDF doska v dekore duba v matnom preveden\u00ed vytv\u00e1ra elegantn\u00fd kontrast s \u010diernymi kovov\u00fdmi nohami. St\u00f4l je pevn\u00fd, odoln\u00fd a poskytuje dostatok priestoru na pohodln\u00e9 stolovanie a\u017e pre \u0161es\u0165 os\u00f4b. Jeho obd\u013a\u017enikov\u00fd tvar a stabiln\u00e1 kon\u0161trukcia zais\u0165uj\u00fa maxim\u00e1lne pohodlie&#8230;<\/p>\n","protected":false},"featured_media":125364,"comment_status":"closed","ping_status":"closed","template":"","meta":{"_seopress_robots_primary_cat":"none","_seopress_titles_title":"","_seopress_titles_desc":"","_seopress_robots_index":""},"product_brand":[],"product_cat":[245,243],"product_tag":[],"class_list":{"0":"post-125361","1":"product","2":"type-product","3":"status-publish","4":"has-post-thumbnail","6":"product_cat-kovove-stoly","7":"product_cat-stoly","9":"first","10":"instock","11":"shipping-taxable","12":"purchasable","13":"product-type-simple"},"_links":{"self":[{"href":"https:\/\/nabytoklaguna.sk\/sk\/wp-json\/wp\/v2\/product\/125361","targetHints":{"allow":["GET"]}}],"collection":[{"href":"https:\/\/nabytoklaguna.sk\/sk\/wp-json\/wp\/v2\/product"}],"about":[{"href":"https:\/\/nabytoklaguna.sk\/sk\/wp-json\/wp\/v2\/types\/product"}],"replies":[{"embeddable":true,"href":"https:\/\/nabytoklaguna.sk\/sk\/wp-json\/wp\/v2\/comments?post=125361"}],"wp:featuredmedia":[{"embeddable":true,"href":"https:\/\/nabytoklaguna.sk\/sk\/wp-json\/wp\/v2\/media\/125364"}],"wp:attachment":[{"href":"https:\/\/nabytoklaguna.sk\/sk\/wp-json\/wp\/v2\/media?parent=125361"}],"wp:term":[{"taxonomy":"product_brand","embeddable":true,"href":"https:\/\/nabytoklaguna.sk\/sk\/wp-json\/wp\/v2\/product_brand?post=125361"},{"taxonomy":"product_cat","embeddable":true,"href":"https:\/\/nabytoklaguna.sk\/sk\/wp-json\/wp\/v2\/product_cat?post=125361"},{"taxonomy":"product_tag","embeddable":true,"href":"https:\/\/nabytoklaguna.sk\/sk\/wp-json\/wp\/v2\/product_tag?post=125361"}],"curies":[{"name":"wp","href":"https:\/\/api.w.org\/{rel}","templated":true}]}}