{"id":125406,"date":"2025-12-04T16:06:00","date_gmt":"2025-12-04T15:06:00","guid":{"rendered":"https:\/\/nabytoklaguna.sk\/sk\/?post_type=product&#038;p=125406"},"modified":"2026-01-15T00:56:34","modified_gmt":"2026-01-14T23:56:34","slug":"af-1184","status":"publish","type":"product","link":"https:\/\/nabytoklaguna.sk\/sk\/produkt\/af-1184\/","title":{"rendered":"AF-1184"},"content":{"rendered":"<p>Povzneste svoj priestor sofistikovan\u00fdm \u0161armom stola AF-1184, ktor\u00fd hladko preklenuje priepas\u0165 medzi estetikou a funk\u010dnos\u0165ou. Tento st\u00f4l, vyroben\u00fd s <strong>ov\u00e1lnou doskou z MDF<\/strong> v \u010disto bielej farbe, je stelesnen\u00edm \u0161kandin\u00e1vskej jednoduchosti a predstavuje univerz\u00e1lny doplnok do ka\u017edej kancel\u00e1rie, konferen\u010dnej miestnosti alebo dom\u00e1cnosti. Jeho \u010dist\u00e9 l\u00ednie a <strong>minimalistick\u00fd dizajn<\/strong> zais\u0165uj\u00fa, \u017ee sa bez n\u00e1mahy za\u010dlenia do r\u00f4znych interi\u00e9rov\u00fdch t\u00e9m, od profesion\u00e1lneho prostredia a\u017e po \u00fatuln\u00e9 jed\u00e1lne. Pod elegantn\u00fdm povrchom sa hrdo t\u00fd\u010dia tri robustn\u00e9 nohy vyroben\u00e9 z mas\u00edvneho dreva s pr\u00edrodnou povrchovou \u00fapravou. Tieto <strong>bambusov\u00e9 nohy<\/strong> nielen\u017ee dod\u00e1vaj\u00fa prvok organickej kr\u00e1sy, ale aj s\u013eubuj\u00fa bezkonkuren\u010dn\u00fa <strong>stabilitu a odolnos\u0165.<\/strong> Kombin\u00e1cia materi\u00e1lov MDF a bambusu predstavuje dokonal\u00fa rovnov\u00e1hu medzi \u013eahk\u00fdm <strong>dizajnom a dlhotrvaj\u00facou pevnos\u0165ou,<\/strong> ktor\u00e1 vyhovuje po\u017eiadavk\u00e1m r\u00fdchleho pracovn\u00e9ho prostredia aj \u017eiv\u00e9ho rodinn\u00e9ho stolovania. Tento st\u00f4l dok\u00e1\u017ee viac ne\u017e len elegantne st\u00e1\u0165 v miestnosti; nab\u00e1da k pohodliu, podporuje spolupr\u00e1cu a \u013eahko odol\u00e1va ka\u017edodenn\u00e9mu pou\u017e\u00edvaniu. Jeho povrch sa pozoruhodne \u013eahko udr\u017euje, jednoduch\u00fdm utret\u00edm sa obnov\u00ed jeho \u017eiariv\u00fd lesk, tak\u017ee je ide\u00e1lny pre prostredie, kde je \u010das drah\u00fd.<\/p>\n<p>Rozmery \u0161 x h x v: 120 x 60 x 45 cm<\/p>\n<p>Dod\u00e1van\u00e9 v demonte<\/p>\n","protected":false},"excerpt":{"rendered":"<p>Povzneste svoj priestor sofistikovan\u00fdm \u0161armom stola AF-1184, ktor\u00fd hladko preklenuje priepas\u0165 medzi estetikou a funk\u010dnos\u0165ou. Tento st\u00f4l, vyroben\u00fd s ov\u00e1lnou doskou z MDF v \u010disto bielej farbe, je stelesnen\u00edm \u0161kandin\u00e1vskej jednoduchosti a predstavuje univerz\u00e1lny doplnok do ka\u017edej kancel\u00e1rie, konferen\u010dnej miestnosti alebo dom\u00e1cnosti. Jeho \u010dist\u00e9 l\u00ednie a minimalistick\u00fd dizajn zais\u0165uj\u00fa, \u017ee sa bez n\u00e1mahy za\u010dlenia do&#8230;<\/p>\n","protected":false},"featured_media":125409,"comment_status":"closed","ping_status":"closed","template":"","meta":{"_seopress_robots_primary_cat":"","_seopress_titles_title":"","_seopress_titles_desc":"","_seopress_robots_index":""},"product_brand":[],"product_cat":[221],"product_tag":[],"class_list":{"0":"post-125406","1":"product","2":"type-product","3":"status-publish","4":"has-post-thumbnail","6":"product_cat-konferencne-stoliky","8":"first","9":"instock","10":"shipping-taxable","11":"purchasable","12":"product-type-simple"},"_links":{"self":[{"href":"https:\/\/nabytoklaguna.sk\/sk\/wp-json\/wp\/v2\/product\/125406","targetHints":{"allow":["GET"]}}],"collection":[{"href":"https:\/\/nabytoklaguna.sk\/sk\/wp-json\/wp\/v2\/product"}],"about":[{"href":"https:\/\/nabytoklaguna.sk\/sk\/wp-json\/wp\/v2\/types\/product"}],"replies":[{"embeddable":true,"href":"https:\/\/nabytoklaguna.sk\/sk\/wp-json\/wp\/v2\/comments?post=125406"}],"wp:featuredmedia":[{"embeddable":true,"href":"https:\/\/nabytoklaguna.sk\/sk\/wp-json\/wp\/v2\/media\/125409"}],"wp:attachment":[{"href":"https:\/\/nabytoklaguna.sk\/sk\/wp-json\/wp\/v2\/media?parent=125406"}],"wp:term":[{"taxonomy":"product_brand","embeddable":true,"href":"https:\/\/nabytoklaguna.sk\/sk\/wp-json\/wp\/v2\/product_brand?post=125406"},{"taxonomy":"product_cat","embeddable":true,"href":"https:\/\/nabytoklaguna.sk\/sk\/wp-json\/wp\/v2\/product_cat?post=125406"},{"taxonomy":"product_tag","embeddable":true,"href":"https:\/\/nabytoklaguna.sk\/sk\/wp-json\/wp\/v2\/product_tag?post=125406"}],"curies":[{"name":"wp","href":"https:\/\/api.w.org\/{rel}","templated":true}]}}