{"id":125455,"date":"2025-12-09T11:05:31","date_gmt":"2025-12-09T10:05:31","guid":{"rendered":"https:\/\/nabytoklaguna.sk\/sk\/?post_type=product&#038;p=125455"},"modified":"2026-04-14T16:50:01","modified_gmt":"2026-04-14T14:50:01","slug":"ht-f4416","status":"publish","type":"product","link":"https:\/\/nabytoklaguna.sk\/sk\/produkt\/ht-f4416\/","title":{"rendered":"HT-F4416"},"content":{"rendered":"<p>Objavte stelesnenie luxusu s jed\u00e1lensk\u00fdm stolom, v ktorom sn\u00fabime vkusnos\u0165 s \u00fa\u017eitkom. Tento jed\u00e1lensk\u00fd st\u00f4l <strong>HT-F4416<\/strong>\u00a0v dekore divok\u00e9ho duba vn\u00e1\u0161a do interi\u00e9ru rustik\u00e1lne k\u00fazlo s modern\u00fdm n\u00e1dychom. Obd\u013a\u017enikov\u00e1 doska z kvalitn\u00e9ho MDF materi\u00e1lu imituje vzh\u013ead opracovan\u00e9ho dreva a prid\u00e1va priestoru na autentickosti a teple. \u010cierne kovov\u00e9 nohy prid\u00e1vaj\u00fa industri\u00e1lny kontrast a zais\u0165uj\u00fa pevnos\u0165 a stabilitu. Svoj\u00edm nad\u010dasov\u00fdm dizajnom a praktick\u00fdmi rozmermi 130x80x75 cm sa tento st\u00f4l hod\u00ed do r\u00f4znych \u0161t\u00fdlov jed\u00e1ln\u00ed a kuch\u00fd\u0148. Vyberte si tento elegantn\u00fd a odoln\u00fd st\u00f4l\u00a0 a doprajte si pohodln\u00e9 rodinn\u00e9 stolovanie.<\/p>\n<p>Rozmery: 160 x 90 x 75cm<\/p>\n<p>Dod\u00e1van\u00e9 v demonte.<\/p>\n<table style=\"width: 100.173%; height: 311px;\">\n<tbody>\n<tr style=\"height: 52px;\">\n<td class=\"popis\" style=\"width: 41.3287%; height: 52px;\">\u0160\u00edrka (cm):<\/td>\n<td style=\"width: 58.4987%; height: 52px;\">160 cm<\/td>\n<\/tr>\n<tr style=\"height: 52px;\">\n<td class=\"popis\" style=\"width: 41.3287%; height: 52px;\">H\u013abka (cm):<\/td>\n<td style=\"width: 58.4987%; height: 52px;\">90 cm<\/td>\n<\/tr>\n<tr style=\"height: 52px;\">\n<td class=\"popis\" style=\"width: 41.3287%; height: 52px;\">V\u00fd\u0161ka (cm):<\/td>\n<td style=\"width: 58.4987%; height: 52px;\">75 cm<\/td>\n<\/tr>\n<tr style=\"height: 52px;\">\n<td style=\"width: 41.3287%; height: 52px;\">nohy:<\/td>\n<td style=\"width: 58.4987%; height: 52px;\">kov\/ \u010dierny mat<\/td>\n<\/tr>\n<tr style=\"height: 51px;\">\n<td style=\"width: 41.3287%; height: 51px;\">hmotnos\u0165:<\/td>\n<td style=\"width: 58.4987%; height: 51px;\">30 kg<\/td>\n<\/tr>\n<\/tbody>\n<\/table>\n","protected":false},"excerpt":{"rendered":"<p>Objavte stelesnenie luxusu s jed\u00e1lensk\u00fdm stolom, v ktorom sn\u00fabime vkusnos\u0165 s \u00fa\u017eitkom. Tento jed\u00e1lensk\u00fd st\u00f4l HT-F4416\u00a0v dekore divok\u00e9ho duba vn\u00e1\u0161a do interi\u00e9ru rustik\u00e1lne k\u00fazlo s modern\u00fdm n\u00e1dychom. Obd\u013a\u017enikov\u00e1 doska z kvalitn\u00e9ho MDF materi\u00e1lu imituje vzh\u013ead opracovan\u00e9ho dreva a prid\u00e1va priestoru na autentickosti a teple. \u010cierne kovov\u00e9 nohy prid\u00e1vaj\u00fa industri\u00e1lny kontrast a zais\u0165uj\u00fa pevnos\u0165 a stabilitu&#8230;.<\/p>\n","protected":false},"featured_media":125460,"comment_status":"closed","ping_status":"closed","template":"","meta":{"_seopress_robots_primary_cat":"none","_seopress_titles_title":"","_seopress_titles_desc":"","_seopress_robots_index":""},"product_brand":[],"product_cat":[245,243],"product_tag":[],"class_list":{"0":"post-125455","1":"product","2":"type-product","3":"status-publish","4":"has-post-thumbnail","6":"product_cat-kovove-stoly","7":"product_cat-stoly","8":"pa_farba-grey","9":"pa_farba-oak","10":"pa_farba-olw","12":"first","13":"instock","14":"sale","15":"shipping-taxable","16":"purchasable","17":"product-type-variable"},"_links":{"self":[{"href":"https:\/\/nabytoklaguna.sk\/sk\/wp-json\/wp\/v2\/product\/125455","targetHints":{"allow":["GET"]}}],"collection":[{"href":"https:\/\/nabytoklaguna.sk\/sk\/wp-json\/wp\/v2\/product"}],"about":[{"href":"https:\/\/nabytoklaguna.sk\/sk\/wp-json\/wp\/v2\/types\/product"}],"replies":[{"embeddable":true,"href":"https:\/\/nabytoklaguna.sk\/sk\/wp-json\/wp\/v2\/comments?post=125455"}],"wp:featuredmedia":[{"embeddable":true,"href":"https:\/\/nabytoklaguna.sk\/sk\/wp-json\/wp\/v2\/media\/125460"}],"wp:attachment":[{"href":"https:\/\/nabytoklaguna.sk\/sk\/wp-json\/wp\/v2\/media?parent=125455"}],"wp:term":[{"taxonomy":"product_brand","embeddable":true,"href":"https:\/\/nabytoklaguna.sk\/sk\/wp-json\/wp\/v2\/product_brand?post=125455"},{"taxonomy":"product_cat","embeddable":true,"href":"https:\/\/nabytoklaguna.sk\/sk\/wp-json\/wp\/v2\/product_cat?post=125455"},{"taxonomy":"product_tag","embeddable":true,"href":"https:\/\/nabytoklaguna.sk\/sk\/wp-json\/wp\/v2\/product_tag?post=125455"}],"curies":[{"name":"wp","href":"https:\/\/api.w.org\/{rel}","templated":true}]}}