{"id":12552,"date":"2021-02-22T16:54:36","date_gmt":"2021-02-22T15:54:36","guid":{"rendered":"http:\/\/nabytoklaguna.sk\/sk\/?post_type=product&#038;p=12552"},"modified":"2025-09-02T12:24:20","modified_gmt":"2025-09-02T10:24:20","slug":"k-amalia-predsien","status":"publish","type":"product","link":"https:\/\/nabytoklaguna.sk\/sk\/produkt\/k-amalia-predsien\/","title":{"rendered":"K AMALIA predsie\u0148"},"content":{"rendered":"<p>Predsie\u0148ov\u00e1 zostava, ktor\u00e1 V\u00e1s zaujme najm\u00e4 svoj\u00edm jednoduch\u00fdm dizajnom. Vyroben\u00e1 z kvalitnej laminovanej DTD. Predsie\u0148 obsahuje skri\u0148u s ve\u0161iakovou ty\u010dou, ve\u0161iakov\u00fd panel s poli\u010dkou, zrkadlo a\u00a0 dve skrinky na top\u00e1nky<\/p>\n<p>Mo\u017enos\u0165 v\u00fdberu farebn\u00e9ho prevedenia:<\/p>\n<ul>\n<li>Dub sonoma\/biela<\/li>\n<li>Dub sonoma<\/li>\n<li>Biela<\/li>\n<li>Dub wotan\/biela<\/li>\n<\/ul>\n<p><img loading=\"lazy\" decoding=\"async\" class=\"alignnone size-full wp-image-12165\" src=\"http:\/\/nabytoklaguna.sk\/sk\/wp-content\/uploads\/2017\/03\/slovensk\u00fd-znak-14.png\" alt=\"\" width=\"126\" height=\"126\" srcset=\"https:\/\/nabytoklaguna.sk\/sk\/wp-content\/uploads\/2017\/03\/slovensk\u00fd-znak-14.png 126w, https:\/\/nabytoklaguna.sk\/sk\/wp-content\/uploads\/2017\/03\/slovensk\u00fd-znak-14-100x100.png 100w\" sizes=\"auto, (max-width: 126px) 100vw, 126px\" \/><\/p>\n<p>ROZMER<\/p>\n<p>\u0160\u00edrka: 144 cm<\/p>\n<p>H\u013abka: 29 cm<\/p>\n<p>V\u00fd\u0161ka: 188 cm<\/p>\n","protected":false},"excerpt":{"rendered":"<p>Predsie\u0148ov\u00e1 zostava, ktor\u00e1 V\u00e1s zaujme najm\u00e4 svoj\u00edm jednoduch\u00fdm dizajnom. Vyroben\u00e1 z kvalitnej laminovanej DTD. Predsie\u0148 obsahuje skri\u0148u s ve\u0161iakovou ty\u010dou, ve\u0161iakov\u00fd panel s poli\u010dkou, zrkadlo a\u00a0 dve skrinky na top\u00e1nky Mo\u017enos\u0165 v\u00fdberu farebn\u00e9ho prevedenia: Dub sonoma\/biela Dub sonoma Biela Dub wotan\/biela ROZMER \u0160\u00edrka: 144 cm H\u013abka: 29 cm V\u00fd\u0161ka: 188 cm<\/p>\n","protected":false},"featured_media":63663,"comment_status":"closed","ping_status":"closed","template":"","meta":{"_seopress_robots_primary_cat":"257","_seopress_titles_title":"","_seopress_titles_desc":"","_seopress_robots_index":""},"product_brand":[],"product_cat":[2139,6943,257],"product_tag":[],"class_list":{"0":"post-12552","1":"product","2":"type-product","3":"status-publish","4":"has-post-thumbnail","6":"product_cat-predsiene-predsiene","7":"product_cat-predsiene-zostavy","8":"product_cat-predsiene","9":"pa_farba-biela","10":"pa_farba-biela-dub-wotan","11":"pa_farba-dub-sonoma","12":"pa_farba-dub-sonomabiela","14":"first","15":"onbackorder","16":"shipping-taxable","17":"purchasable","18":"product-type-variable"},"_links":{"self":[{"href":"https:\/\/nabytoklaguna.sk\/sk\/wp-json\/wp\/v2\/product\/12552","targetHints":{"allow":["GET"]}}],"collection":[{"href":"https:\/\/nabytoklaguna.sk\/sk\/wp-json\/wp\/v2\/product"}],"about":[{"href":"https:\/\/nabytoklaguna.sk\/sk\/wp-json\/wp\/v2\/types\/product"}],"replies":[{"embeddable":true,"href":"https:\/\/nabytoklaguna.sk\/sk\/wp-json\/wp\/v2\/comments?post=12552"}],"wp:featuredmedia":[{"embeddable":true,"href":"https:\/\/nabytoklaguna.sk\/sk\/wp-json\/wp\/v2\/media\/63663"}],"wp:attachment":[{"href":"https:\/\/nabytoklaguna.sk\/sk\/wp-json\/wp\/v2\/media?parent=12552"}],"wp:term":[{"taxonomy":"product_brand","embeddable":true,"href":"https:\/\/nabytoklaguna.sk\/sk\/wp-json\/wp\/v2\/product_brand?post=12552"},{"taxonomy":"product_cat","embeddable":true,"href":"https:\/\/nabytoklaguna.sk\/sk\/wp-json\/wp\/v2\/product_cat?post=12552"},{"taxonomy":"product_tag","embeddable":true,"href":"https:\/\/nabytoklaguna.sk\/sk\/wp-json\/wp\/v2\/product_tag?post=12552"}],"curies":[{"name":"wp","href":"https:\/\/api.w.org\/{rel}","templated":true}]}}