{"id":125548,"date":"2025-12-18T12:51:10","date_gmt":"2025-12-18T11:51:10","guid":{"rendered":"https:\/\/nabytoklaguna.sk\/sk\/?post_type=product&#038;p=125548"},"modified":"2025-12-18T12:59:03","modified_gmt":"2025-12-18T11:59:03","slug":"postel-180x200-s-uloznym-priestorom-santola","status":"publish","type":"product","link":"https:\/\/nabytoklaguna.sk\/sk\/produkt\/postel-180x200-s-uloznym-priestorom-santola\/","title":{"rendered":"poste\u013e 180&#215;200 s \u00falo\u017en\u00fdm priestorom SANTOLA"},"content":{"rendered":"<p>Do sp\u00e1lne jednozna\u010dne patr\u00ed kvalitn\u00e1 poste\u013e. Ak n\u00e1jdete svoju\u00a0<em>srdcovku<\/em>, m\u00e1te vyhrat\u00e9. R\u00e1no budete vst\u00e1va\u0165 vyspat\u00ed a pln\u00ed energie. Poste\u013e by preto mala by\u0165 dostato\u010dne ve\u013ek\u00e1 a pohodln\u00e1.<\/p>\n<p>Luxusn\u00e1 poste\u013e\u00a0<b>SANTOLA<\/b>\u00a0nesie v\u0161etky prvky\u00a0<b>modern\u00e9ho dizajnu<\/b>.\u00a0<b>Siv\u00e1 l\u00e1tka<\/b>\u00a0je pr\u00edjemn\u00e1 na dotyk. Poste\u013e stoj\u00ed na\u00a0<b>stabiln\u00fdch noh\u00e1ch v preveden\u00ed wenge<\/b>.\u00a0<b>Vysok\u00e9 pre\u0161\u00edvan\u00e9 \u010delo<\/b>\u00a0je \u010dal\u00fanen\u00e9 sivou l\u00e1tkou. Oprite sa a za\u010d\u00edtajte sa do ob\u013e\u00fabenej knihy. S\u00fa\u010das\u0165ou postele je\u00a0<b>praktick\u00fd \u00falo\u017en\u00fd priestor<\/b>\u00a0vo forme\u00a0<b>ve\u013ekej z\u00e1suvky<\/b>. U\u017e si nebudete musie\u0165 l\u00e1ma\u0165 hlavu nad t\u00fdm, kde ulo\u017e\u00edte\u00a0<b>nepotrebn\u00e9 veci<\/b>. Poste\u013e sa dod\u00e1va s\u00a0<b>rolovan\u00fdm ro\u0161tom<\/b>.<\/p>\n<ul>\n<li><b>Materi\u00e1l:<\/b>\u00a0l\u00e1tka\/drevo<\/li>\n<li>Oderuodolnos\u0165 text\u00edlie pod\u013ea testu Martindale: 100 000 oderov<\/li>\n<li><b>Farba:\u00a0<\/b>siv\u00e1\/wenge<\/li>\n<li><b>Rozmery (\u0160xHxV):<\/b>\u00a0185x217x118 cm<\/li>\n<li><b>Plocha spania (\u0160xD):<\/b>\u00a0180&#215;200 cm<\/li>\n<li><b>V\u00fd\u0161ka po ro\u0161t:<\/b>\u00a033,4 cm<\/li>\n<li><b>Nosnos\u0165:<\/b>\u00a0110 kg<\/li>\n<li><b>Rozmery \u00falo\u017en\u00e9ho priestoru (\u0160xHxV):<\/b>\u00a0158x52x20 cm<\/li>\n<li>Vysok\u00e9 pre\u0161\u00edvan\u00e9 \u010delo<\/li>\n<li>Dod\u00e1van\u00e9 s \u00falo\u017en\u00fdm priestorom a rolovan\u00fdm ro\u0161tom<\/li>\n<li>Mo\u017enos\u0165 dok\u00fapenia matraca<\/li>\n<li>Dod\u00e1van\u00e9 v demonte<\/li>\n<\/ul>\n<p>&nbsp;<\/p>\n<p>&nbsp;<\/p>\n<p>&nbsp;<\/p>\n","protected":false},"excerpt":{"rendered":"<p>Do sp\u00e1lne jednozna\u010dne patr\u00ed kvalitn\u00e1 poste\u013e. Ak n\u00e1jdete svoju\u00a0srdcovku, m\u00e1te vyhrat\u00e9. R\u00e1no budete vst\u00e1va\u0165 vyspat\u00ed a pln\u00ed energie. Poste\u013e by preto mala by\u0165 dostato\u010dne ve\u013ek\u00e1 a pohodln\u00e1. Luxusn\u00e1 poste\u013e\u00a0SANTOLA\u00a0nesie v\u0161etky prvky\u00a0modern\u00e9ho dizajnu.\u00a0Siv\u00e1 l\u00e1tka\u00a0je pr\u00edjemn\u00e1 na dotyk. Poste\u013e stoj\u00ed na\u00a0stabiln\u00fdch noh\u00e1ch v preveden\u00ed wenge.\u00a0Vysok\u00e9 pre\u0161\u00edvan\u00e9 \u010delo\u00a0je \u010dal\u00fanen\u00e9 sivou l\u00e1tkou. Oprite sa a za\u010d\u00edtajte sa do ob\u013e\u00fabenej&#8230;<\/p>\n","protected":false},"featured_media":125550,"comment_status":"closed","ping_status":"closed","template":"","meta":{"_seopress_robots_primary_cat":"223","_seopress_titles_title":"","_seopress_titles_desc":"","_seopress_robots_index":""},"product_brand":[],"product_cat":[4012,223,228],"product_tag":[],"class_list":{"0":"post-125548","1":"product","2":"type-product","3":"status-publish","4":"has-post-thumbnail","6":"product_cat-postele","7":"product_cat-spalne","8":"product_cat-calunene-postele","9":"pa_typ-produktu-bez-rostu-a-ulozneho-priestoru","10":"pa_typ-produktu-s-rostom","11":"pa_typ-produktu-s-rostom-a-uloznym-priestorom","13":"first","14":"instock","15":"sale","16":"shipping-taxable","17":"purchasable","18":"product-type-simple"},"_links":{"self":[{"href":"https:\/\/nabytoklaguna.sk\/sk\/wp-json\/wp\/v2\/product\/125548","targetHints":{"allow":["GET"]}}],"collection":[{"href":"https:\/\/nabytoklaguna.sk\/sk\/wp-json\/wp\/v2\/product"}],"about":[{"href":"https:\/\/nabytoklaguna.sk\/sk\/wp-json\/wp\/v2\/types\/product"}],"replies":[{"embeddable":true,"href":"https:\/\/nabytoklaguna.sk\/sk\/wp-json\/wp\/v2\/comments?post=125548"}],"wp:featuredmedia":[{"embeddable":true,"href":"https:\/\/nabytoklaguna.sk\/sk\/wp-json\/wp\/v2\/media\/125550"}],"wp:attachment":[{"href":"https:\/\/nabytoklaguna.sk\/sk\/wp-json\/wp\/v2\/media?parent=125548"}],"wp:term":[{"taxonomy":"product_brand","embeddable":true,"href":"https:\/\/nabytoklaguna.sk\/sk\/wp-json\/wp\/v2\/product_brand?post=125548"},{"taxonomy":"product_cat","embeddable":true,"href":"https:\/\/nabytoklaguna.sk\/sk\/wp-json\/wp\/v2\/product_cat?post=125548"},{"taxonomy":"product_tag","embeddable":true,"href":"https:\/\/nabytoklaguna.sk\/sk\/wp-json\/wp\/v2\/product_tag?post=125548"}],"curies":[{"name":"wp","href":"https:\/\/api.w.org\/{rel}","templated":true}]}}