{"id":125560,"date":"2025-12-18T16:23:07","date_gmt":"2025-12-18T15:23:07","guid":{"rendered":"https:\/\/nabytoklaguna.sk\/sk\/?post_type=product&#038;p=125560"},"modified":"2025-12-18T16:36:19","modified_gmt":"2025-12-18T15:36:19","slug":"at-3009at","status":"publish","type":"product","link":"https:\/\/nabytoklaguna.sk\/sk\/produkt\/at-3009at\/","title":{"rendered":"AT-3009WT"},"content":{"rendered":"<p>Modern\u00fd <strong>rozkladac\u00ed jed\u00e1lensk\u00fd st\u00f4l<\/strong> AT-3009 WT v bielom preveden\u00ed s<strong> vysok\u00fdm leskom.<\/strong><\/p>\n<p>V\u010faka svojmu vzh\u013eadu o\u017eiv\u00ed\u00a0 ka\u017ed\u00fd <strong>modern\u00fd interi\u00e9r<\/strong> a hod\u00ed sa ku v\u0161etk\u00fdm modern\u00fdm stoli\u010dk\u00e1m. Majest\u00e1tnos\u0165 stola zaru\u010duj\u00fa h<strong>rub\u00e9 10 cm\u00a0 \u0161irok\u00e9 nohy<\/strong> a stolov\u00fd <strong>pl\u00e1t s hr\u00fabkou 4 cm.<\/strong><\/p>\n<p>Prevedenie<span style=\"font-size: 15.008px;\">: MDF, biela, vo vysokom lesku<\/span><\/p>\n<p>Rozmery: \u0161 x h x v: 120 + 40 x 90 x 76 cm<\/p>\n","protected":false},"excerpt":{"rendered":"<p>Modern\u00fd rozkladac\u00ed jed\u00e1lensk\u00fd st\u00f4l AT-3009 WT v bielom preveden\u00ed s vysok\u00fdm leskom. V\u010faka svojmu vzh\u013eadu o\u017eiv\u00ed\u00a0 ka\u017ed\u00fd modern\u00fd interi\u00e9r a hod\u00ed sa ku v\u0161etk\u00fdm modern\u00fdm stoli\u010dk\u00e1m. Majest\u00e1tnos\u0165 stola zaru\u010duj\u00fa hrub\u00e9 10 cm\u00a0 \u0161irok\u00e9 nohy a stolov\u00fd pl\u00e1t s hr\u00fabkou 4 cm. Prevedenie: MDF, biela, vo vysokom lesku Rozmery: \u0161 x h x v: 120 +&#8230;<\/p>\n","protected":false},"featured_media":125561,"comment_status":"closed","ping_status":"closed","template":"","meta":{"_seopress_robots_primary_cat":"none","_seopress_titles_title":"","_seopress_titles_desc":"","_seopress_robots_index":""},"product_brand":[],"product_cat":[4719],"product_tag":[],"class_list":{"0":"post-125560","1":"product","2":"type-product","3":"status-publish","4":"has-post-thumbnail","6":"product_cat-jedalenske-stoly","8":"first","9":"onbackorder","10":"sale","11":"shipping-taxable","12":"purchasable","13":"product-type-simple"},"_links":{"self":[{"href":"https:\/\/nabytoklaguna.sk\/sk\/wp-json\/wp\/v2\/product\/125560","targetHints":{"allow":["GET"]}}],"collection":[{"href":"https:\/\/nabytoklaguna.sk\/sk\/wp-json\/wp\/v2\/product"}],"about":[{"href":"https:\/\/nabytoklaguna.sk\/sk\/wp-json\/wp\/v2\/types\/product"}],"replies":[{"embeddable":true,"href":"https:\/\/nabytoklaguna.sk\/sk\/wp-json\/wp\/v2\/comments?post=125560"}],"wp:featuredmedia":[{"embeddable":true,"href":"https:\/\/nabytoklaguna.sk\/sk\/wp-json\/wp\/v2\/media\/125561"}],"wp:attachment":[{"href":"https:\/\/nabytoklaguna.sk\/sk\/wp-json\/wp\/v2\/media?parent=125560"}],"wp:term":[{"taxonomy":"product_brand","embeddable":true,"href":"https:\/\/nabytoklaguna.sk\/sk\/wp-json\/wp\/v2\/product_brand?post=125560"},{"taxonomy":"product_cat","embeddable":true,"href":"https:\/\/nabytoklaguna.sk\/sk\/wp-json\/wp\/v2\/product_cat?post=125560"},{"taxonomy":"product_tag","embeddable":true,"href":"https:\/\/nabytoklaguna.sk\/sk\/wp-json\/wp\/v2\/product_tag?post=125560"}],"curies":[{"name":"wp","href":"https:\/\/api.w.org\/{rel}","templated":true}]}}