{"id":125562,"date":"2025-12-18T16:39:55","date_gmt":"2025-12-18T15:39:55","guid":{"rendered":"https:\/\/nabytoklaguna.sk\/sk\/?post_type=product&#038;p=125562"},"modified":"2025-12-18T16:57:19","modified_gmt":"2025-12-18T15:57:19","slug":"negro","status":"publish","type":"product","link":"https:\/\/nabytoklaguna.sk\/sk\/produkt\/negro\/","title":{"rendered":"Negro"},"content":{"rendered":"<p>Rohov\u00e1 kuchynsk\u00e1 linka <strong>NEGRO<\/strong> v modernom preveden\u00ed s rozmerom 230 \u00d7 230 cm.\u00a0 Korpus DTDL \u2013 hr\u00fabka 18 mm, dvierka MDF f\u00f3lia s vysok\u00fdm leskom. \u00a0<strong>Pracovn\u00e1 doska ZDARMA<\/strong><\/p>\n","protected":false},"excerpt":{"rendered":"<p>Rohov\u00e1 kuchynsk\u00e1 linka NEGRO v modernom preveden\u00ed s rozmerom 230 \u00d7 230 cm.\u00a0 Korpus DTDL \u2013 hr\u00fabka 18 mm, dvierka MDF f\u00f3lia s vysok\u00fdm leskom. \u00a0Pracovn\u00e1 doska ZDARMA<\/p>\n","protected":false},"featured_media":125564,"comment_status":"closed","ping_status":"closed","template":"","meta":{"_seopress_robots_primary_cat":"177","_seopress_titles_title":"","_seopress_titles_desc":"","_seopress_robots_index":""},"product_brand":[],"product_cat":[177],"product_tag":[],"class_list":{"0":"post-125562","1":"product","2":"type-product","3":"status-publish","4":"has-post-thumbnail","6":"product_cat-kuchyne-top","8":"first","9":"onbackorder","10":"sale","11":"shipping-taxable","12":"purchasable","13":"product-type-simple"},"_links":{"self":[{"href":"https:\/\/nabytoklaguna.sk\/sk\/wp-json\/wp\/v2\/product\/125562","targetHints":{"allow":["GET"]}}],"collection":[{"href":"https:\/\/nabytoklaguna.sk\/sk\/wp-json\/wp\/v2\/product"}],"about":[{"href":"https:\/\/nabytoklaguna.sk\/sk\/wp-json\/wp\/v2\/types\/product"}],"replies":[{"embeddable":true,"href":"https:\/\/nabytoklaguna.sk\/sk\/wp-json\/wp\/v2\/comments?post=125562"}],"wp:featuredmedia":[{"embeddable":true,"href":"https:\/\/nabytoklaguna.sk\/sk\/wp-json\/wp\/v2\/media\/125564"}],"wp:attachment":[{"href":"https:\/\/nabytoklaguna.sk\/sk\/wp-json\/wp\/v2\/media?parent=125562"}],"wp:term":[{"taxonomy":"product_brand","embeddable":true,"href":"https:\/\/nabytoklaguna.sk\/sk\/wp-json\/wp\/v2\/product_brand?post=125562"},{"taxonomy":"product_cat","embeddable":true,"href":"https:\/\/nabytoklaguna.sk\/sk\/wp-json\/wp\/v2\/product_cat?post=125562"},{"taxonomy":"product_tag","embeddable":true,"href":"https:\/\/nabytoklaguna.sk\/sk\/wp-json\/wp\/v2\/product_tag?post=125562"}],"curies":[{"name":"wp","href":"https:\/\/api.w.org\/{rel}","templated":true}]}}