{"id":125568,"date":"2025-12-19T15:33:49","date_gmt":"2025-12-19T14:33:49","guid":{"rendered":"https:\/\/nabytoklaguna.sk\/sk\/?post_type=product&#038;p=125568"},"modified":"2025-12-30T13:55:58","modified_gmt":"2025-12-30T12:55:58","slug":"elisa","status":"publish","type":"product","link":"https:\/\/nabytoklaguna.sk\/sk\/produkt\/elisa\/","title":{"rendered":"ELISA"},"content":{"rendered":"<p>Modern\u00e1 kuchynsk\u00e1 linka vysokej kvality.<strong>\u00a0<\/strong>Korpus DTDL<strong> Dub sonoma<\/strong> o hr\u00fabke 18 mm, dvierka <strong>MDF akryl leskl\u00e1 b\u00e9\u017eov\u00e1.\u00a0<\/strong>\u00a0<strong>SLOVENSK\u00dd V\u00ddROBOK<\/strong> pr\u00e9miovej kvality. Cena je za z\u00e1kladn\u00fa zostavu na predajni o rozmere 300 cm.<strong> Pracovn\u00e1 doska<\/strong> je k akciov\u00e9mu bloku <strong>ZDARMA<\/strong>.<\/p>\n<p>Vyobrazen\u00e1 zostava obsahuje skrinky:<\/p>\n<p>2xD-90\/82-2Z<\/p>\n<p>1xD-60\/207 P\/L<\/p>\n<p>1xDP-60\/207 P\/L<\/p>\n<p>2xH20-90\/72<\/p>\n<p>&nbsp;<\/p>\n","protected":false},"excerpt":{"rendered":"<p><img loading=\"lazy\" decoding=\"async\" class=\"alignnone size-full wp-image-7832\" src=\"http:\/\/nabytoklaguna.sk\/sk\/wp-content\/uploads\/2017\/02\/Premium.png\" alt=\"\" width=\"140\" height=\"140\" srcset=\"https:\/\/nabytoklaguna.sk\/sk\/wp-content\/uploads\/2017\/02\/Premium.png 140w, https:\/\/nabytoklaguna.sk\/sk\/wp-content\/uploads\/2017\/02\/Premium-100x100.png 100w\" sizes=\"auto, (max-width: 140px) 100vw, 140px\" \/><img loading=\"lazy\" decoding=\"async\" class=\"alignnone size-full wp-image-7743\" src=\"http:\/\/nabytoklaguna.sk\/sk\/wp-content\/uploads\/2017\/02\/slovensk\u00fd-znak.png\" alt=\"\" width=\"126\" height=\"126\" srcset=\"https:\/\/nabytoklaguna.sk\/sk\/wp-content\/uploads\/2017\/02\/slovensk\u00fd-znak.png 126w, https:\/\/nabytoklaguna.sk\/sk\/wp-content\/uploads\/2017\/02\/slovensk\u00fd-znak-100x100.png 100w\" sizes=\"auto, (max-width: 126px) 100vw, 126px\" \/><a href=\"http:\/\/mail to: nabytok.laguna@zoznam.sk\"><img loading=\"lazy\" decoding=\"async\" class=\"alignnone size-full wp-image-7496\" src=\"http:\/\/nabytoklaguna.sk\/sk\/wp-content\/uploads\/2017\/02\/N\u00e1vrh-2.png\" alt=\"\" width=\"366\" height=\"107\" \/><\/a><\/p>\n","protected":false},"featured_media":42900,"comment_status":"closed","ping_status":"closed","template":"","meta":{"_seopress_robots_primary_cat":"412","_seopress_titles_title":"","_seopress_titles_desc":"","_seopress_robots_index":""},"product_brand":[],"product_cat":[177,176],"product_tag":[],"class_list":{"0":"post-125568","1":"product","2":"type-product","3":"status-publish","4":"has-post-thumbnail","6":"product_cat-kuchyne-top","7":"product_cat-kuchyne","9":"first","10":"onbackorder","11":"sale","12":"shipping-taxable","13":"purchasable","14":"product-type-simple"},"_links":{"self":[{"href":"https:\/\/nabytoklaguna.sk\/sk\/wp-json\/wp\/v2\/product\/125568","targetHints":{"allow":["GET"]}}],"collection":[{"href":"https:\/\/nabytoklaguna.sk\/sk\/wp-json\/wp\/v2\/product"}],"about":[{"href":"https:\/\/nabytoklaguna.sk\/sk\/wp-json\/wp\/v2\/types\/product"}],"replies":[{"embeddable":true,"href":"https:\/\/nabytoklaguna.sk\/sk\/wp-json\/wp\/v2\/comments?post=125568"}],"wp:featuredmedia":[{"embeddable":true,"href":"https:\/\/nabytoklaguna.sk\/sk\/wp-json\/wp\/v2\/media\/42900"}],"wp:attachment":[{"href":"https:\/\/nabytoklaguna.sk\/sk\/wp-json\/wp\/v2\/media?parent=125568"}],"wp:term":[{"taxonomy":"product_brand","embeddable":true,"href":"https:\/\/nabytoklaguna.sk\/sk\/wp-json\/wp\/v2\/product_brand?post=125568"},{"taxonomy":"product_cat","embeddable":true,"href":"https:\/\/nabytoklaguna.sk\/sk\/wp-json\/wp\/v2\/product_cat?post=125568"},{"taxonomy":"product_tag","embeddable":true,"href":"https:\/\/nabytoklaguna.sk\/sk\/wp-json\/wp\/v2\/product_tag?post=125568"}],"curies":[{"name":"wp","href":"https:\/\/api.w.org\/{rel}","templated":true}]}}