{"id":125628,"date":"2026-01-16T16:40:27","date_gmt":"2026-01-16T15:40:27","guid":{"rendered":"https:\/\/nabytoklaguna.sk\/sk\/?post_type=product&#038;p=125628"},"modified":"2026-04-20T14:07:30","modified_gmt":"2026-04-20T12:07:30","slug":"dcl-973-2","status":"publish","type":"product","link":"https:\/\/nabytoklaguna.sk\/sk\/produkt\/dcl-973-2\/","title":{"rendered":"DCL-973"},"content":{"rendered":"<p>Matn\u00e9 <strong>zamatov\u00e9 \u010dal\u00fanenie lad\u00ed s \u010diernymi kovov\u00fdmi nohami<\/strong> a steles\u0148uje eleganciu a industri\u00e1lny p\u00f4vab. Dokonal\u00e9 spojenie materi\u00e1lov pozdvihne estetiku jed\u00e1lensk\u00e9ho priestoru a nen\u00e1padne, napriek tomu p\u00f4sobivo vyjadr\u00ed v\u00e1\u0161 \u0161t\u00fdl. <strong>Robustn\u00e9 kovov\u00e9 nohy<\/strong> s\u013eubuj\u00fa dlh\u00fa \u017eivotnos\u0165 a z\u00e1klad\u0148a zais\u0165uje stabilitu. V\u010faka tomu je stoli\u010dka <strong>DCL-973<\/strong> ide\u00e1lna vo\u013eba<strong> pre dom\u00e1cnos\u0165 aj firemn\u00e9 prostredie<\/strong>. V\u010faka \u0161ed\u00e9mu \u010dal\u00faneniu sa univerz\u00e1lne hod\u00ed pre interi\u00e9ry zariaden\u00e9 v r\u00f4znych \u0161t\u00fdloch.\u00a0 Vysoko kvalitn\u00fd l\u00e1tkov\u00fd materi\u00e1l zvy\u0161uje pohodlie pou\u017e\u00edvate\u013eov a predv\u00e1dza \u0161t\u00fdlov\u00fd dizajn. Stoli\u010dka DCL-973 nie je len kus n\u00e1bytku \u2013 ide o spolo\u010dn\u00e9 stelesnenie luxusu a funk\u010dnosti.<\/p>\n<p>Nosnos\u0165 je a\u017e 120 kg.<\/p>\n<p>Dod\u00e1van\u00e9 v demonte.<\/p>\n<p>Rozmery: 44 x 51 x 89 x 55 cm<\/p>\n<table style=\"width: 100.173%;\">\n<tbody>\n<tr>\n<td class=\"popis\" style=\"width: 41.3287%;\">\u0160\u00edrka (cm):<\/td>\n<td style=\"width: 58.4987%;\">44 cm<\/td>\n<\/tr>\n<tr>\n<td class=\"popis\" style=\"width: 41.3287%;\">H\u013abka (cm):<\/td>\n<td style=\"width: 58.4987%;\">51 cm<\/td>\n<\/tr>\n<tr>\n<td class=\"popis\" style=\"width: 41.3287%;\">V\u00fd\u0161ka (cm):<\/td>\n<td style=\"width: 58.4987%;\">89 cm<\/td>\n<\/tr>\n<tr>\n<td style=\"width: 41.3287%;\">\u0161\u00edrka sedu:<\/td>\n<td style=\"width: 58.4987%;\">43 cm<\/td>\n<\/tr>\n<tr>\n<td style=\"width: 41.3287%;\">v\u00fd\u0161ka sedu:<\/td>\n<td style=\"width: 58.4987%;\">55 cm<\/td>\n<\/tr>\n<tr>\n<td style=\"width: 41.3287%;\">nohy:<\/td>\n<td style=\"width: 58.4987%;\">kov\/ br\u00fasen\u00fd nerez<\/td>\n<\/tr>\n<tr>\n<td style=\"width: 41.3287%;\">nosnos\u0165:<\/td>\n<td style=\"width: 58.4987%;\">120 kg<\/td>\n<\/tr>\n<tr>\n<td style=\"width: 41.3287%;\">hmotnos\u0165:<\/td>\n<td style=\"width: 58.4987%;\">6 kg<\/td>\n<\/tr>\n<\/tbody>\n<\/table>\n","protected":false},"excerpt":{"rendered":"<p>Matn\u00e9 zamatov\u00e9 \u010dal\u00fanenie lad\u00ed s \u010diernymi kovov\u00fdmi nohami a steles\u0148uje eleganciu a industri\u00e1lny p\u00f4vab. Dokonal\u00e9 spojenie materi\u00e1lov pozdvihne estetiku jed\u00e1lensk\u00e9ho priestoru a nen\u00e1padne, napriek tomu p\u00f4sobivo vyjadr\u00ed v\u00e1\u0161 \u0161t\u00fdl. Robustn\u00e9 kovov\u00e9 nohy s\u013eubuj\u00fa dlh\u00fa \u017eivotnos\u0165 a z\u00e1klad\u0148a zais\u0165uje stabilitu. V\u010faka tomu je stoli\u010dka DCL-973 ide\u00e1lna vo\u013eba pre dom\u00e1cnos\u0165 aj firemn\u00e9 prostredie. V\u010faka \u0161ed\u00e9mu \u010dal\u00faneniu sa&#8230;<\/p>\n","protected":false},"featured_media":125635,"comment_status":"closed","ping_status":"closed","template":"","meta":{"_seopress_robots_primary_cat":"none","_seopress_titles_title":"","_seopress_titles_desc":"","_seopress_robots_index":""},"product_brand":[],"product_cat":[239],"product_tag":[],"class_list":{"0":"post-125628","1":"product","2":"type-product","3":"status-publish","4":"has-post-thumbnail","6":"product_cat-kovove-stolicky","7":"pa_farba-bk4","8":"pa_farba-grey4","9":"pa_farba-blue4","10":"pa_farba-cap4","11":"pa_farba-grn4","12":"pa_farba-yel4","14":"first","15":"instock","16":"sale","17":"shipping-taxable","18":"purchasable","19":"product-type-variable"},"_links":{"self":[{"href":"https:\/\/nabytoklaguna.sk\/sk\/wp-json\/wp\/v2\/product\/125628","targetHints":{"allow":["GET"]}}],"collection":[{"href":"https:\/\/nabytoklaguna.sk\/sk\/wp-json\/wp\/v2\/product"}],"about":[{"href":"https:\/\/nabytoklaguna.sk\/sk\/wp-json\/wp\/v2\/types\/product"}],"replies":[{"embeddable":true,"href":"https:\/\/nabytoklaguna.sk\/sk\/wp-json\/wp\/v2\/comments?post=125628"}],"wp:featuredmedia":[{"embeddable":true,"href":"https:\/\/nabytoklaguna.sk\/sk\/wp-json\/wp\/v2\/media\/125635"}],"wp:attachment":[{"href":"https:\/\/nabytoklaguna.sk\/sk\/wp-json\/wp\/v2\/media?parent=125628"}],"wp:term":[{"taxonomy":"product_brand","embeddable":true,"href":"https:\/\/nabytoklaguna.sk\/sk\/wp-json\/wp\/v2\/product_brand?post=125628"},{"taxonomy":"product_cat","embeddable":true,"href":"https:\/\/nabytoklaguna.sk\/sk\/wp-json\/wp\/v2\/product_cat?post=125628"},{"taxonomy":"product_tag","embeddable":true,"href":"https:\/\/nabytoklaguna.sk\/sk\/wp-json\/wp\/v2\/product_tag?post=125628"}],"curies":[{"name":"wp","href":"https:\/\/api.w.org\/{rel}","templated":true}]}}