{"id":125642,"date":"2026-01-19T09:51:29","date_gmt":"2026-01-19T08:51:29","guid":{"rendered":"https:\/\/nabytoklaguna.sk\/sk\/?post_type=product&#038;p=125642"},"modified":"2026-04-22T16:54:53","modified_gmt":"2026-04-22T14:54:53","slug":"ct-285","status":"publish","type":"product","link":"https:\/\/nabytoklaguna.sk\/sk\/produkt\/ct-285\/","title":{"rendered":"CT-285"},"content":{"rendered":"<p>Stoli\u010dka<strong> CT-285<\/strong> v <strong>n\u00e1dhernych odtie\u0148och<\/strong> dod\u00e1 ka\u017ed\u00e9mu pracovn\u00e9mu priestoru alebo jed\u00e1lni n\u00e1dych sofistikovanosti. Je vyroben\u00e1 z vysoko kvalitnej hladkej tkaniny, ktor\u00e1 zdob\u00ed tvar a poskytuje bezkonkuren\u010dn\u00e9 pohodlie a jej dizajn v sebe dokonale sn\u00fabi funk\u010dnos\u0165 a m\u00f3du. <strong>Jedine\u010dn\u00fd tvar<\/strong> operadla nielen <strong>ergonomicky<\/strong> podopiera telo, ale dod\u00e1va mu aj umeleck\u00fd n\u00e1dych, tak\u017ee je rovnako v\u00fdrazn\u00fdm k\u00faskom ako rie\u0161en\u00edm na sedenie. Stoli\u010dka stoj\u00ed na robustn\u00fdch \u010diernych kovov\u00fdch noh\u00e1ch a pon\u00faka spo\u013eahliv\u00fa stabilitu s industri\u00e1lnym n\u00e1dychom, ktor\u00fd dopln\u00ed ka\u017ed\u00fd modern\u00fd interi\u00e9r. Jemn\u00e9, ale efektn\u00e9 detaily pre\u0161itia na \u010dal\u00fanenie <strong>pod\u010diarkuj\u00fa jej eleganciu<\/strong> a zd\u00f4raz\u0148uj\u00fa starostliv\u00e9 remeseln\u00e9 spracovanie. T\u00e1to stoli\u010dka je ide\u00e1lna pre t\u00fdch, ktor\u00ed pri v\u00fdbere n\u00e1bytku h\u013eadaj\u00fa<strong> \u0161t\u00fdl aj pohodlie<\/strong>, a dokazuje, \u017ee je kompatibiln\u00e1 s takmer ka\u017ed\u00fdm pracovn\u00fdm alebo jed\u00e1lensk\u00fdm stolom. <strong>Steles\u0148uje elegantn\u00fa, minimalistick\u00fa estetiku<\/strong> a z\u00e1rove\u0148 s\u013eubuje <strong>trvanlivos\u0165 a pohodlie<\/strong>, \u010d\u00edm zodpoved\u00e1 potreb\u00e1m podnikov a spolo\u010dnost\u00ed usiluj\u00facich sa o vylep\u0161enie svojho kancel\u00e1rskeho prostredia i s\u00fakromn\u00fdch z\u00e1kazn\u00edkov, ktor\u00ed chc\u00fa pozdvihn\u00fa\u0165 svoje dom\u00e1ce priestory.<\/p>\n<p><strong>Po\u0165ah\u00a0 &#8211; siv\u00e1, lan\u00fd\u017eov\u00e1, zelen\u00e1 a ru\u017eov\u00e1 l\u00e1tka<\/strong><\/p>\n<p>Nosnos\u0165 je a\u017e 120 kg.<\/p>\n<p>Dod\u00e1van\u00e9 v demonte.<\/p>\n<p>Rozmery: 49 x 59 x 88 x 50 cm<\/p>\n<table style=\"width: 100.173%;\">\n<tbody>\n<tr>\n<td class=\"popis\" style=\"width: 41.3287%;\">\u0160\u00edrka (cm):<\/td>\n<td style=\"width: 58.4987%;\">49 cm<\/td>\n<\/tr>\n<tr>\n<td class=\"popis\" style=\"width: 41.3287%;\">H\u013abka (cm):<\/td>\n<td style=\"width: 58.4987%;\">59 cm<\/td>\n<\/tr>\n<tr>\n<td class=\"popis\" style=\"width: 41.3287%;\">V\u00fd\u0161ka (cm):<\/td>\n<td style=\"width: 58.4987%;\">88 cm<\/td>\n<\/tr>\n<tr>\n<td style=\"width: 41.3287%;\">\u0161\u00edrka sedu:<\/td>\n<td style=\"width: 58.4987%;\">46 cm<\/td>\n<\/tr>\n<tr>\n<td style=\"width: 41.3287%;\">v\u00fd\u0161ka sedu:<\/td>\n<td style=\"width: 58.4987%;\">50 cm<\/td>\n<\/tr>\n<tr>\n<td style=\"width: 41.3287%;\">nohy:<\/td>\n<td style=\"width: 58.4987%;\">kov\/ \u010dierny mat<\/td>\n<\/tr>\n<tr>\n<td style=\"width: 41.3287%;\">nosnos\u0165:<\/td>\n<td style=\"width: 58.4987%;\">120 kg<\/td>\n<\/tr>\n<tr>\n<td style=\"width: 41.3287%;\">hmotnos\u0165:<\/td>\n<td style=\"width: 58.4987%;\">5 kg<\/td>\n<\/tr>\n<\/tbody>\n<\/table>\n","protected":false},"excerpt":{"rendered":"<p>Stoli\u010dka CT-285 v n\u00e1dhernych odtie\u0148och dod\u00e1 ka\u017ed\u00e9mu pracovn\u00e9mu priestoru alebo jed\u00e1lni n\u00e1dych sofistikovanosti. Je vyroben\u00e1 z vysoko kvalitnej hladkej tkaniny, ktor\u00e1 zdob\u00ed tvar a poskytuje bezkonkuren\u010dn\u00e9 pohodlie a jej dizajn v sebe dokonale sn\u00fabi funk\u010dnos\u0165 a m\u00f3du. Jedine\u010dn\u00fd tvar operadla nielen ergonomicky podopiera telo, ale dod\u00e1va mu aj umeleck\u00fd n\u00e1dych, tak\u017ee je rovnako v\u00fdrazn\u00fdm k\u00faskom&#8230;<\/p>\n","protected":false},"featured_media":125653,"comment_status":"closed","ping_status":"closed","template":"","meta":{"_seopress_robots_primary_cat":"none","_seopress_titles_title":"","_seopress_titles_desc":"","_seopress_robots_index":""},"product_brand":[],"product_cat":[239],"product_tag":[],"class_list":{"0":"post-125642","1":"product","2":"type-product","3":"status-publish","4":"has-post-thumbnail","6":"product_cat-kovove-stolicky","7":"pa_farba-grey2","8":"pa_farba-grn2","9":"pa_farba-lan2","10":"pa_farba-pink-2","12":"first","13":"instock","14":"sale","15":"shipping-taxable","16":"purchasable","17":"product-type-variable"},"_links":{"self":[{"href":"https:\/\/nabytoklaguna.sk\/sk\/wp-json\/wp\/v2\/product\/125642","targetHints":{"allow":["GET"]}}],"collection":[{"href":"https:\/\/nabytoklaguna.sk\/sk\/wp-json\/wp\/v2\/product"}],"about":[{"href":"https:\/\/nabytoklaguna.sk\/sk\/wp-json\/wp\/v2\/types\/product"}],"replies":[{"embeddable":true,"href":"https:\/\/nabytoklaguna.sk\/sk\/wp-json\/wp\/v2\/comments?post=125642"}],"wp:featuredmedia":[{"embeddable":true,"href":"https:\/\/nabytoklaguna.sk\/sk\/wp-json\/wp\/v2\/media\/125653"}],"wp:attachment":[{"href":"https:\/\/nabytoklaguna.sk\/sk\/wp-json\/wp\/v2\/media?parent=125642"}],"wp:term":[{"taxonomy":"product_brand","embeddable":true,"href":"https:\/\/nabytoklaguna.sk\/sk\/wp-json\/wp\/v2\/product_brand?post=125642"},{"taxonomy":"product_cat","embeddable":true,"href":"https:\/\/nabytoklaguna.sk\/sk\/wp-json\/wp\/v2\/product_cat?post=125642"},{"taxonomy":"product_tag","embeddable":true,"href":"https:\/\/nabytoklaguna.sk\/sk\/wp-json\/wp\/v2\/product_tag?post=125642"}],"curies":[{"name":"wp","href":"https:\/\/api.w.org\/{rel}","templated":true}]}}