{"id":125697,"date":"2026-01-21T11:21:51","date_gmt":"2026-01-21T10:21:51","guid":{"rendered":"https:\/\/nabytoklaguna.sk\/sk\/?post_type=product&#038;p=125697"},"modified":"2026-04-01T03:59:02","modified_gmt":"2026-04-01T01:59:02","slug":"tv-4089","status":"publish","type":"product","link":"https:\/\/nabytoklaguna.sk\/sk\/produkt\/tv-4089\/","title":{"rendered":"TV-4089"},"content":{"rendered":"<p>Hojdacie a oto\u010dn\u00e9 kreslo <strong>TV-4089<\/strong> je stelesnen\u00edm modern\u00e9ho dizajnu a pohodlia. \u0160ed\u00e1 po\u0165ahov\u00e1 l\u00e1tka s jemn\u00fdm reli\u00e9fom dod\u00e1va kreslu <strong>sofistikovan\u00fd n\u00e1dyc<\/strong>h, zatia\u013e \u010do \u010dierne kovov\u00e9 nohy zais\u0165uj\u00fa <strong>stabilitu aj eleganciu.<\/strong> Prepojenie <strong>hojdacieho a oto\u010dn\u00e9ho<\/strong> mechanizmu poskytuje bezkonkuren\u010dn\u00fd relaxa\u010dn\u00fd z\u00e1\u017eitok. Perfektn\u00e1 vo\u013eba pre luxusn\u00fa pr\u00e1cu alebo odpo\u010dinkov\u00e9 prostredie, ktor\u00e1 ur\u010dite o\u017eiv\u00ed ka\u017ed\u00fa miestnos\u0165 svojim \u0161t\u00fdlov\u00fdm vzh\u013eadom a funk\u010dnos\u0165ou.<\/p>\n<ul class=\"list-unstyled\">\n<li class=\"parameter-line d-flex justify-content-between gap-2 py-2\">\n<div>\u0160\u00edrka (cm) 96 cm<\/div>\n<\/li>\n<li class=\"parameter-line d-flex justify-content-between gap-2 py-2\">\n<div>H\u013abka (cm) 97 cm<\/div>\n<\/li>\n<li class=\"parameter-line d-flex justify-content-between gap-2 py-2\">\n<div>V\u00fd\u0161ka (cm) 98 cm<\/div>\n<\/li>\n<li class=\"parameter-line d-flex justify-content-between gap-2 py-2\">\n<div>\u0160\u00edrka sedu (cm) 54 cm<\/div>\n<\/li>\n<li class=\"parameter-line d-flex justify-content-between gap-2 py-2\">H\u013abka sedu (cm) 54 cm<\/li>\n<li class=\"parameter-line d-flex justify-content-between gap-2 py-2\">V\u00fd\u0161ka sedu (cm) <span style=\"font-size: 15.008px;\">50\u00a0cm<\/span><\/li>\n<li class=\"parameter-line d-flex justify-content-between gap-2 py-2\">\n<div>Typ ovl\u00e1dania: Manu\u00e1lne ovl\u00e1danie<\/div>\n<\/li>\n<li class=\"parameter-line d-flex justify-content-between gap-2 py-2\">\n<div>Nosnos\u0165 (kg) 130 kg<\/div>\n<\/li>\n<li class=\"parameter-line d-flex justify-content-between gap-2 py-2\">\n<div><span style=\"font-size: 15.008px;\">Dod\u00e1van\u00e9 v demonte<\/span><\/div>\n<\/li>\n<\/ul>\n","protected":false},"excerpt":{"rendered":"<p>Hojdacie a oto\u010dn\u00e9 kreslo TV-4089 je stelesnen\u00edm modern\u00e9ho dizajnu a pohodlia. \u0160ed\u00e1 po\u0165ahov\u00e1 l\u00e1tka s jemn\u00fdm reli\u00e9fom dod\u00e1va kreslu sofistikovan\u00fd n\u00e1dych, zatia\u013e \u010do \u010dierne kovov\u00e9 nohy zais\u0165uj\u00fa stabilitu aj eleganciu. Prepojenie hojdacieho a oto\u010dn\u00e9ho mechanizmu poskytuje bezkonkuren\u010dn\u00fd relaxa\u010dn\u00fd z\u00e1\u017eitok. Perfektn\u00e1 vo\u013eba pre luxusn\u00fa pr\u00e1cu alebo odpo\u010dinkov\u00e9 prostredie, ktor\u00e1 ur\u010dite o\u017eiv\u00ed ka\u017ed\u00fa miestnos\u0165 svojim \u0161t\u00fdlov\u00fdm vzh\u013eadom&#8230;<\/p>\n","protected":false},"featured_media":125700,"comment_status":"closed","ping_status":"closed","template":"","meta":{"_seopress_robots_primary_cat":"none","_seopress_titles_title":"","_seopress_titles_desc":"","_seopress_robots_index":""},"product_brand":[],"product_cat":[231],"product_tag":[],"class_list":{"0":"post-125697","1":"product","2":"type-product","3":"status-publish","4":"has-post-thumbnail","6":"product_cat-kresla","7":"pa_farba-sil","9":"first","10":"instock","11":"shipping-taxable","12":"purchasable","13":"product-type-variable"},"_links":{"self":[{"href":"https:\/\/nabytoklaguna.sk\/sk\/wp-json\/wp\/v2\/product\/125697","targetHints":{"allow":["GET"]}}],"collection":[{"href":"https:\/\/nabytoklaguna.sk\/sk\/wp-json\/wp\/v2\/product"}],"about":[{"href":"https:\/\/nabytoklaguna.sk\/sk\/wp-json\/wp\/v2\/types\/product"}],"replies":[{"embeddable":true,"href":"https:\/\/nabytoklaguna.sk\/sk\/wp-json\/wp\/v2\/comments?post=125697"}],"wp:featuredmedia":[{"embeddable":true,"href":"https:\/\/nabytoklaguna.sk\/sk\/wp-json\/wp\/v2\/media\/125700"}],"wp:attachment":[{"href":"https:\/\/nabytoklaguna.sk\/sk\/wp-json\/wp\/v2\/media?parent=125697"}],"wp:term":[{"taxonomy":"product_brand","embeddable":true,"href":"https:\/\/nabytoklaguna.sk\/sk\/wp-json\/wp\/v2\/product_brand?post=125697"},{"taxonomy":"product_cat","embeddable":true,"href":"https:\/\/nabytoklaguna.sk\/sk\/wp-json\/wp\/v2\/product_cat?post=125697"},{"taxonomy":"product_tag","embeddable":true,"href":"https:\/\/nabytoklaguna.sk\/sk\/wp-json\/wp\/v2\/product_tag?post=125697"}],"curies":[{"name":"wp","href":"https:\/\/api.w.org\/{rel}","templated":true}]}}