{"id":125879,"date":"2026-02-16T14:35:41","date_gmt":"2026-02-16T13:35:41","guid":{"rendered":"https:\/\/nabytoklaguna.sk\/sk\/?post_type=product&#038;p=125879"},"modified":"2026-04-22T12:01:47","modified_gmt":"2026-04-22T10:01:47","slug":"bolonia-kuchynska-linka","status":"publish","type":"product","link":"https:\/\/nabytoklaguna.sk\/sk\/produkt\/bolonia-kuchynska-linka\/","title":{"rendered":"Bolonia kuchynsk\u00e1 linka 180\/240"},"content":{"rendered":"<p><strong>Sektorov\u00e1<\/strong> kuchynsk\u00e1 linka v atrakt\u00edvnom farebnom preveden\u00ed<strong> Dub Artisan a Truffle Grey<\/strong> je minimalistick\u00e1 a modern\u00e1, z\u00e1rove\u0148 je v\u0161ak elegantn\u00e1 a nad\u010dasov\u00e1. Kombin\u00e1cia tepl\u00fdch dekorov p\u00f4sob\u00ed pr\u00edjemne a \u00fatulne. Kuchynsk\u00e1 linka je sektorov\u00e1, je teda mo\u017en\u00e9 si vybra\u0165 z ve\u013ek\u00e9ho <strong>mno\u017estva skriniek<\/strong> a vysklada\u0165 kuchy\u0148u <strong>pod\u013ea Va\u0161ich predst\u00e1v<\/strong> s po\u017eadovan\u00fdm rozmerom.\u00a0 <strong>Pracovn\u00e1 doska<\/strong> nie je cene v kuchynskej linky, je mo\u017en\u00e9 doobjedna\u0165 pracovn\u00fa dosku v <strong>dekore Dub Artisan<\/strong> ladiacom ku korpusu kuchynskej linky <strong>Bolonia <\/strong>za cenu 89,00 Eur. Celkov\u00fd modern\u00fd dizajn umoc\u0148uj\u00fa <strong>kontrastn\u00e9 \u010dierne \u00fachytky<\/strong>, ktor\u00e9 s\u00fa v cene kuchynskej linky.<strong> Kuchynsk\u00fa linku V\u00e1m dod\u00e1me u\u017e zmontovan\u00fa.<\/strong><\/p>\n<p><strong>Skrinky v cene zostavy:<\/strong><\/p>\n<p>1 x 80 cm doln\u00e1 dvojdvierkov\u00e1 drezov\u00e1<\/p>\n<p>1 x 40 cm doln\u00e1 jednodvierkov\u00e1<\/p>\n<p>1 x 60 cm doln\u00e1 trojz\u00e1suvkov\u00e1<\/p>\n<p>1 x 80 cm horn\u00e1 dvojdvierkov\u00e1<\/p>\n<p>1 x 40 cm horn\u00e1 jednodvierkov\u00e1<\/p>\n<p>1 x 60 cm horn\u00e1 jednodvierkov\u00e1<\/p>\n<p>1x 60 cm horn\u00e1 digestorov\u00e1<\/p>\n<p><strong>Parametre v\u00fdrobku<\/strong><\/p>\n<table style=\"width: 98.7567%; height: 676px;\" border=\"0\" cellspacing=\"5\" cellpadding=\"1\">\n<tbody>\n<tr style=\"height: 52px;\">\n<td style=\"width: 40.5219%; height: 52px;\"><strong>Typ v\u00fdrobku<\/strong><\/td>\n<td style=\"width: 100.836%; height: 52px;\">sektorov\u00e1 kuchynsk\u00e1 linka<\/td>\n<\/tr>\n<tr style=\"height: 52px;\">\n<td style=\"width: 40.5219%; height: 52px;\"><strong>Rozmer zostavy<br \/>\n<\/strong><\/td>\n<td style=\"width: 100.836%; height: 52px;\">180 cm<\/td>\n<\/tr>\n<tr style=\"height: 52px;\">\n<td style=\"width: 40.5219%; height: 52px;\"><strong>\u0160\u00edrky horn\u00fdch skriniek v zostave:\u00a0<\/strong><\/td>\n<td style=\"width: 100.836%; height: 52px;\">80 + 40 + 60 + 60 cm<\/td>\n<\/tr>\n<tr style=\"height: 52px;\">\n<td style=\"width: 40.5219%; height: 52px;\"><strong>\u0160\u00edrky spodn\u00fdch skriniek v zostave:\u00a0<\/strong><\/td>\n<td style=\"width: 100.836%; height: 52px;\">80 + 40 + 60 cm<\/td>\n<\/tr>\n<tr style=\"height: 52px;\">\n<td style=\"width: 40.5219%; height: 52px;\"><strong>V\u00fd\u0161ka horn\u00fdch skriniek:<\/strong><\/td>\n<td style=\"width: 100.836%; height: 52px;\">72 cm<\/td>\n<\/tr>\n<tr style=\"height: 52px;\">\n<td style=\"width: 40.5219%; height: 52px;\"><strong>V\u00fd\u0161ka spodn\u00fdch skriniek (bez dosky):<\/strong><\/td>\n<td style=\"width: 100.836%; height: 52px;\">82 cm<\/td>\n<\/tr>\n<tr style=\"height: 52px;\">\n<td style=\"width: 40.5219%; height: 52px;\"><strong>H\u013abka horn\u00fdch skriniek (bez dvierok):<\/strong><\/td>\n<td style=\"width: 100.836%; height: 52px;\">29 cm<\/td>\n<\/tr>\n<tr style=\"height: 52px;\">\n<td style=\"width: 40.5219%; height: 52px;\"><strong>H\u013abka spodn\u00fdch skriniek (bez dvierok):<\/strong><\/td>\n<td style=\"width: 100.836%; height: 52px;\">50 cm<\/td>\n<\/tr>\n<tr style=\"height: 52px;\">\n<td style=\"width: 40.5219%; height: 52px;\"><strong>Pracovn\u00e1 doska:<\/strong><\/td>\n<td style=\"width: 100.836%; height: 52px;\">bez pracovnej dosky<\/td>\n<\/tr>\n<tr style=\"height: 52px;\">\n<td style=\"width: 40.5219%; height: 52px;\"><strong>Farebn\u00e9 prevedenie\u00a0<\/strong><\/td>\n<td style=\"width: 100.836%; height: 52px;\">korpus Dub Artisan, predn\u00e9 plochy Truffle Grey<\/td>\n<\/tr>\n<tr style=\"height: 52px;\">\n<td style=\"width: 40.5219%; height: 52px;\"><strong>Materi\u00e1l<\/strong><\/td>\n<td style=\"width: 100.836%; height: 52px;\">DTD laminovan\u00e1 16 mm matn\u00e1<\/td>\n<\/tr>\n<tr style=\"height: 52px;\">\n<td style=\"width: 40.5219%; height: 52px;\"><strong>Balenie<\/strong><\/td>\n<td style=\"width: 100.836%; height: 52px;\">demont<\/td>\n<\/tr>\n<tr style=\"height: 52px;\">\n<td style=\"width: 40.5219%; height: 52px;\"><strong>Z\u00e1ruka<\/strong><\/td>\n<td style=\"width: 100.836%; height: 52px;\">2 roky<\/td>\n<\/tr>\n<\/tbody>\n<\/table>\n","protected":false},"excerpt":{"rendered":"<p><img decoding=\"async\" src=\"https:\/\/nabytoklaguna.sk\/sk\/wp-content\/uploads\/2017\/02\/N%C3%A1vrh-2.png\" \/><\/p>\n<p><strong><span style=\"color: #000000;\">N\u00e1vrh a cenov\u00e1 ponuka <span style=\"color: #ff0000;\">GR\u00c1TIS<\/span><\/span><span style=\"color: #ff0000;\">\u00a0<\/span>\u00a0<\/strong><\/p>\n","protected":false},"featured_media":125881,"comment_status":"closed","ping_status":"closed","template":"","meta":{"_seopress_robots_primary_cat":"none","_seopress_titles_title":"","_seopress_titles_desc":"","_seopress_robots_index":""},"product_brand":[],"product_cat":[177,248,412],"product_tag":[],"class_list":{"0":"post-125879","1":"product","2":"type-product","3":"status-publish","4":"has-post-thumbnail","6":"product_cat-kuchyne-top","7":"product_cat-kuchyne-sektor","8":"product_cat-kuchyne-na-mieru","10":"first","11":"onbackorder","12":"shipping-taxable","13":"purchasable","14":"product-type-simple"},"_links":{"self":[{"href":"https:\/\/nabytoklaguna.sk\/sk\/wp-json\/wp\/v2\/product\/125879","targetHints":{"allow":["GET"]}}],"collection":[{"href":"https:\/\/nabytoklaguna.sk\/sk\/wp-json\/wp\/v2\/product"}],"about":[{"href":"https:\/\/nabytoklaguna.sk\/sk\/wp-json\/wp\/v2\/types\/product"}],"replies":[{"embeddable":true,"href":"https:\/\/nabytoklaguna.sk\/sk\/wp-json\/wp\/v2\/comments?post=125879"}],"wp:featuredmedia":[{"embeddable":true,"href":"https:\/\/nabytoklaguna.sk\/sk\/wp-json\/wp\/v2\/media\/125881"}],"wp:attachment":[{"href":"https:\/\/nabytoklaguna.sk\/sk\/wp-json\/wp\/v2\/media?parent=125879"}],"wp:term":[{"taxonomy":"product_brand","embeddable":true,"href":"https:\/\/nabytoklaguna.sk\/sk\/wp-json\/wp\/v2\/product_brand?post=125879"},{"taxonomy":"product_cat","embeddable":true,"href":"https:\/\/nabytoklaguna.sk\/sk\/wp-json\/wp\/v2\/product_cat?post=125879"},{"taxonomy":"product_tag","embeddable":true,"href":"https:\/\/nabytoklaguna.sk\/sk\/wp-json\/wp\/v2\/product_tag?post=125879"}],"curies":[{"name":"wp","href":"https:\/\/api.w.org\/{rel}","templated":true}]}}