{"id":125982,"date":"2026-02-18T12:34:03","date_gmt":"2026-02-18T11:34:03","guid":{"rendered":"https:\/\/nabytoklaguna.sk\/sk\/?post_type=product&#038;p=125982"},"modified":"2026-02-23T15:04:55","modified_gmt":"2026-02-23T14:04:55","slug":"artisan-kuchynska-linka-180-cappuccino-leskla","status":"publish","type":"product","link":"https:\/\/nabytoklaguna.sk\/sk\/produkt\/artisan-kuchynska-linka-180-cappuccino-leskla\/","title":{"rendered":"Artisan kuchynsk\u00e1 linka 180 cappuccino leskl\u00e1"},"content":{"rendered":"<p><strong>Luxusn\u00e1 kuchynsk\u00e1 zostava<\/strong> <strong>ARTISAN<\/strong> dod\u00e1 ka\u017edej kuchyni <strong>\u017eiariv\u00fd lesk<\/strong>. Jej dizajn sa hod\u00ed do r\u00f4zne farebn\u00fdch a materi\u00e1lov\u00fdch miestnost\u00ed, kde dostato\u010dne vynikne a nebude p\u00f4sobi\u0165 ru\u0161ivo. V skrink\u00e1ch je dostato\u010dn\u00fd \u00falo\u017en\u00fd priestor, ktor\u00fd zabezpe\u010d\u00ed, aby ste mali v\u0161etko v\u017edy poruke, na spr\u00e1vnom mieste, pripraven\u00e9 na pou\u017eitie, \u010do je v ka\u017edej kuchyni to najd\u00f4le\u017eitej\u0161ie. Skrinky si m\u00f4\u017eete posklada\u0165 <strong>v \u013eubovo\u013enom porad\u00ed<\/strong> pod\u013ea va\u0161ich predst\u00e1v. Linka je vhodn\u00e1 pre sk\u00fasen\u00e9 gazdinky, aj mlad\u00fa dvojicu, alebo pre spolo\u010dn\u00e9 varenie s de\u0165mi.Doln\u00e9 skrinky z\u00e1kladnej zostavy s\u00fa dod\u00e1van\u00e9 bez pracovnej dosky. M\u00e1 syst\u00e9m\u00a0<b>tich\u00e9ho zatv\u00e1rania<\/b> a <b>kovov\u00e9 \u00fachytky<\/b>. Z\u00e1suvky maj\u00fa <strong>pln\u00fd v\u00fdsuv a kovov\u00e9 bo\u010dnice<\/strong>. \u0160\u00edrka hornej a spodnej zostavy je 1,8 m. Kuchynsk\u00e1 linka je<strong>\u00a0sektorov\u00e1,<\/strong> je teda mo\u017en\u00e9 si vybra\u0165 z ve\u013ek\u00e9ho <strong>mno\u017estva skriniek <\/strong>a vysklada\u0165 kuchy\u0148u\u00a0pod\u013ea Va\u0161ich predst\u00e1v<strong> s po\u017eadovan\u00fdm rozmerom.<\/strong><strong>\u00a0<\/strong>Uvarte si r\u00e1no k\u00e1vu pri takejto linke, hne\u010f z\u00edskate pocit, \u017ee v\u00e1s \u010dak\u00e1 skvel\u00fd de\u0148.<\/p>\n<p><strong>Skrinky v cene zostavy:<\/strong><\/p>\n<p>1 x 40 cm doln\u00e1 jednodvierkov\u00e1<\/p>\n<p>1 x 60 cm doln\u00e1 trojz\u00e1suvkov\u00e1<\/p>\n<p>1 x 80 cm doln\u00e1 dvojdvierkov\u00e1 drezov\u00e1<\/p>\n<p>1 x 80 cm horn\u00e1 dvojdvierkov\u00e1<\/p>\n<p>1 x 60 cm horn\u00e1 jednodvierkov\u00e1<\/p>\n<p>1 x 40 cm horn\u00e1 jednodvierkov\u00e1<\/p>\n<p>&nbsp;<\/p>\n<p><strong>Parametre v\u00fdrobku<\/strong><\/p>\n<table style=\"width: 98.5068%;\" border=\"0\" cellspacing=\"5\" cellpadding=\"1\">\n<tbody>\n<tr>\n<td style=\"width: 49.7858%;\"><strong>Typ v\u00fdrobku<\/strong><\/td>\n<td style=\"width: 86.5388%;\">sektorov\u00e1 kuchynsk\u00e1 linka<\/td>\n<\/tr>\n<tr>\n<td style=\"width: 49.7858%;\"><strong>Rozmer zostavy<br \/>\n<\/strong><\/td>\n<td style=\"width: 86.5388%;\">180 cm<\/td>\n<\/tr>\n<tr>\n<td style=\"width: 49.7858%;\"><strong>\u0160\u00edrky horn\u00fdch skriniek v zostave:\u00a0 \u00a0 \u00a0<\/strong><\/td>\n<td style=\"width: 86.5388%;\">40 + 60 + 80 cm<\/td>\n<\/tr>\n<tr>\n<td style=\"width: 49.7858%;\"><strong>\u0160\u00edrky spodn\u00fdch skriniek v zostave:\u00a0<\/strong><\/td>\n<td style=\"width: 86.5388%;\">40 + 60 + 80 cm<\/td>\n<\/tr>\n<tr>\n<td style=\"width: 49.7858%;\"><strong>V\u00fd\u0161ka horn\u00fdch skriniek:<\/strong><\/td>\n<td style=\"width: 86.5388%;\">72 cm<\/td>\n<\/tr>\n<tr>\n<td style=\"width: 49.7858%;\"><strong>V\u00fd\u0161ka spodn\u00fdch skriniek (bez dosky):<\/strong><\/td>\n<td style=\"width: 86.5388%;\">82 cm<\/td>\n<\/tr>\n<tr>\n<td style=\"width: 49.7858%;\"><strong>H\u013abka horn\u00fdch skriniek\u00a0 (bez dvierok):\u00a0 \u00a0 \u00a0 \u00a0<\/strong><\/td>\n<td style=\"width: 86.5388%;\">29 cm<\/td>\n<\/tr>\n<tr>\n<td style=\"width: 49.7858%;\"><strong>H\u013abka spodn\u00fdch skriniek (bez dvierok):<\/strong><\/td>\n<td style=\"width: 86.5388%;\">50 cm<\/td>\n<\/tr>\n<tr>\n<td style=\"width: 49.7858%;\"><strong>Pracovn\u00e1 doska:<\/strong><\/td>\n<td style=\"width: 86.5388%;\">bez pracovnej dosky<\/td>\n<\/tr>\n<tr>\n<td style=\"width: 49.7858%;\"><strong>Farebn\u00e9 prevedenie\u00a0<\/strong><\/td>\n<td style=\"width: 86.5388%;\">korpus Dub Artisan, predn\u00e9 plochy Dub Artisan\/ cappuccino leskl\u00e1<\/td>\n<\/tr>\n<tr>\n<td style=\"width: 49.7858%;\"><strong>Materi\u00e1l<\/strong><\/td>\n<td style=\"width: 86.5388%;\">DTD laminovan\u00e1 16 mm<\/td>\n<\/tr>\n<tr>\n<td style=\"width: 49.7858%;\"><strong>Balenie<\/strong><\/td>\n<td style=\"width: 86.5388%;\">demont<\/td>\n<\/tr>\n<tr>\n<td style=\"width: 49.7858%;\"><strong>Z\u00e1ruka<\/strong><\/td>\n<td style=\"width: 86.5388%;\">2 roky<\/td>\n<\/tr>\n<\/tbody>\n<\/table>\n","protected":false},"excerpt":{"rendered":"<p><img decoding=\"async\" src=\"https:\/\/nabytoklaguna.sk\/sk\/wp-content\/uploads\/2017\/02\/N%C3%A1vrh-2.png\" \/><\/p>\n<p><span style=\"color: #ff0000;\"><strong><span style=\"color: #000000;\">\u00a0N\u00e1vrh a cenov\u00e1 ponuka<\/span> GR\u00c1TIS<\/strong><\/span><\/p>\n","protected":false},"featured_media":125983,"comment_status":"closed","ping_status":"closed","template":"","meta":{"_seopress_robots_primary_cat":"none","_seopress_titles_title":"","_seopress_titles_desc":"","_seopress_robots_index":""},"product_brand":[],"product_cat":[177,248,412],"product_tag":[],"class_list":{"0":"post-125982","1":"product","2":"type-product","3":"status-publish","4":"has-post-thumbnail","6":"product_cat-kuchyne-top","7":"product_cat-kuchyne-sektor","8":"product_cat-kuchyne-na-mieru","10":"first","11":"onbackorder","12":"shipping-taxable","13":"purchasable","14":"product-type-simple"},"_links":{"self":[{"href":"https:\/\/nabytoklaguna.sk\/sk\/wp-json\/wp\/v2\/product\/125982","targetHints":{"allow":["GET"]}}],"collection":[{"href":"https:\/\/nabytoklaguna.sk\/sk\/wp-json\/wp\/v2\/product"}],"about":[{"href":"https:\/\/nabytoklaguna.sk\/sk\/wp-json\/wp\/v2\/types\/product"}],"replies":[{"embeddable":true,"href":"https:\/\/nabytoklaguna.sk\/sk\/wp-json\/wp\/v2\/comments?post=125982"}],"wp:featuredmedia":[{"embeddable":true,"href":"https:\/\/nabytoklaguna.sk\/sk\/wp-json\/wp\/v2\/media\/125983"}],"wp:attachment":[{"href":"https:\/\/nabytoklaguna.sk\/sk\/wp-json\/wp\/v2\/media?parent=125982"}],"wp:term":[{"taxonomy":"product_brand","embeddable":true,"href":"https:\/\/nabytoklaguna.sk\/sk\/wp-json\/wp\/v2\/product_brand?post=125982"},{"taxonomy":"product_cat","embeddable":true,"href":"https:\/\/nabytoklaguna.sk\/sk\/wp-json\/wp\/v2\/product_cat?post=125982"},{"taxonomy":"product_tag","embeddable":true,"href":"https:\/\/nabytoklaguna.sk\/sk\/wp-json\/wp\/v2\/product_tag?post=125982"}],"curies":[{"name":"wp","href":"https:\/\/api.w.org\/{rel}","templated":true}]}}