{"id":126018,"date":"2026-02-18T14:06:51","date_gmt":"2026-02-18T13:06:51","guid":{"rendered":"https:\/\/nabytoklaguna.sk\/sk\/?post_type=product&#038;p=126018"},"modified":"2026-02-23T14:59:06","modified_gmt":"2026-02-23T13:59:06","slug":"chamonix-kuchynska-linka-180","status":"publish","type":"product","link":"https:\/\/nabytoklaguna.sk\/sk\/produkt\/chamonix-kuchynska-linka-180\/","title":{"rendered":"CHAMONIX kuchynsk\u00e1 linka 180"},"content":{"rendered":"<p><strong>Sektorov\u00e1<\/strong> kuchynsk\u00e1 linka <strong>CHAMONIX \u00a0180\u00a0<\/strong> v atrakt\u00edvnom farebnom preveden\u00ed<strong> Dub Ferrara j<\/strong>e minimalistick\u00e1 a modern\u00e1, z\u00e1rove\u0148 je v\u0161ak elegantn\u00e1 a nad\u010dasov\u00e1. Kombin\u00e1cia tepl\u00fdch dekorov<strong> svetl\u00e9ho a tmav\u00e9ho dreva<\/strong> p\u00f4sob\u00ed pr\u00edjemne a \u00fatulne. Kuchynsk\u00e1 linka je sektorov\u00e1, je teda mo\u017en\u00e9 si vybra\u0165 z ve\u013ek\u00e9ho <strong>mno\u017estva skriniek<\/strong> a vysklada\u0165 kuchy\u0148u <strong>pod\u013ea Va\u0161ich predst\u00e1v<\/strong> s po\u017eadovan\u00fdm rozmerom.\u00a0 <strong>Pracovn\u00e1 doska nie je v cene<\/strong> v kuchynskej linky.\u00a0 Pracovn\u00fa dosku je mo\u017en\u00e9 doobjedna\u0165 v <strong>dekore <\/strong>ladiacom ku korpusu kuchynskej linky Chamonix. Celkov\u00fd modern\u00fd dizajn umoc\u0148uj\u00fa \u00a0<b>kovov\u00e9 \u00fachytky vo farbe matn\u00fd chr\u00f3m<\/b>, ktor\u00e9 s\u00fa v cene kuchynskej linky. Kuchynsk\u00e1 linka je<strong>\u00a0sektorov\u00e1,<\/strong> je teda mo\u017en\u00e9 si vybra\u0165 z ve\u013ek\u00e9ho <strong>mno\u017estva skriniek <\/strong>a vysklada\u0165 kuchy\u0148u\u00a0pod\u013ea Va\u0161ich predst\u00e1v<strong> s po\u017eadovan\u00fdm rozmerom.\u00a0 \u00a0<\/strong><strong>\u00a0<\/strong><strong>\u00a0<\/strong><\/p>\n<p><strong>Skrinky v cene zostavy:<\/strong><\/p>\n<p>1 x 80 cm doln\u00e1 dvojdvierkov\u00e1 drezov\u00e1<\/p>\n<p>1 x 40 cm doln\u00e1 \u0161upl\u00edkov\u00e1<\/p>\n<p>1 x 60 cm doln\u00e1 dvojdvierkov\u00e1<\/p>\n<p>1 x 80 cm horn\u00e1 dvojdvierkov\u00e1<\/p>\n<p>1 x 40 cm horn\u00e1 jednodvierkov\u00e1<\/p>\n<p>1 x 60 cm horn\u00e1 dvojdvierkov\u00e1<\/p>\n<p><strong>Parametre v\u00fdrobku<\/strong><\/p>\n<table style=\"width: 99.8784%; height: 663px;\" border=\"0\" cellspacing=\"5\" cellpadding=\"1\">\n<tbody>\n<tr style=\"height: 52px;\">\n<td style=\"width: 52.3323%; height: 52px;\"><strong>Typ v\u00fdrobku<\/strong><\/td>\n<td style=\"width: 88.0339%; height: 52px;\">sektorov\u00e1 kuchynsk\u00e1 linka<\/td>\n<\/tr>\n<tr style=\"height: 52px;\">\n<td style=\"width: 52.3323%; height: 52px;\"><strong>Rozmer zostavy<br \/>\n<\/strong><\/td>\n<td style=\"width: 88.0339%; height: 52px;\">180 cm<\/td>\n<\/tr>\n<tr style=\"height: 52px;\">\n<td style=\"width: 52.3323%; height: 52px;\"><strong>\u0160\u00edrky horn\u00fdch skriniek v zostave:\u00a0<\/strong><\/td>\n<td style=\"width: 88.0339%; height: 52px;\">80 + 40 + 60 cm<\/td>\n<\/tr>\n<tr style=\"height: 52px;\">\n<td style=\"width: 52.3323%; height: 52px;\"><strong>\u0160\u00edrky spodn\u00fdch skriniek v zostave:\u00a0<\/strong><\/td>\n<td style=\"width: 88.0339%; height: 52px;\">80 + 40 + 60 cm<\/td>\n<\/tr>\n<tr style=\"height: 52px;\">\n<td style=\"width: 52.3323%; height: 52px;\"><strong>V\u00fd\u0161ka horn\u00fdch skriniek:<\/strong><\/td>\n<td style=\"width: 88.0339%; height: 52px;\">72 cm<\/td>\n<\/tr>\n<tr style=\"height: 52px;\">\n<td style=\"width: 52.3323%; height: 52px;\"><strong>V\u00fd\u0161ka spodn\u00fdch skriniek (bez dosky):<\/strong><\/td>\n<td style=\"width: 88.0339%; height: 52px;\">82 cm<\/td>\n<\/tr>\n<tr style=\"height: 52px;\">\n<td style=\"width: 52.3323%; height: 52px;\"><strong>H\u013abka horn\u00fdch skriniek (bez dvierok):<\/strong><\/td>\n<td style=\"width: 88.0339%; height: 52px;\">29 cm<\/td>\n<\/tr>\n<tr style=\"height: 52px;\">\n<td style=\"width: 52.3323%; height: 52px;\"><strong>H\u013abka spodn\u00fdch skriniek (bez dvierok):<\/strong><\/td>\n<td style=\"width: 88.0339%; height: 52px;\">50 cm<\/td>\n<\/tr>\n<tr style=\"height: 52px;\">\n<td style=\"width: 52.3323%; height: 52px;\"><strong>Pracovn\u00e1 doska:<\/strong><\/td>\n<td style=\"width: 88.0339%; height: 52px;\">bez pracovnej dosky<\/td>\n<\/tr>\n<tr style=\"height: 52px;\">\n<td style=\"width: 52.3323%; height: 39px;\"><strong>Farebn\u00e9 prevedenie\u00a0<\/strong><\/td>\n<td style=\"width: 88.0339%; height: 39px;\">korpus Dub Ferrara\u00a0 svetl\u00e9ho drevo<\/p>\n<p>farba horn\u00fdch dvierok\u00a0 Dub Ferrara\u00a0 svetl\u00e9ho drevo<\/p>\n<p>farba spodn\u00fdch dvierok legno tmav\u00e9<\/td>\n<\/tr>\n<tr style=\"height: 52px;\">\n<td style=\"width: 52.3323%; height: 52px;\"><strong>Materi\u00e1l<\/strong><\/td>\n<td style=\"width: 88.0339%; height: 52px;\">DTD laminovan\u00e1 16 mm matn\u00e1<\/td>\n<\/tr>\n<tr style=\"height: 52px;\">\n<td style=\"width: 52.3323%; height: 52px;\"><strong>Balenie<\/strong><\/td>\n<td style=\"width: 88.0339%; height: 52px;\">demont<\/td>\n<\/tr>\n<tr style=\"height: 52px;\">\n<td style=\"width: 52.3323%; height: 52px;\"><strong>Z\u00e1ruka<\/strong><\/td>\n<td style=\"width: 88.0339%; height: 52px;\">2 roky<\/td>\n<\/tr>\n<\/tbody>\n<\/table>\n","protected":false},"excerpt":{"rendered":"<p><img decoding=\"async\" src=\"https:\/\/nabytoklaguna.sk\/sk\/wp-content\/uploads\/2017\/02\/N%C3%A1vrh-2.png\" \/><\/p>\n<p><span style=\"color: #ff0000;\"><strong><span style=\"color: #000000;\">\u00a0N\u00e1vrh a cenov\u00e1 ponuka<\/span> GR\u00c1TIS<\/strong><\/span><\/p>\n","protected":false},"featured_media":126024,"comment_status":"closed","ping_status":"closed","template":"","meta":{"_seopress_robots_primary_cat":"none","_seopress_titles_title":"","_seopress_titles_desc":"","_seopress_robots_index":""},"product_brand":[],"product_cat":[177,248,412],"product_tag":[],"class_list":{"0":"post-126018","1":"product","2":"type-product","3":"status-publish","4":"has-post-thumbnail","6":"product_cat-kuchyne-top","7":"product_cat-kuchyne-sektor","8":"product_cat-kuchyne-na-mieru","10":"first","11":"onbackorder","12":"shipping-taxable","13":"purchasable","14":"product-type-simple"},"_links":{"self":[{"href":"https:\/\/nabytoklaguna.sk\/sk\/wp-json\/wp\/v2\/product\/126018","targetHints":{"allow":["GET"]}}],"collection":[{"href":"https:\/\/nabytoklaguna.sk\/sk\/wp-json\/wp\/v2\/product"}],"about":[{"href":"https:\/\/nabytoklaguna.sk\/sk\/wp-json\/wp\/v2\/types\/product"}],"replies":[{"embeddable":true,"href":"https:\/\/nabytoklaguna.sk\/sk\/wp-json\/wp\/v2\/comments?post=126018"}],"wp:featuredmedia":[{"embeddable":true,"href":"https:\/\/nabytoklaguna.sk\/sk\/wp-json\/wp\/v2\/media\/126024"}],"wp:attachment":[{"href":"https:\/\/nabytoklaguna.sk\/sk\/wp-json\/wp\/v2\/media?parent=126018"}],"wp:term":[{"taxonomy":"product_brand","embeddable":true,"href":"https:\/\/nabytoklaguna.sk\/sk\/wp-json\/wp\/v2\/product_brand?post=126018"},{"taxonomy":"product_cat","embeddable":true,"href":"https:\/\/nabytoklaguna.sk\/sk\/wp-json\/wp\/v2\/product_cat?post=126018"},{"taxonomy":"product_tag","embeddable":true,"href":"https:\/\/nabytoklaguna.sk\/sk\/wp-json\/wp\/v2\/product_tag?post=126018"}],"curies":[{"name":"wp","href":"https:\/\/api.w.org\/{rel}","templated":true}]}}