{"id":126057,"date":"2026-02-18T16:39:14","date_gmt":"2026-02-18T15:39:14","guid":{"rendered":"https:\/\/nabytoklaguna.sk\/sk\/?post_type=product&#038;p=126057"},"modified":"2026-02-18T16:45:01","modified_gmt":"2026-02-18T15:45:01","slug":"bordeaux-kuchynska-linka-180","status":"publish","type":"product","link":"https:\/\/nabytoklaguna.sk\/sk\/produkt\/bordeaux-kuchynska-linka-180\/","title":{"rendered":"Bordeaux kuchynsk\u00e1 linka 180"},"content":{"rendered":"<p data-start=\"175\" data-end=\"469\">Kuchynsk\u00e1 zostava <strong>BORDEAUX<\/strong> v elegantnom dekore <strong data-start=\"219\" data-end=\"235\">Dub Bordeaux<\/strong> prin\u00e1\u0161a spojenie nad\u010dasov\u00e9ho dizajnu, pr\u00edrodn\u00e9ho vzh\u013eadu dreva a praktickej <strong>funk\u010dnosti<\/strong>. Tepl\u00fd drevit\u00fd odtie\u0148 dod\u00e1va interi\u00e9ru \u00fatuln\u00fa atmosf\u00e9ru a z\u00e1rove\u0148 p\u00f4sob\u00ed luxusne a moderne, v\u010faka \u010domu sa kuchy\u0148a stane prirodzen\u00fdm srdcom domova. <strong>Prec\u00edzne spracovan\u00e9 povrchy<\/strong> verne imituj\u00fa <strong>\u0161trukt\u00faru pr\u00edrodn\u00e9ho dreva<\/strong>, pri\u010dom pon\u00fakaj\u00fa jednoduch\u00fa \u00fadr\u017ebu a vysok\u00fa odolnos\u0165 vo\u010di ka\u017edodenn\u00e9mu pou\u017e\u00edvaniu. Kuchynsk\u00e1 linka je navrhnut\u00e1 tak, aby poskytovala <strong>dostatok \u00falo\u017en\u00e9ho priestoru<\/strong> a praktick\u00e9 rie\u0161enie pre pohodln\u00e9 varenie aj organiz\u00e1ciu kuchynsk\u00fdch potrieb. <strong>Pracovn\u00e1 doska nie je v cene<\/strong> v kuchynskej linky, je mo\u017en\u00e9 ju doobjedna\u0165.\u00a0Celkov\u00fd modern\u00fd dizajn umoc\u0148uj\u00fa v\u00fdrazn\u00e9<strong> \u00fachytky<\/strong> vo farbe <strong>matn\u00fd chr\u00f3m<\/strong>, ktor\u00e9 s\u00fa v cene kuchynskej linky. Kuchynsk\u00e1 linka je<strong> sektorov\u00e1,<\/strong> je teda mo\u017en\u00e9 si vybra\u0165 z ve\u013ek\u00e9ho\u00a0<strong>mno\u017estva skriniek <\/strong>a vysklada\u0165 kuchy\u0148u\u00a0pod\u013ea Va\u0161ich predst\u00e1v<strong>\u00a0s po\u017eadovan\u00fdm rozmerom.\u00a0\u00a0<\/strong><\/p>\n<p><strong>Skrinky v cene zostavy:<\/strong><\/p>\n<p>1 x 80 cm doln\u00e1 dvojdvierkov\u00e1 drezov\u00e1<\/p>\n<p>1 x 40 cm doln\u00e1 \u0161tvorz\u00e1suvkov\u00e1<\/p>\n<p>1 x 60 cm doln\u00e1 jednodvierkov\u00e1<\/p>\n<p>1 x 80 cm horn\u00e1 dvojdvierkov\u00e1<\/p>\n<p>1 x 40 cm horn\u00e1 jednodvierkov\u00e1<\/p>\n<p>1 x 60 cm horn\u00e1 jednodvierkov\u00e1<\/p>\n<p><strong>Parametre v\u00fdrobku<\/strong><\/p>\n<table style=\"width: 98.5068%;\" border=\"0\" cellspacing=\"5\" cellpadding=\"1\">\n<tbody>\n<tr>\n<td style=\"width: 49.7858%;\"><strong>Typ v\u00fdrobku<\/strong><\/td>\n<td style=\"width: 86.5388%;\">sektorov\u00e1 kuchynsk\u00e1 linka<\/td>\n<\/tr>\n<tr>\n<td style=\"width: 49.7858%;\"><strong>Rozmer zostavy<br \/>\n<\/strong><\/td>\n<td style=\"width: 86.5388%;\">180 cm<\/td>\n<\/tr>\n<tr>\n<td style=\"width: 49.7858%;\"><strong>\u0160\u00edrky horn\u00fdch skriniek v zostave:\u00a0 \u00a0 \u00a0<\/strong><\/td>\n<td style=\"width: 86.5388%;\">80 + 40 + 60 cm<\/td>\n<\/tr>\n<tr>\n<td style=\"width: 49.7858%;\"><strong>\u0160\u00edrky spodn\u00fdch skriniek v zostave:\u00a0<\/strong><\/td>\n<td style=\"width: 86.5388%;\">80 + 40 + 60 cm<\/td>\n<\/tr>\n<tr>\n<td style=\"width: 49.7858%;\"><strong>V\u00fd\u0161ka horn\u00fdch skriniek:<\/strong><\/td>\n<td style=\"width: 86.5388%;\">72 cm<\/td>\n<\/tr>\n<tr>\n<td style=\"width: 49.7858%;\"><strong>V\u00fd\u0161ka spodn\u00fdch skriniek (bez dosky):<\/strong><\/td>\n<td style=\"width: 86.5388%;\">82 cm<\/td>\n<\/tr>\n<tr>\n<td style=\"width: 49.7858%;\"><strong>H\u013abka horn\u00fdch skriniek\u00a0 (bez dvierok):\u00a0 \u00a0 \u00a0 \u00a0<\/strong><\/td>\n<td style=\"width: 86.5388%;\">29 cm<\/td>\n<\/tr>\n<tr>\n<td style=\"width: 49.7858%;\"><strong>H\u013abka spodn\u00fdch skriniek (bez dvierok):<\/strong><\/td>\n<td style=\"width: 86.5388%;\">50 cm<\/td>\n<\/tr>\n<tr>\n<td style=\"width: 49.7858%;\"><strong>Pracovn\u00e1 doska:<\/strong><\/td>\n<td style=\"width: 86.5388%;\">bez pracovnej dosky<\/td>\n<\/tr>\n<tr>\n<td style=\"width: 49.7858%;\"><strong>Farebn\u00e9 prevedenie\u00a0<\/strong><\/td>\n<td style=\"width: 86.5388%;\">korpus Dub Bordeaux<\/td>\n<\/tr>\n<tr>\n<td style=\"width: 49.7858%;\"><strong>Materi\u00e1l<\/strong><\/td>\n<td style=\"width: 86.5388%;\">DTD laminovan\u00e1 16 mm<\/td>\n<\/tr>\n<tr>\n<td style=\"width: 49.7858%;\"><strong>Balenie<\/strong><\/td>\n<td style=\"width: 86.5388%;\">demont<\/td>\n<\/tr>\n<tr>\n<td style=\"width: 49.7858%;\"><strong>Z\u00e1ruka<\/strong><\/td>\n<td style=\"width: 86.5388%;\">2 roky<\/td>\n<\/tr>\n<\/tbody>\n<\/table>\n","protected":false},"excerpt":{"rendered":"<p><img decoding=\"async\" src=\"https:\/\/nabytoklaguna.sk\/sk\/wp-content\/uploads\/2017\/02\/N%C3%A1vrh-2.png\" \/><\/p>\n<p><span style=\"color: #ff0000;\"><strong><span style=\"color: #000000;\">\u00a0N\u00e1vrh a cenov\u00e1 ponuka<\/span> GR\u00c1TIS<\/strong><\/span><\/p>\n","protected":false},"featured_media":126061,"comment_status":"closed","ping_status":"closed","template":"","meta":{"_seopress_robots_primary_cat":"none","_seopress_titles_title":"","_seopress_titles_desc":"","_seopress_robots_index":""},"product_brand":[],"product_cat":[177,248,412],"product_tag":[],"class_list":{"0":"post-126057","1":"product","2":"type-product","3":"status-publish","4":"has-post-thumbnail","6":"product_cat-kuchyne-top","7":"product_cat-kuchyne-sektor","8":"product_cat-kuchyne-na-mieru","10":"first","11":"onbackorder","12":"shipping-taxable","13":"purchasable","14":"product-type-simple"},"_links":{"self":[{"href":"https:\/\/nabytoklaguna.sk\/sk\/wp-json\/wp\/v2\/product\/126057","targetHints":{"allow":["GET"]}}],"collection":[{"href":"https:\/\/nabytoklaguna.sk\/sk\/wp-json\/wp\/v2\/product"}],"about":[{"href":"https:\/\/nabytoklaguna.sk\/sk\/wp-json\/wp\/v2\/types\/product"}],"replies":[{"embeddable":true,"href":"https:\/\/nabytoklaguna.sk\/sk\/wp-json\/wp\/v2\/comments?post=126057"}],"wp:featuredmedia":[{"embeddable":true,"href":"https:\/\/nabytoklaguna.sk\/sk\/wp-json\/wp\/v2\/media\/126061"}],"wp:attachment":[{"href":"https:\/\/nabytoklaguna.sk\/sk\/wp-json\/wp\/v2\/media?parent=126057"}],"wp:term":[{"taxonomy":"product_brand","embeddable":true,"href":"https:\/\/nabytoklaguna.sk\/sk\/wp-json\/wp\/v2\/product_brand?post=126057"},{"taxonomy":"product_cat","embeddable":true,"href":"https:\/\/nabytoklaguna.sk\/sk\/wp-json\/wp\/v2\/product_cat?post=126057"},{"taxonomy":"product_tag","embeddable":true,"href":"https:\/\/nabytoklaguna.sk\/sk\/wp-json\/wp\/v2\/product_tag?post=126057"}],"curies":[{"name":"wp","href":"https:\/\/api.w.org\/{rel}","templated":true}]}}