{"id":126164,"date":"2026-02-24T11:42:01","date_gmt":"2026-02-24T10:42:01","guid":{"rendered":"https:\/\/nabytoklaguna.sk\/sk\/?post_type=product&#038;p=126164"},"modified":"2026-02-24T14:43:32","modified_gmt":"2026-02-24T13:43:32","slug":"grey-rohova-kuchynska-linka-190x170-sivy-lesk","status":"publish","type":"product","link":"https:\/\/nabytoklaguna.sk\/sk\/produkt\/grey-rohova-kuchynska-linka-190x170-sivy-lesk\/","title":{"rendered":"GREY rohov\u00e1 kuchynsk\u00e1 linka 190&#215;170 siv\u00fd lesk"},"content":{"rendered":"<p>Ka\u017ed\u00fd ocen\u00ed prednosti <strong>rohovej<\/strong> <b>kuchynskej linky GREY<strong>\u00a0 190 x 170\u00a0 s pracovnou doskou<\/strong><\/b>. \u0160ikovn\u00e9 gazdinky v nej hravo upe\u010d\u00fa chutn\u00e9 m\u00e4sko \u010di tortu, po ktorej si bude ka\u017ed\u00fd prsty oblizova\u0165. Vari\u0165 a piec\u0165 v kuchyni, ktor\u00e1 je navy\u0161e zariaden\u00e1 modern\u00fdm a multifunk\u010dn\u00fdm n\u00e1bytkom, je doslova rados\u0165. Vybavte svoju kuchy\u0148u linkou <strong>GREY<\/strong><b><strong>\u00a0<\/strong><\/b>varenie sa stane pre v\u00e1s n\u00e1vykom. Modern\u00fd vzh\u013ead zaru\u010duje farebn\u00e1 kombin\u00e1cia <b>siv\u00e1 matn\u00e1 a siv\u00fd lesk<\/b>. Vyroben\u00e1 je\u00a0<b>z DTD laminovanej 16 mm.<\/b>\u00a0 Dvierka sa p\u00fd\u0161ia <b>syst\u00e9mom tich\u00e9ho zatv\u00e1rania<\/b>\u00a0a \u0161upl\u00edky zas\u00a0<b>syst\u00e9mom tich\u00e9ho dorazu. <\/b>Kvalitn\u00e9 prevedenie umocnia <b>kovov\u00e9 \u00fachytky\u00a0vo farbe\u00a0le\u0161ten\u00fd chr\u00f3m. <\/b>Vybera\u0165 m\u00f4\u017eete z mno\u017estva typov skriniek, \u010do v\u00e1m umo\u017e\u0148uje\u00a0<b>posklada\u0165 <\/b>si kuchynsk\u00fa linku <b>pod\u013ea vlastn\u00fdch mo\u017enost\u00ed a po\u017eiadaviek<\/b>. <b>Pracovn\u00e1 doska vo farbe metalic brown\u00a0 je <strong>v cene <\/strong><\/b>\u00a0kuchynskej linky. Kuchynsk\u00e1 linka je<strong>\u00a0sektorov\u00e1,\u00a0<\/strong>je teda mo\u017en\u00e9 si vybra\u0165 z ve\u013ek\u00e9ho\u00a0mno\u017estva skriniek a<strong>\u00a0vysklada\u0165\u00a0<\/strong>kuchy\u0148u\u00a0pod\u013ea Va\u0161ich predst\u00e1v\u00a0<strong>s po\u017eadovan\u00fdm rozmerom. <\/strong>\u00a0<strong>\u00a0<\/strong><\/p>\n<p><strong>Skrinky v cene zostavy:<\/strong><\/p>\n<p>1 x 40 cm doln\u00e1 \u0161upl\u00edkov\u00e1<\/p>\n<p>1 x 90 cm doln\u00e1 rohov\u00e1<\/p>\n<p>1 x 80 cm doln\u00e1 dvojdvierkov\u00e1 drezov\u00e1<\/p>\n<p>1 x 40 cm horn\u00e1 jednodvierkov\u00e1<\/p>\n<p>1 x 60 cm horn\u00e1 digestorov\u00e1<\/p>\n<p>1 x 30 cm horn\u00e1 jednodvierkov\u00e1<\/p>\n<p>1 x 60 cm horn\u00e1 rohov\u00e1 jednodvierkov\u00e1<\/p>\n<p>1 x 30 cm horn\u00e1 jednodvierkov\u00e1<\/p>\n<p>1 x 80 cm horn\u00e1 v\u00fdklopn\u00e1 dvojdvierkov\u00e1<\/p>\n<p><strong>D\u013a\u017eka dosky<\/strong> :\u00a0 89,29,40 cm<\/p>\n<p><strong style=\"font-size: 15.008px;\">H\u013abka dosky<\/strong><span style=\"font-size: 15.008px;\"> : <\/span><span style=\"font-size: 15.008px;\">60 cm\u00a0 \u00a0 \u00a0 <\/span><\/p>\n<p><strong style=\"font-size: 15.008px;\">Hr\u00fabka dosky<\/strong><span style=\"font-size: 15.008px;\">:\u00a0 \u00a0 <\/span><span style=\"font-size: 15.008px;\">2,8 cm<\/span><\/p>\n<div>\n<div><\/div>\n<div><strong style=\"font-size: 15.008px;\">Parametre v\u00fdrobku<\/strong><\/div>\n<\/div>\n<table style=\"width: 99.8784%; height: 663px;\" border=\"0\" cellspacing=\"5\" cellpadding=\"1\">\n<tbody>\n<tr style=\"height: 52px;\">\n<td style=\"width: 52.3323%; height: 52px;\"><strong>Typ v\u00fdrobku<\/strong><\/td>\n<td style=\"width: 88.0339%; height: 52px;\">rohov\u00e1 kuchynsk\u00e1 linka<\/td>\n<\/tr>\n<tr style=\"height: 52px;\">\n<td style=\"width: 52.3323%; height: 52px;\"><strong>Rozmer zostavy<br \/>\n<\/strong><\/td>\n<td style=\"width: 88.0339%; height: 52px;\">190 x 170 cm<\/td>\n<\/tr>\n<tr style=\"height: 52px;\">\n<td style=\"width: 52.3323%; height: 52px;\"><strong>\u0160\u00edrky horn\u00fdch skriniek v zostave:\u00a0<\/strong><\/td>\n<td style=\"width: 88.0339%; height: 52px;\">40 + 60 + 30+ 60 + 30 + 80 cm<\/td>\n<\/tr>\n<tr style=\"height: 52px;\">\n<td style=\"width: 52.3323%; height: 52px;\"><strong>\u0160\u00edrky spodn\u00fdch skriniek v zostave:\u00a0<\/strong><\/td>\n<td style=\"width: 88.0339%; height: 52px;\">40 + 90 + 80 cm<\/td>\n<\/tr>\n<tr style=\"height: 52px;\">\n<td style=\"width: 52.3323%; height: 52px;\"><strong>V\u00fd\u0161ka horn\u00fdch skriniek:<\/strong><\/td>\n<td style=\"width: 88.0339%; height: 52px;\">72 cm<\/td>\n<\/tr>\n<tr style=\"height: 52px;\">\n<td style=\"width: 52.3323%; height: 52px;\"><strong>V\u00fd\u0161ka spodn\u00fdch skriniek (bez dosky):<\/strong><\/td>\n<td style=\"width: 88.0339%; height: 52px;\">82 cm<\/td>\n<\/tr>\n<tr style=\"height: 52px;\">\n<td style=\"width: 52.3323%; height: 52px;\"><strong>H\u013abka horn\u00fdch skriniek (bez dvierok):<\/strong><\/td>\n<td style=\"width: 88.0339%; height: 52px;\">29 cm<\/td>\n<\/tr>\n<tr style=\"height: 52px;\">\n<td style=\"width: 52.3323%; height: 52px;\"><strong>H\u013abka spodn\u00fdch skriniek (bez dvierok):<\/strong><\/td>\n<td style=\"width: 88.0339%; height: 52px;\">50 cm<\/td>\n<\/tr>\n<tr style=\"height: 52px;\">\n<td style=\"width: 52.3323%; height: 52px;\"><strong>Pracovn\u00e1 doska:<\/strong><\/td>\n<td style=\"width: 88.0339%; height: 52px;\">s pracovnou doskou farba metalic brown<\/td>\n<\/tr>\n<tr style=\"height: 52px;\">\n<td style=\"width: 52.3323%; height: 39px;\"><strong>Farebn\u00e9 prevedenie\u00a0<\/strong><\/td>\n<td style=\"width: 88.0339%; height: 39px;\">korpus siv\u00fd mat<\/p>\n<p>farba horn\u00fdch dvierok\u00a0 Siv\u00fd lesk<\/p>\n<p>farba spodn\u00fdch dvierok Siv\u00fd lesk<\/td>\n<\/tr>\n<tr style=\"height: 52px;\">\n<td style=\"width: 52.3323%; height: 52px;\"><strong>Materi\u00e1l<\/strong><\/td>\n<td style=\"width: 88.0339%; height: 52px;\">DTD laminovan\u00e1 16 mm matn\u00e1<\/td>\n<\/tr>\n<tr style=\"height: 52px;\">\n<td style=\"width: 52.3323%; height: 52px;\"><strong>Balenie<\/strong><\/td>\n<td style=\"width: 88.0339%; height: 52px;\">demont<\/td>\n<\/tr>\n<tr style=\"height: 52px;\">\n<td style=\"width: 52.3323%; height: 52px;\"><strong>Z\u00e1ruka<\/strong><\/td>\n<td style=\"width: 88.0339%; height: 52px;\">2 roky<\/td>\n<\/tr>\n<\/tbody>\n<\/table>\n","protected":false},"excerpt":{"rendered":"<p><img decoding=\"async\" src=\"https:\/\/nabytoklaguna.sk\/sk\/wp-content\/uploads\/2017\/02\/N%C3%A1vrh-2.png\" \/><\/p>\n<p><span style=\"color: #ff0000;\"><strong><span style=\"color: #000000;\">\u00a0N\u00e1vrh a cenov\u00e1 ponuka<\/span> GR\u00c1TIS<\/strong><\/span><\/p>\n","protected":false},"featured_media":126208,"comment_status":"closed","ping_status":"closed","template":"","meta":{"_seopress_robots_primary_cat":"none","_seopress_titles_title":"","_seopress_titles_desc":"","_seopress_robots_index":""},"product_brand":[],"product_cat":[177,248,412],"product_tag":[],"class_list":{"0":"post-126164","1":"product","2":"type-product","3":"status-publish","4":"has-post-thumbnail","6":"product_cat-kuchyne-top","7":"product_cat-kuchyne-sektor","8":"product_cat-kuchyne-na-mieru","10":"first","11":"onbackorder","12":"shipping-taxable","13":"purchasable","14":"product-type-simple"},"_links":{"self":[{"href":"https:\/\/nabytoklaguna.sk\/sk\/wp-json\/wp\/v2\/product\/126164","targetHints":{"allow":["GET"]}}],"collection":[{"href":"https:\/\/nabytoklaguna.sk\/sk\/wp-json\/wp\/v2\/product"}],"about":[{"href":"https:\/\/nabytoklaguna.sk\/sk\/wp-json\/wp\/v2\/types\/product"}],"replies":[{"embeddable":true,"href":"https:\/\/nabytoklaguna.sk\/sk\/wp-json\/wp\/v2\/comments?post=126164"}],"wp:featuredmedia":[{"embeddable":true,"href":"https:\/\/nabytoklaguna.sk\/sk\/wp-json\/wp\/v2\/media\/126208"}],"wp:attachment":[{"href":"https:\/\/nabytoklaguna.sk\/sk\/wp-json\/wp\/v2\/media?parent=126164"}],"wp:term":[{"taxonomy":"product_brand","embeddable":true,"href":"https:\/\/nabytoklaguna.sk\/sk\/wp-json\/wp\/v2\/product_brand?post=126164"},{"taxonomy":"product_cat","embeddable":true,"href":"https:\/\/nabytoklaguna.sk\/sk\/wp-json\/wp\/v2\/product_cat?post=126164"},{"taxonomy":"product_tag","embeddable":true,"href":"https:\/\/nabytoklaguna.sk\/sk\/wp-json\/wp\/v2\/product_tag?post=126164"}],"curies":[{"name":"wp","href":"https:\/\/api.w.org\/{rel}","templated":true}]}}