{"id":126317,"date":"2026-02-26T14:03:55","date_gmt":"2026-02-26T13:03:55","guid":{"rendered":"https:\/\/nabytoklaguna.sk\/sk\/?post_type=product&#038;p=126317"},"modified":"2026-02-26T14:47:11","modified_gmt":"2026-02-26T13:47:11","slug":"daisy-pohovka","status":"publish","type":"product","link":"https:\/\/nabytoklaguna.sk\/sk\/produkt\/daisy-pohovka\/","title":{"rendered":"Daisy pohovka"},"content":{"rendered":"<p data-start=\"88\" data-end=\"394\">Rozkladacia pohovka <strong>Daisy<\/strong> s elegantn\u00fdm <strong data-start=\"121\" data-end=\"147\">pre\u0161\u00edvan\u00edm <\/strong>\u00a0sp\u00e1ja modern\u00fd dizajn, vysok\u00fd komfort a praktick\u00e9 funkcie, ktor\u00e9 ocen\u00edte pri ka\u017edodennom pou\u017e\u00edvan\u00ed. Dekorat\u00edvne pre\u0161\u00edvanie dod\u00e1va pohovke <strong>\u0161t\u00fdlov\u00fd a nad\u010dasov\u00fd vzh\u013ead<\/strong>, z\u00e1rove\u0148 pom\u00e1ha udr\u017eiava\u0165 tvar sed\u00e1kov a zvy\u0161uje pohodlie pri seden\u00ed aj odpo\u010dinku. V\u010faka <strong data-start=\"402\" data-end=\"422\">funkcii rozkladu<\/strong> pohovku jednoducho premen\u00edte na pohodln\u00e9 l\u00f4\u017eko vhodn\u00e9 na pr\u00edle\u017eitostn\u00e9 prespanie n\u00e1v\u0161tev alebo ka\u017edodenn\u00fd relax. S\u00fa\u010das\u0165ou je aj <strong data-start=\"551\" data-end=\"580\">praktick\u00fd \u00falo\u017en\u00fd priestor<\/strong>, ktor\u00fd poskytuje dostatok miesta na ulo\u017eenie poste\u013enej bielizne, prikr\u00fdvok \u010di vank\u00fa\u0161ov a pom\u00e1ha udr\u017eiava\u0165 poriadok v dom\u00e1cnosti. Pohovka <strong>Daisy<\/strong> je ide\u00e1lnym rie\u0161en\u00edm do ob\u00fdva\u010dky, men\u0161\u00edch bytov alebo hos\u0165ovsk\u00fdch izieb, kde je d\u00f4le\u017eit\u00e9 efekt\u00edvne vyu\u017eitie priestoru bez kompromisov v pohodl\u00ed a dizajne.<\/p>\n<table class=\"table-data-sheet\">\n<tbody>\n<tr class=\"odd\">\n<td>H\u013abka<\/td>\n<td>103 cm<\/td>\n<\/tr>\n<tr class=\"even\">\n<td>\u0160\u00edrka<\/td>\n<td>240 cm<\/td>\n<\/tr>\n<tr class=\"even\">\n<td>Vhodn\u00e1 miestnos\u0165<\/td>\n<td>ob\u00fdva\u010dka, spolo\u010densk\u00e1 miestnos\u0165, hotely, kaviarne<\/td>\n<\/tr>\n<tr class=\"odd\">\n<td>Typ n\u00e1bytku<\/td>\n<td>pohovka<\/td>\n<\/tr>\n<tr class=\"even\">\n<td>\u0160t\u00fdl n\u00e1bytku<\/td>\n<td>modern\u00fd<\/td>\n<\/tr>\n<tr class=\"odd\">\n<td>Z\u00e1ruka<\/td>\n<td>2 roky<\/td>\n<\/tr>\n<tr class=\"even\">\n<td>Sp\u00f4sob dodania<\/td>\n<td>demont<\/td>\n<\/tr>\n<tr class=\"even\">\n<td>\u00dalo\u017en\u00fd priestor<\/td>\n<td>\u00e1no<\/td>\n<\/tr>\n<tr class=\"odd\">\n<td>Rohov\u00e9 prevedenie<\/td>\n<td>nie<\/td>\n<\/tr>\n<tr class=\"even\">\n<td>V\u00fd\u0161ka<\/td>\n<td>90 cm<\/td>\n<\/tr>\n<tr class=\"even\">\n<td>Mo\u017enos\u0165 rozkladania<\/td>\n<td>\u00e1no<\/td>\n<\/tr>\n<tr class=\"odd\">\n<td>Plocha na spanie<\/td>\n<td><span style=\"font-family: inherit; font-size: inherit;\">197 x 147 cm<\/span><\/td>\n<\/tr>\n<tr class=\"even\">\n<td>Kon\u0161trukcia<\/td>\n<td>DTD<\/td>\n<\/tr>\n<tr class=\"odd\">\n<td>N\u00f4\u017eky<\/td>\n<td>plast<\/td>\n<\/tr>\n<tr class=\"even\">\n<td>Obsahuje vank\u00fa\u0161e<\/td>\n<td>\u00e1no<\/td>\n<\/tr>\n<tr class=\"odd\">\n<td>Nastavenie opierok<\/td>\n<td>nie<\/td>\n<\/tr>\n<tr class=\"even\">\n<td>V\u00fdpl\u0148 seda\u010dky<\/td>\n<td>pena + pru\u017eina falista<\/td>\n<\/tr>\n<\/tbody>\n<\/table>\n","protected":false},"excerpt":{"rendered":"<p>Rozkladacia pohovka Daisy s elegantn\u00fdm pre\u0161\u00edvan\u00edm \u00a0sp\u00e1ja modern\u00fd dizajn, vysok\u00fd komfort a praktick\u00e9 funkcie, ktor\u00e9 ocen\u00edte pri ka\u017edodennom pou\u017e\u00edvan\u00ed. Dekorat\u00edvne pre\u0161\u00edvanie dod\u00e1va pohovke \u0161t\u00fdlov\u00fd a nad\u010dasov\u00fd vzh\u013ead, z\u00e1rove\u0148 pom\u00e1ha udr\u017eiava\u0165 tvar sed\u00e1kov a zvy\u0161uje pohodlie pri seden\u00ed aj odpo\u010dinku. V\u010faka funkcii rozkladu pohovku jednoducho premen\u00edte na pohodln\u00e9 l\u00f4\u017eko vhodn\u00e9 na pr\u00edle\u017eitostn\u00e9 prespanie n\u00e1v\u0161tev alebo ka\u017edodenn\u00fd&#8230;<\/p>\n","protected":false},"featured_media":126319,"comment_status":"closed","ping_status":"closed","template":"","meta":{"_seopress_robots_primary_cat":"none","_seopress_titles_title":"","_seopress_titles_desc":"","_seopress_robots_index":""},"product_brand":[],"product_cat":[219],"product_tag":[],"class_list":{"0":"post-126317","1":"product","2":"type-product","3":"status-publish","4":"has-post-thumbnail","6":"product_cat-pohovky","8":"first","9":"onbackorder","10":"shipping-taxable","11":"purchasable","12":"product-type-simple"},"_links":{"self":[{"href":"https:\/\/nabytoklaguna.sk\/sk\/wp-json\/wp\/v2\/product\/126317","targetHints":{"allow":["GET"]}}],"collection":[{"href":"https:\/\/nabytoklaguna.sk\/sk\/wp-json\/wp\/v2\/product"}],"about":[{"href":"https:\/\/nabytoklaguna.sk\/sk\/wp-json\/wp\/v2\/types\/product"}],"replies":[{"embeddable":true,"href":"https:\/\/nabytoklaguna.sk\/sk\/wp-json\/wp\/v2\/comments?post=126317"}],"wp:featuredmedia":[{"embeddable":true,"href":"https:\/\/nabytoklaguna.sk\/sk\/wp-json\/wp\/v2\/media\/126319"}],"wp:attachment":[{"href":"https:\/\/nabytoklaguna.sk\/sk\/wp-json\/wp\/v2\/media?parent=126317"}],"wp:term":[{"taxonomy":"product_brand","embeddable":true,"href":"https:\/\/nabytoklaguna.sk\/sk\/wp-json\/wp\/v2\/product_brand?post=126317"},{"taxonomy":"product_cat","embeddable":true,"href":"https:\/\/nabytoklaguna.sk\/sk\/wp-json\/wp\/v2\/product_cat?post=126317"},{"taxonomy":"product_tag","embeddable":true,"href":"https:\/\/nabytoklaguna.sk\/sk\/wp-json\/wp\/v2\/product_tag?post=126317"}],"curies":[{"name":"wp","href":"https:\/\/api.w.org\/{rel}","templated":true}]}}