{"id":126341,"date":"2026-03-02T11:32:32","date_gmt":"2026-03-02T10:32:32","guid":{"rendered":"https:\/\/nabytoklaguna.sk\/sk\/?post_type=product&#038;p=126341"},"modified":"2026-03-02T13:15:37","modified_gmt":"2026-03-02T12:15:37","slug":"bangkok-255-skrina","status":"publish","type":"product","link":"https:\/\/nabytoklaguna.sk\/sk\/produkt\/bangkok-255-skrina\/","title":{"rendered":"Bangkok 255 skri\u0148a"},"content":{"rendered":"<p data-start=\"0\" data-end=\"156\">Skri\u0148a <strong data-start=\"7\" data-end=\"18\">BANGKOK<\/strong> pon\u00faka modern\u00fd dizajn s <strong>troma posuvn\u00fdmi zalomen\u00fdmi dverami<\/strong> a <strong>troma praktick\u00fdmi z\u00e1suvkami<\/strong>, ktor\u00e9 zabezpe\u010dia dostatok \u00falo\u017en\u00e9ho priestoru.<\/p>\n<p data-start=\"0\" data-end=\"156\">V cene je zahrnut\u00e9 aj kompletn\u00e9 vn\u00fatorn\u00e9 vybavenie skrine \u2013 bez \u010fal\u0161\u00edch pr\u00edplatkov. O plynul\u00fd a tich\u00fd chod sa staraj\u00fa hlin\u00edkov\u00e9 ko\u013eajni\u010dky a kvalitn\u00e9 kovanie zna\u010dky <span class=\"hover:entity-accent entity-underline inline cursor-pointer align-baseline\"><span class=\"whitespace-normal\">Hettich<\/span><\/span>. Bo\u010dn\u00e9 hrany dver\u00ed s\u00fa vybaven\u00e9 ochrann\u00fdmi li\u0161tami s kart\u00e1\u010dkov\u00fdm tesnen\u00edm pre vy\u0161\u0161\u00ed komfort a ochranu pred prachom.<\/p>\n<p data-start=\"68\" data-end=\"304\"><strong data-start=\"308\" data-end=\"329\">Hlavn\u00e9 prednosti:<\/strong><\/p>\n<ul data-start=\"330\" data-end=\"797\">\n<li data-start=\"330\" data-end=\"393\">\n<p data-start=\"332\" data-end=\"393\"><strong data-start=\"332\" data-end=\"352\">Dynamick\u00fd dizajn<\/strong>, ktor\u00fd o\u017eiv\u00ed va\u0161e interi\u00e9rov\u00e9 rie\u0161enie<\/p>\n<\/li>\n<li data-start=\"483\" data-end=\"559\">\n<p data-start=\"485\" data-end=\"559\"><strong data-start=\"485\" data-end=\"505\">Funk\u010dn\u00fd interi\u00e9r<\/strong>\u00a0s dostatkom \u00falo\u017en\u00e9ho miesta pre oble\u010denie i doplnky<\/p>\n<\/li>\n<li data-start=\"560\" data-end=\"610\">\n<p data-start=\"562\" data-end=\"610\"><strong data-start=\"562\" data-end=\"581\">Pohodln\u00e9 \u00fachyty<\/strong>\u00a0pre jednoduch\u00fa manipul\u00e1ciu<\/p>\n<\/li>\n<li data-start=\"611\" data-end=\"686\">\n<p data-start=\"613\" data-end=\"686\"><strong data-start=\"613\" data-end=\"639\">Bezpe\u010dn\u00e9 posuvn\u00e9 dvere<\/strong>, ktor\u00e9 \u0161etria priestor a plynulo sa otv\u00e1raj\u00fa<\/p>\n<\/li>\n<li data-start=\"687\" data-end=\"737\">\n<p data-start=\"689\" data-end=\"737\"><strong data-start=\"689\" data-end=\"709\">Kovov\u00e9 ko\u013eajnice<\/strong>\u00a0pre spo\u013eahliv\u00fd chod dver\u00ed<\/p>\n<\/li>\n<li data-start=\"738\" data-end=\"797\">\n<p data-start=\"740\" data-end=\"797\"><strong data-start=\"740\" data-end=\"770\">Spodn\u00e9 voz\u00edky na lo\u017eisk\u00e1ch<\/strong>\u00a0pre tich\u00fd a hladk\u00fd posun<\/p>\n<\/li>\n<\/ul>\n<p>Rozmer\/\u0160xHxV\/:255x65x215 cm<\/p>\n<p><strong>Parametre v\u00fdrobku<\/strong><\/p>\n<table border=\"0\" cellspacing=\"5\" cellpadding=\"1\">\n<tbody>\n<tr>\n<td><strong>Typ v\u00fdrobku<\/strong><\/td>\n<td>Skri\u0148a<\/td>\n<\/tr>\n<tr>\n<td><strong>Materi\u00e1l<\/strong><\/td>\n<td>DTD laminovan\u00e1<\/td>\n<\/tr>\n<tr>\n<td><strong>Rozmery \u0161\/h\/v<br \/>\n<\/strong><\/td>\n<td>255x65x217 cm<\/td>\n<\/tr>\n<tr>\n<td><strong>Balenie<\/strong><\/td>\n<td>demont<\/td>\n<\/tr>\n<tr>\n<td><strong>Z\u00e1ruka<\/strong><\/td>\n<td>2 roky<\/td>\n<\/tr>\n<tr>\n<td><\/td>\n<\/tr>\n<\/tbody>\n<\/table>\n","protected":false},"excerpt":{"rendered":"<p>Skri\u0148a BANGKOK pon\u00faka modern\u00fd dizajn s troma posuvn\u00fdmi zalomen\u00fdmi dverami a troma praktick\u00fdmi z\u00e1suvkami, ktor\u00e9 zabezpe\u010dia dostatok \u00falo\u017en\u00e9ho priestoru. V cene je zahrnut\u00e9 aj kompletn\u00e9 vn\u00fatorn\u00e9 vybavenie skrine \u2013 bez \u010fal\u0161\u00edch pr\u00edplatkov. O plynul\u00fd a tich\u00fd chod sa staraj\u00fa hlin\u00edkov\u00e9 ko\u013eajni\u010dky a kvalitn\u00e9 kovanie zna\u010dky Hettich. Bo\u010dn\u00e9 hrany dver\u00ed s\u00fa vybaven\u00e9 ochrann\u00fdmi li\u0161tami s kart\u00e1\u010dkov\u00fdm&#8230;<\/p>\n","protected":false},"featured_media":126351,"comment_status":"closed","ping_status":"closed","template":"","meta":{"_seopress_robots_primary_cat":"none","_seopress_titles_title":"","_seopress_titles_desc":"","_seopress_robots_index":""},"product_brand":[],"product_cat":[1585,225],"product_tag":[],"class_list":{"0":"post-126341","1":"product","2":"type-product","3":"status-publish","4":"has-post-thumbnail","6":"product_cat-s-posuvnymi-dverami","7":"product_cat-skrine","8":"pa_farba-biela","9":"pa_farba-grafit","11":"first","12":"instock","13":"shipping-taxable","14":"purchasable","15":"product-type-variable"},"_links":{"self":[{"href":"https:\/\/nabytoklaguna.sk\/sk\/wp-json\/wp\/v2\/product\/126341","targetHints":{"allow":["GET"]}}],"collection":[{"href":"https:\/\/nabytoklaguna.sk\/sk\/wp-json\/wp\/v2\/product"}],"about":[{"href":"https:\/\/nabytoklaguna.sk\/sk\/wp-json\/wp\/v2\/types\/product"}],"replies":[{"embeddable":true,"href":"https:\/\/nabytoklaguna.sk\/sk\/wp-json\/wp\/v2\/comments?post=126341"}],"wp:featuredmedia":[{"embeddable":true,"href":"https:\/\/nabytoklaguna.sk\/sk\/wp-json\/wp\/v2\/media\/126351"}],"wp:attachment":[{"href":"https:\/\/nabytoklaguna.sk\/sk\/wp-json\/wp\/v2\/media?parent=126341"}],"wp:term":[{"taxonomy":"product_brand","embeddable":true,"href":"https:\/\/nabytoklaguna.sk\/sk\/wp-json\/wp\/v2\/product_brand?post=126341"},{"taxonomy":"product_cat","embeddable":true,"href":"https:\/\/nabytoklaguna.sk\/sk\/wp-json\/wp\/v2\/product_cat?post=126341"},{"taxonomy":"product_tag","embeddable":true,"href":"https:\/\/nabytoklaguna.sk\/sk\/wp-json\/wp\/v2\/product_tag?post=126341"}],"curies":[{"name":"wp","href":"https:\/\/api.w.org\/{rel}","templated":true}]}}