{"id":126367,"date":"2026-03-02T12:47:38","date_gmt":"2026-03-02T11:47:38","guid":{"rendered":"https:\/\/nabytoklaguna.sk\/sk\/?post_type=product&#038;p=126367"},"modified":"2026-03-02T13:03:56","modified_gmt":"2026-03-02T12:03:56","slug":"bastia-lux-200-skrina","status":"publish","type":"product","link":"https:\/\/nabytoklaguna.sk\/sk\/produkt\/bastia-lux-200-skrina\/","title":{"rendered":"Bastia LUX 200 skri\u0148a"},"content":{"rendered":"<p data-start=\"0\" data-end=\"330\"><strong data-start=\"0\" data-end=\"21\">Skri\u0148a BASTIA LUX 200<\/strong> \u2013 \u0161t\u00fdlov\u00e9 rie\u0161enie pre modern\u00fd interi\u00e9r.<br data-start=\"62\" data-end=\"65\" \/>T\u00e1to elegantn\u00e1 skri\u0148a vynik\u00e1 svojou modernou koloristikou a nad\u010dasov\u00fdm dizajnom, ktor\u00fd jednoducho zapadne do sp\u00e1lne, \u0161atn\u00edka \u010di predsiene. Kombin\u00e1cia kvalitn\u00fdch materi\u00e1lov a premyslen\u00e9ho spracovania zaru\u010duje nielen pekn\u00fd vzh\u013ead, ale aj praktick\u00e9 vyu\u017eitie ka\u017ed\u00fd de\u0148.<\/p>\n<p data-start=\"332\" data-end=\"355\"><strong data-start=\"334\" data-end=\"355\">Hlavn\u00e9 prednosti:<\/strong><\/p>\n<ul data-start=\"356\" data-end=\"705\">\n<li data-start=\"356\" data-end=\"434\">\n<p data-start=\"358\" data-end=\"434\"><strong data-start=\"358\" data-end=\"381\">Modern\u00e1 koloristika<\/strong>, ktor\u00e1 dod\u00e1 priestoru svie\u017ei a elegantn\u00fd charakter<\/p>\n<\/li>\n<li data-start=\"435\" data-end=\"491\">\n<p data-start=\"437\" data-end=\"491\">\u0160t\u00fdlov\u00e9 <strong data-start=\"445\" data-end=\"462\">panelov\u00e9 \u010del\u00e1<\/strong> pre v\u00fdrazn\u00fd a pevn\u00fd vzh\u013ead<\/p>\n<\/li>\n<li data-start=\"492\" data-end=\"558\">\n<p data-start=\"494\" data-end=\"558\">Dekorat\u00edvne <strong data-start=\"506\" data-end=\"522\">ozdobn\u00e9 sklo<\/strong>, ktor\u00e9 pod\u010diarkuje celkov\u00fd dizajn<\/p>\n<\/li>\n<li data-start=\"559\" data-end=\"628\">\n<p data-start=\"561\" data-end=\"628\"><strong data-start=\"561\" data-end=\"579\">Po\u010detn\u00e9 police<\/strong> pre preh\u013eadn\u00e9 uskladnenie oble\u010denia a doplnkov<\/p>\n<\/li>\n<li data-start=\"629\" data-end=\"705\">\n<p data-start=\"631\" data-end=\"705\"><strong data-start=\"631\" data-end=\"651\">Funk\u010dn\u00fd interi\u00e9r<\/strong> navrhnut\u00fd pre maxim\u00e1lne vyu\u017eitie \u00falo\u017en\u00e9ho priestoru<\/p>\n<\/li>\n<\/ul>\n<p>Rozmer (\u0160xVxH): 200 x 215 x 65 cm<\/p>\n<p><strong>Parametre v\u00fdrobku<\/strong><\/p>\n<table border=\"0\" cellspacing=\"5\" cellpadding=\"1\">\n<tbody>\n<tr>\n<td><strong>Typ v\u00fdrobku<\/strong><\/td>\n<td>Skri\u0148a s posuvn\u00fdmi dverami<\/td>\n<\/tr>\n<tr>\n<td><strong>Materi\u00e1l<\/strong><\/td>\n<td>DTD laminovan\u00e1\/sklo<\/td>\n<\/tr>\n<tr>\n<td><strong>Rozmery \u0161\/v\/h<br \/>\n<\/strong><\/td>\n<td>200 x 215 x 65 cm<\/td>\n<\/tr>\n<tr>\n<td><strong>Balenie<\/strong><\/td>\n<td>demont<\/td>\n<\/tr>\n<\/tbody>\n<\/table>\n","protected":false},"excerpt":{"rendered":"<p>Skri\u0148a BASTIA LUX 200 \u2013 \u0161t\u00fdlov\u00e9 rie\u0161enie pre modern\u00fd interi\u00e9r.T\u00e1to elegantn\u00e1 skri\u0148a vynik\u00e1 svojou modernou koloristikou a nad\u010dasov\u00fdm dizajnom, ktor\u00fd jednoducho zapadne do sp\u00e1lne, \u0161atn\u00edka \u010di predsiene. Kombin\u00e1cia kvalitn\u00fdch materi\u00e1lov a premyslen\u00e9ho spracovania zaru\u010duje nielen pekn\u00fd vzh\u013ead, ale aj praktick\u00e9 vyu\u017eitie ka\u017ed\u00fd de\u0148. Hlavn\u00e9 prednosti: Modern\u00e1 koloristika, ktor\u00e1 dod\u00e1 priestoru svie\u017ei a elegantn\u00fd charakter \u0160t\u00fdlov\u00e9&#8230;<\/p>\n","protected":false},"featured_media":126375,"comment_status":"closed","ping_status":"closed","template":"","meta":{"_seopress_robots_primary_cat":"none","_seopress_titles_title":"","_seopress_titles_desc":"","_seopress_robots_index":""},"product_brand":[],"product_cat":[1585,225],"product_tag":[],"class_list":{"0":"post-126367","1":"product","2":"type-product","3":"status-publish","4":"has-post-thumbnail","6":"product_cat-s-posuvnymi-dverami","7":"product_cat-skrine","8":"pa_farba-bezova","9":"pa_farba-grafit","11":"first","12":"instock","13":"shipping-taxable","14":"purchasable","15":"product-type-simple"},"_links":{"self":[{"href":"https:\/\/nabytoklaguna.sk\/sk\/wp-json\/wp\/v2\/product\/126367","targetHints":{"allow":["GET"]}}],"collection":[{"href":"https:\/\/nabytoklaguna.sk\/sk\/wp-json\/wp\/v2\/product"}],"about":[{"href":"https:\/\/nabytoklaguna.sk\/sk\/wp-json\/wp\/v2\/types\/product"}],"replies":[{"embeddable":true,"href":"https:\/\/nabytoklaguna.sk\/sk\/wp-json\/wp\/v2\/comments?post=126367"}],"wp:featuredmedia":[{"embeddable":true,"href":"https:\/\/nabytoklaguna.sk\/sk\/wp-json\/wp\/v2\/media\/126375"}],"wp:attachment":[{"href":"https:\/\/nabytoklaguna.sk\/sk\/wp-json\/wp\/v2\/media?parent=126367"}],"wp:term":[{"taxonomy":"product_brand","embeddable":true,"href":"https:\/\/nabytoklaguna.sk\/sk\/wp-json\/wp\/v2\/product_brand?post=126367"},{"taxonomy":"product_cat","embeddable":true,"href":"https:\/\/nabytoklaguna.sk\/sk\/wp-json\/wp\/v2\/product_cat?post=126367"},{"taxonomy":"product_tag","embeddable":true,"href":"https:\/\/nabytoklaguna.sk\/sk\/wp-json\/wp\/v2\/product_tag?post=126367"}],"curies":[{"name":"wp","href":"https:\/\/api.w.org\/{rel}","templated":true}]}}