{"id":126455,"date":"2026-03-03T11:56:42","date_gmt":"2026-03-03T10:56:42","guid":{"rendered":"https:\/\/nabytoklaguna.sk\/sk\/?post_type=product&#038;p=126455"},"modified":"2026-03-03T12:29:24","modified_gmt":"2026-03-03T11:29:24","slug":"bali-d3-lux-skrina","status":"publish","type":"product","link":"https:\/\/nabytoklaguna.sk\/sk\/produkt\/bali-d3-lux-skrina\/","title":{"rendered":"Bali D3 lux skri\u0148a"},"content":{"rendered":"<p data-start=\"0\" data-end=\"350\"><strong data-start=\"0\" data-end=\"19\">Skri\u0148a BALI LUX D3<\/strong>\u2013 elegancia a praktickos\u0165 v dokonalom spojen\u00ed.<br data-start=\"66\" data-end=\"69\" \/>T\u00e1to modern\u00e1 \u0161tvordverov\u00e1 skri\u0148a v\u00e1s o\u010dar\u00ed svoj\u00edm nad\u010dasov\u00fdm dizajnom a harmonick\u00fdm spojen\u00edm neutr\u00e1lnych farieb, ktor\u00e9 p\u00f4sobia pokojne a prirodzene. V\u010faka svojmu univerz\u00e1lnemu vzh\u013eadu sa hod\u00ed do predsiene, sp\u00e1lne, ob\u00fdvacej aj detskej izby a jednoducho zapadne do ka\u017ed\u00e9ho interi\u00e9ru.<\/p>\n<p data-start=\"352\" data-end=\"375\"><strong data-start=\"354\" data-end=\"375\">Hlavn\u00e9 prednosti:<\/strong><\/p>\n<ul data-start=\"376\" data-end=\"742\">\n<li data-start=\"376\" data-end=\"446\">\n<p data-start=\"378\" data-end=\"446\">\u0160tvordverov\u00e9 prevedenie so zrkadlami na dvoch stredov\u00fdch dvierkach<\/p>\n<\/li>\n<li data-start=\"447\" data-end=\"500\">\n<p data-start=\"449\" data-end=\"500\">Tri praktick\u00e9 z\u00e1suvky pre e\u0161te lep\u0161iu organiz\u00e1ciu<\/p>\n<\/li>\n<li data-start=\"501\" data-end=\"573\">\n<p data-start=\"503\" data-end=\"573\">Police, z\u00e1vesn\u00e1 ty\u010d a z\u00e1suvky zahrnut\u00e9 v cene \u2013 bez \u010fal\u0161\u00edch n\u00e1kladov<\/p>\n<\/li>\n<li data-start=\"574\" data-end=\"628\">\n<p data-start=\"576\" data-end=\"628\">Dostato\u010dn\u00fd \u00falo\u017en\u00fd priestor na oble\u010denie aj doplnky<\/p>\n<\/li>\n<li data-start=\"629\" data-end=\"688\">\n<p data-start=\"631\" data-end=\"688\">Hr\u00fabka materi\u00e1lu 16 mm pre stabiln\u00fa a pevn\u00fa kon\u0161trukciu<\/p>\n<\/li>\n<li data-start=\"689\" data-end=\"742\">\n<p data-start=\"691\" data-end=\"742\">Jemn\u00e9 \u00fachytky, ktor\u00e9 pod\u010diarkuj\u00fa elegantn\u00fd vzh\u013ead<\/p>\n<\/li>\n<\/ul>\n<p>Rozmer (\u0160xVxH): 149 x 200 x 58 cm<\/p>\n<p><strong>Parametre v\u00fdrobku<\/strong><\/p>\n<table border=\"0\" cellspacing=\"5\" cellpadding=\"1\">\n<tbody>\n<tr>\n<td><strong>Typ v\u00fdrobku<\/strong><\/td>\n<td>Skri\u0148a s posuvn\u00fdmi dverami<\/td>\n<\/tr>\n<tr>\n<td><strong>Materi\u00e1l<\/strong><\/td>\n<td>DTD laminovan\u00e1\/sklo<\/td>\n<\/tr>\n<tr>\n<td><strong>Rozmery \u0161\/v\/h<br \/>\n<\/strong><\/td>\n<td>149 x 200 x 58 cm<\/td>\n<\/tr>\n<tr>\n<td><strong>Balenie<\/strong><\/td>\n<td>demont<\/td>\n<\/tr>\n<\/tbody>\n<\/table>\n","protected":false},"excerpt":{"rendered":"<p>Skri\u0148a BALI LUX D3\u2013 elegancia a praktickos\u0165 v dokonalom spojen\u00ed.T\u00e1to modern\u00e1 \u0161tvordverov\u00e1 skri\u0148a v\u00e1s o\u010dar\u00ed svoj\u00edm nad\u010dasov\u00fdm dizajnom a harmonick\u00fdm spojen\u00edm neutr\u00e1lnych farieb, ktor\u00e9 p\u00f4sobia pokojne a prirodzene. V\u010faka svojmu univerz\u00e1lnemu vzh\u013eadu sa hod\u00ed do predsiene, sp\u00e1lne, ob\u00fdvacej aj detskej izby a jednoducho zapadne do ka\u017ed\u00e9ho interi\u00e9ru. Hlavn\u00e9 prednosti: \u0160tvordverov\u00e9 prevedenie so zrkadlami na dvoch&#8230;<\/p>\n","protected":false},"featured_media":126463,"comment_status":"closed","ping_status":"closed","template":"","meta":{"_seopress_robots_primary_cat":"none","_seopress_titles_title":"","_seopress_titles_desc":"","_seopress_robots_index":""},"product_brand":[],"product_cat":[1585,225],"product_tag":[],"class_list":{"0":"post-126455","1":"product","2":"type-product","3":"status-publish","4":"has-post-thumbnail","6":"product_cat-s-posuvnymi-dverami","7":"product_cat-skrine","8":"pa_farba-biela","9":"pa_farba-cierna-2","11":"first","12":"instock","13":"shipping-taxable","14":"purchasable","15":"product-type-variable"},"_links":{"self":[{"href":"https:\/\/nabytoklaguna.sk\/sk\/wp-json\/wp\/v2\/product\/126455","targetHints":{"allow":["GET"]}}],"collection":[{"href":"https:\/\/nabytoklaguna.sk\/sk\/wp-json\/wp\/v2\/product"}],"about":[{"href":"https:\/\/nabytoklaguna.sk\/sk\/wp-json\/wp\/v2\/types\/product"}],"replies":[{"embeddable":true,"href":"https:\/\/nabytoklaguna.sk\/sk\/wp-json\/wp\/v2\/comments?post=126455"}],"wp:featuredmedia":[{"embeddable":true,"href":"https:\/\/nabytoklaguna.sk\/sk\/wp-json\/wp\/v2\/media\/126463"}],"wp:attachment":[{"href":"https:\/\/nabytoklaguna.sk\/sk\/wp-json\/wp\/v2\/media?parent=126455"}],"wp:term":[{"taxonomy":"product_brand","embeddable":true,"href":"https:\/\/nabytoklaguna.sk\/sk\/wp-json\/wp\/v2\/product_brand?post=126455"},{"taxonomy":"product_cat","embeddable":true,"href":"https:\/\/nabytoklaguna.sk\/sk\/wp-json\/wp\/v2\/product_cat?post=126455"},{"taxonomy":"product_tag","embeddable":true,"href":"https:\/\/nabytoklaguna.sk\/sk\/wp-json\/wp\/v2\/product_tag?post=126455"}],"curies":[{"name":"wp","href":"https:\/\/api.w.org\/{rel}","templated":true}]}}