{"id":126761,"date":"2026-03-10T14:19:11","date_gmt":"2026-03-10T13:19:11","guid":{"rendered":"https:\/\/nabytoklaguna.sk\/sk\/?post_type=product&#038;p=126761"},"modified":"2026-03-10T14:55:20","modified_gmt":"2026-03-10T13:55:20","slug":"panama-208-skrina","status":"publish","type":"product","link":"https:\/\/nabytoklaguna.sk\/sk\/produkt\/panama-208-skrina\/","title":{"rendered":"Panama 208 skri\u0148a"},"content":{"rendered":"<p data-start=\"0\" data-end=\"393\"><strong data-start=\"0\" data-end=\"45\">Skri\u0148a PANAMA 208<\/strong>\u00a0\u2013 praktick\u00e1 elegancia pre ka\u017ed\u00fd interi\u00e9r.<br data-start=\"87\" data-end=\"90\" \/>Modern\u00e9 prepojenie<strong> bieleho dekoru<\/strong> s pr\u00edrodn\u00fdm odtie\u0148om <strong>dubu grand<\/strong> p\u00f4sob\u00ed elegantne a z\u00e1rove\u0148 univerz\u00e1lne, tak\u017ee skri\u0148a <strong>PANAMA 208<\/strong> sa\u00a0 hod\u00ed do r\u00f4znych typov interi\u00e9rov. Skvele zapadne do sp\u00e1lne, \u0161tudentskej izby aj predsiene.<\/p>\n<p data-start=\"68\" data-end=\"304\"><strong data-start=\"308\" data-end=\"329\">Hlavn\u00e9 prednosti:<\/strong><\/p>\n<ul data-start=\"330\" data-end=\"797\">\n<li data-start=\"330\" data-end=\"393\">\n<p data-start=\"332\" data-end=\"393\"><strong data-start=\"332\" data-end=\"352\">Mno\u017estvo<\/strong> prakticky rozmiestnen\u00e9ho<strong data-start=\"332\" data-end=\"352\"> \u00falo\u017en\u00e9ho priestoru<\/strong><\/p>\n<\/li>\n<li data-start=\"633\" data-end=\"679\">\n<p data-start=\"635\" data-end=\"679\"><strong>Praktick\u00e9 z\u00e1suvky<\/strong> pre lep\u0161iu organiz\u00e1ciu<\/p>\n<\/li>\n<li data-start=\"483\" data-end=\"559\">\n<p data-start=\"485\" data-end=\"559\">Modern\u00e1 kombin\u00e1cia <strong>bieleho dekoru a dubu grand<\/strong><\/p>\n<\/li>\n<li>Hr\u00fabka materi\u00e1lu 16 mm pre <strong>stabiln\u00fa a pevn\u00fa kon\u0161trukciu<\/strong><\/li>\n<\/ul>\n<p>Rozmer (\u0160xVxH): 208 x 217 x 65 cm<\/p>\n<p><strong>Parametre v\u00fdrobku<\/strong><\/p>\n<table style=\"width: 100%; height: 203px;\" border=\"0\" cellspacing=\"5\" cellpadding=\"1\">\n<tbody>\n<tr style=\"height: 51px;\">\n<td style=\"height: 51px; width: 46.9185%;\"><strong>Typ v\u00fdrobku<\/strong><\/td>\n<td style=\"height: 51px; width: 52.6839%;\">Skri\u0148a<\/td>\n<\/tr>\n<tr style=\"height: 51px;\">\n<td style=\"height: 51px; width: 46.9185%;\"><strong>Materi\u00e1l<\/strong><\/td>\n<td style=\"height: 51px; width: 52.6839%;\">DTD laminovan\u00e1<\/td>\n<\/tr>\n<tr style=\"height: 51px;\">\n<td style=\"height: 51px; width: 46.9185%;\"><strong>Rozmery \u0161\/v\/h<br \/>\n<\/strong><\/td>\n<td style=\"height: 51px; width: 52.6839%;\">208 x 217 x 65 cm<\/td>\n<\/tr>\n<tr style=\"height: 50px;\">\n<td style=\"height: 50px; width: 46.9185%;\"><strong>Balenie<\/strong><\/td>\n<td style=\"height: 50px; width: 52.6839%;\">demont<\/td>\n<\/tr>\n<tr>\n<td style=\"width: 46.9185%;\"><strong>Farebn\u00e9 prevedenie<\/strong><\/td>\n<td style=\"width: 52.6839%;\">biela\/dub grand pr\u00edrodn\u00fd<\/td>\n<\/tr>\n<\/tbody>\n<\/table>\n","protected":false},"excerpt":{"rendered":"<p>Skri\u0148a PANAMA 208\u00a0\u2013 praktick\u00e1 elegancia pre ka\u017ed\u00fd interi\u00e9r.Modern\u00e9 prepojenie bieleho dekoru s pr\u00edrodn\u00fdm odtie\u0148om dubu grand p\u00f4sob\u00ed elegantne a z\u00e1rove\u0148 univerz\u00e1lne, tak\u017ee skri\u0148a PANAMA 208 sa\u00a0 hod\u00ed do r\u00f4znych typov interi\u00e9rov. Skvele zapadne do sp\u00e1lne, \u0161tudentskej izby aj predsiene. Hlavn\u00e9 prednosti: Mno\u017estvo prakticky rozmiestnen\u00e9ho \u00falo\u017en\u00e9ho priestoru Praktick\u00e9 z\u00e1suvky pre lep\u0161iu organiz\u00e1ciu Modern\u00e1 kombin\u00e1cia bieleho dekoru&#8230;<\/p>\n","protected":false},"featured_media":126762,"comment_status":"closed","ping_status":"closed","template":"","meta":{"_seopress_robots_primary_cat":"none","_seopress_titles_title":"","_seopress_titles_desc":"","_seopress_robots_index":""},"product_brand":[],"product_cat":[1585,225],"product_tag":[],"class_list":{"0":"post-126761","1":"product","2":"type-product","3":"status-publish","4":"has-post-thumbnail","6":"product_cat-s-posuvnymi-dverami","7":"product_cat-skrine","8":"pa_farba-biela-dub-wotan","9":"pa_farba-dub-viking-cierna","10":"pa_farba-kasmir-cierna","11":"pa_farba-kasmir-dub-wotan","13":"first","14":"instock","15":"shipping-taxable","16":"purchasable","17":"product-type-simple"},"_links":{"self":[{"href":"https:\/\/nabytoklaguna.sk\/sk\/wp-json\/wp\/v2\/product\/126761","targetHints":{"allow":["GET"]}}],"collection":[{"href":"https:\/\/nabytoklaguna.sk\/sk\/wp-json\/wp\/v2\/product"}],"about":[{"href":"https:\/\/nabytoklaguna.sk\/sk\/wp-json\/wp\/v2\/types\/product"}],"replies":[{"embeddable":true,"href":"https:\/\/nabytoklaguna.sk\/sk\/wp-json\/wp\/v2\/comments?post=126761"}],"wp:featuredmedia":[{"embeddable":true,"href":"https:\/\/nabytoklaguna.sk\/sk\/wp-json\/wp\/v2\/media\/126762"}],"wp:attachment":[{"href":"https:\/\/nabytoklaguna.sk\/sk\/wp-json\/wp\/v2\/media?parent=126761"}],"wp:term":[{"taxonomy":"product_brand","embeddable":true,"href":"https:\/\/nabytoklaguna.sk\/sk\/wp-json\/wp\/v2\/product_brand?post=126761"},{"taxonomy":"product_cat","embeddable":true,"href":"https:\/\/nabytoklaguna.sk\/sk\/wp-json\/wp\/v2\/product_cat?post=126761"},{"taxonomy":"product_tag","embeddable":true,"href":"https:\/\/nabytoklaguna.sk\/sk\/wp-json\/wp\/v2\/product_tag?post=126761"}],"curies":[{"name":"wp","href":"https:\/\/api.w.org\/{rel}","templated":true}]}}