{"id":126842,"date":"2026-03-11T14:24:37","date_gmt":"2026-03-11T13:24:37","guid":{"rendered":"https:\/\/nabytoklaguna.sk\/sk\/?post_type=product&#038;p=126842"},"modified":"2026-03-11T14:27:07","modified_gmt":"2026-03-11T13:27:07","slug":"pekin-d4-skrina","status":"publish","type":"product","link":"https:\/\/nabytoklaguna.sk\/sk\/produkt\/pekin-d4-skrina\/","title":{"rendered":"Pekin D4 skri\u0148a"},"content":{"rendered":"<p data-start=\"0\" data-end=\"359\"><strong data-start=\"0\" data-end=\"17\">Skri\u0148a PEKIN D4<\/strong>\u00a0\u2013 \u0161t\u00fdlov\u00fd detail, ktor\u00fd o\u017eiv\u00ed va\u0161u sp\u00e1l\u0148u.<br data-start=\"60\" data-end=\"63\" \/>T\u00e1to modern\u00e1 \u0161atn\u00edkov\u00e1 skri\u0148a zaujme na prv\u00fd poh\u013ead ergonomick\u00fdmi\u00a0 \u00fachytkami. V\u010faka \u010dist\u00fdm l\u00edni\u00e1m a modern\u00e9mu farebn\u00e9mu prevedeniu sa stane v\u00fdrazn\u00fdm, no z\u00e1rove\u0148 vkusn\u00fdm doplnkom ka\u017ed\u00e9ho interi\u00e9ru.<\/p>\n<p data-start=\"0\" data-end=\"359\">Skri\u0148a je vyroben\u00e1 z <strong>kvalitn\u00fdch a odoln\u00fdch materi\u00e1lov<\/strong>, \u010do zaru\u010duje jej pevnos\u0165, stabilitu a dlh\u00fa \u017eivotnos\u0165. Prakticky rie\u0161en\u00fd vn\u00fatorn\u00fd priestor pon\u00faka dostatok miesta na oble\u010denie aj doplnky, tak\u017ee budete ma\u0165 v\u0161etko preh\u013eadne usporiadan\u00e9.<\/p>\n<p data-start=\"601\" data-end=\"624\"><strong data-start=\"603\" data-end=\"624\">Hlavn\u00e9 prednosti:<\/strong><\/p>\n<ul data-start=\"625\" data-end=\"862\">\n<li data-start=\"625\" data-end=\"658\">\n<p data-start=\"627\" data-end=\"658\">2 dvierka (+ 2 so zrkadlom)<\/p>\n<\/li>\n<li data-start=\"659\" data-end=\"705\">\n<p data-start=\"661\" data-end=\"705\"><strong>3 praktick\u00e9 z\u00e1suvky<\/strong> pre lep\u0161iu organiz\u00e1ciu<\/p>\n<\/li>\n<li data-start=\"706\" data-end=\"763\">\n<p data-start=\"708\" data-end=\"763\"><strong>Laminovan\u00e1 drevotrieskov\u00e1 doska<\/strong> pre pevn\u00fa kon\u0161trukciu<\/p>\n<\/li>\n<li data-start=\"764\" data-end=\"813\">\n<p data-start=\"766\" data-end=\"813\">Kovov\u00e9 \u00fachytky v elegantnom preveden\u00ed<\/p>\n<\/li>\n<li data-start=\"814\" data-end=\"862\">\n<p data-start=\"816\" data-end=\"862\">Modern\u00fd dizajn s v\u00fdraznou drevokresbou<\/p>\n<\/li>\n<\/ul>\n<p>Rozmer (\u0160xVxH): 196 x <strong>215<\/strong> x 60 cm<\/p>\n<p><strong>Parametre v\u00fdrobku<\/strong><\/p>\n<table style=\"width: 100%; height: 203px;\" border=\"0\" cellspacing=\"5\" cellpadding=\"1\">\n<tbody>\n<tr style=\"height: 51px;\">\n<td style=\"height: 51px; width: 46.9185%;\"><strong>Typ v\u00fdrobku<\/strong><\/td>\n<td style=\"height: 51px; width: 52.6839%;\">Skri\u0148a<\/td>\n<\/tr>\n<tr style=\"height: 51px;\">\n<td style=\"height: 51px; width: 46.9185%;\"><strong>Materi\u00e1l<\/strong><\/td>\n<td style=\"height: 51px; width: 52.6839%;\">DTD laminovan\u00e1<\/td>\n<\/tr>\n<tr style=\"height: 51px;\">\n<td style=\"height: 51px; width: 46.9185%;\"><strong>Rozmery \u0161\/v\/h<br \/>\n<\/strong><\/td>\n<td style=\"height: 51px; width: 52.6839%;\">196 x <strong>215<\/strong> x 60 cm<\/td>\n<\/tr>\n<tr style=\"height: 50px;\">\n<td style=\"height: 50px; width: 46.9185%;\"><strong>Balenie<\/strong><\/td>\n<td style=\"height: 50px; width: 52.6839%;\">demont<\/td>\n<\/tr>\n<tr>\n<td style=\"width: 46.9185%;\"><strong>Farebn\u00e9 prevedenie<\/strong><\/td>\n<td style=\"width: 52.6839%;\">dub wotan<\/td>\n<\/tr>\n<\/tbody>\n<\/table>\n","protected":false},"excerpt":{"rendered":"<p>Skri\u0148a PEKIN D4\u00a0\u2013 \u0161t\u00fdlov\u00fd detail, ktor\u00fd o\u017eiv\u00ed va\u0161u sp\u00e1l\u0148u.T\u00e1to modern\u00e1 \u0161atn\u00edkov\u00e1 skri\u0148a zaujme na prv\u00fd poh\u013ead ergonomick\u00fdmi\u00a0 \u00fachytkami. V\u010faka \u010dist\u00fdm l\u00edni\u00e1m a modern\u00e9mu farebn\u00e9mu prevedeniu sa stane v\u00fdrazn\u00fdm, no z\u00e1rove\u0148 vkusn\u00fdm doplnkom ka\u017ed\u00e9ho interi\u00e9ru. Skri\u0148a je vyroben\u00e1 z kvalitn\u00fdch a odoln\u00fdch materi\u00e1lov, \u010do zaru\u010duje jej pevnos\u0165, stabilitu a dlh\u00fa \u017eivotnos\u0165. Prakticky rie\u0161en\u00fd vn\u00fatorn\u00fd priestor pon\u00faka&#8230;<\/p>\n","protected":false},"featured_media":126808,"comment_status":"closed","ping_status":"closed","template":"","meta":{"_seopress_robots_primary_cat":"none","_seopress_titles_title":"","_seopress_titles_desc":"","_seopress_robots_index":""},"product_brand":[],"product_cat":[225,1586],"product_tag":[],"class_list":{"0":"post-126842","1":"product","2":"type-product","3":"status-publish","4":"has-post-thumbnail","6":"product_cat-skrine","7":"product_cat-klasicky-otvaracie","8":"pa_farba-biela-dub-wotan","9":"pa_farba-dub-viking-cierna","10":"pa_farba-kasmir-cierna","11":"pa_farba-kasmir-dub-wotan","13":"first","14":"instock","15":"shipping-taxable","16":"purchasable","17":"product-type-simple"},"_links":{"self":[{"href":"https:\/\/nabytoklaguna.sk\/sk\/wp-json\/wp\/v2\/product\/126842","targetHints":{"allow":["GET"]}}],"collection":[{"href":"https:\/\/nabytoklaguna.sk\/sk\/wp-json\/wp\/v2\/product"}],"about":[{"href":"https:\/\/nabytoklaguna.sk\/sk\/wp-json\/wp\/v2\/types\/product"}],"replies":[{"embeddable":true,"href":"https:\/\/nabytoklaguna.sk\/sk\/wp-json\/wp\/v2\/comments?post=126842"}],"wp:featuredmedia":[{"embeddable":true,"href":"https:\/\/nabytoklaguna.sk\/sk\/wp-json\/wp\/v2\/media\/126808"}],"wp:attachment":[{"href":"https:\/\/nabytoklaguna.sk\/sk\/wp-json\/wp\/v2\/media?parent=126842"}],"wp:term":[{"taxonomy":"product_brand","embeddable":true,"href":"https:\/\/nabytoklaguna.sk\/sk\/wp-json\/wp\/v2\/product_brand?post=126842"},{"taxonomy":"product_cat","embeddable":true,"href":"https:\/\/nabytoklaguna.sk\/sk\/wp-json\/wp\/v2\/product_cat?post=126842"},{"taxonomy":"product_tag","embeddable":true,"href":"https:\/\/nabytoklaguna.sk\/sk\/wp-json\/wp\/v2\/product_tag?post=126842"}],"curies":[{"name":"wp","href":"https:\/\/api.w.org\/{rel}","templated":true}]}}