{"id":126849,"date":"2026-03-11T14:39:59","date_gmt":"2026-03-11T13:39:59","guid":{"rendered":"https:\/\/nabytoklaguna.sk\/sk\/?post_type=product&#038;p=126849"},"modified":"2026-03-11T14:47:09","modified_gmt":"2026-03-11T13:47:09","slug":"praga-200-skrina","status":"publish","type":"product","link":"https:\/\/nabytoklaguna.sk\/sk\/produkt\/praga-200-skrina\/","title":{"rendered":"Praga 200 skri\u0148a"},"content":{"rendered":"<p data-start=\"68\" data-end=\"304\"><strong data-start=\"68\" data-end=\"90\">Skri\u0148a PRAGA 200<\/strong>\u00a0\u2013 <strong>\u0161t\u00fdlov\u00e1 a praktick\u00e1 dominanta va\u0161ej sp\u00e1lne \u010di \u0161atn\u00edka.<\/strong><br data-start=\"151\" data-end=\"154\" \/>T\u00e1to modern\u00e1 skri\u0148a sp\u00e1ja <strong data-start=\"180\" data-end=\"200\">dynamick\u00fd vzh\u013ead<\/strong> s prec\u00edznym spracovan\u00edm a prin\u00e1\u0161a v\u0161etko, \u010do potrebujete pre pohodln\u00e9 a bezpe\u010dn\u00e9 ka\u017edodenn\u00e9 pou\u017e\u00edvanie.<\/p>\n<p data-start=\"68\" data-end=\"304\"><strong data-start=\"308\" data-end=\"329\">Hlavn\u00e9 prednosti:<\/strong><\/p>\n<ul data-start=\"330\" data-end=\"797\">\n<li data-start=\"330\" data-end=\"393\">\n<p data-start=\"332\" data-end=\"393\"><strong data-start=\"332\" data-end=\"352\">Dynamick\u00fd dizajn<\/strong>, ktor\u00fd o\u017eiv\u00ed va\u0161e interi\u00e9rov\u00e9 rie\u0161enie<\/p>\n<\/li>\n<li data-start=\"394\" data-end=\"482\">\n<p data-start=\"396\" data-end=\"482\">Elegantn\u00e9 <strong data-start=\"406\" data-end=\"427\">\u00a0zrkadlo<\/strong> pre optick\u00e9 zv\u00e4\u010d\u0161enie priestoru a praktick\u00e9 vyu\u017eitie<\/p>\n<\/li>\n<li data-start=\"483\" data-end=\"559\">\n<p data-start=\"485\" data-end=\"559\"><strong data-start=\"485\" data-end=\"505\">Funk\u010dn\u00fd interi\u00e9r<\/strong> s dostatkom \u00falo\u017en\u00e9ho miesta pre oble\u010denie i doplnky<\/p>\n<\/li>\n<li data-start=\"483\" data-end=\"559\">\n<p data-start=\"485\" data-end=\"559\"><strong>Ochrann\u00e9 li\u0161ty s kart\u00e1\u010dov\u00fdm tesnen\u00edm<\/strong> na bo\u010dn\u00fdch hran\u00e1ch dver\u00ed<\/p>\n<\/li>\n<li data-start=\"483\" data-end=\"559\">\n<p data-start=\"485\" data-end=\"559\"><strong data-start=\"613\" data-end=\"639\">Bezpe\u010dn\u00e9 posuvn\u00e9 dvere<\/strong>, ktor\u00e9 \u0161etria priestor a plynulo sa otv\u00e1raj\u00fa<\/p>\n<\/li>\n<li data-start=\"483\" data-end=\"559\">\n<p data-start=\"485\" data-end=\"559\"><strong data-start=\"689\" data-end=\"709\">Kovov\u00e9 ko\u013eajnice<\/strong> pre spo\u013eahliv\u00fd chod dver\u00ed<\/p>\n<\/li>\n<li data-start=\"483\" data-end=\"559\">\n<p data-start=\"485\" data-end=\"559\"><strong data-start=\"740\" data-end=\"770\">Spodn\u00e9 voz\u00edky na lo\u017eisk\u00e1ch<\/strong> pre tich\u00fd a hladk\u00fd posun<\/p>\n<\/li>\n<\/ul>\n<p>Rozmer (\u0160xVxH): 200 x 210 x 65 cm<\/p>\n<p><strong>Parametre v\u00fdrobku<\/strong><\/p>\n<table border=\"0\" cellspacing=\"5\" cellpadding=\"1\">\n<tbody>\n<tr>\n<td><strong>Typ v\u00fdrobku<\/strong><\/td>\n<td>Skri\u0148a s posuvn\u00fdmi dverami<\/td>\n<\/tr>\n<tr>\n<td><strong>Materi\u00e1l<\/strong><\/td>\n<td>DTD laminovan\u00e1\/sklo<\/td>\n<\/tr>\n<tr>\n<td><strong>Rozmery \u0161\/v\/h<br \/>\n<\/strong><\/td>\n<td>200 x 210 x 65 cm<\/td>\n<\/tr>\n<tr>\n<td><strong>Balenie<\/strong><\/td>\n<td>demont<\/td>\n<\/tr>\n<tr>\n<td><strong>Farebn\u00e9 prevedenie<\/strong><\/td>\n<td>dub wotan, biela<\/td>\n<\/tr>\n<\/tbody>\n<\/table>\n","protected":false},"excerpt":{"rendered":"<p>Skri\u0148a PRAGA 200\u00a0\u2013 \u0161t\u00fdlov\u00e1 a praktick\u00e1 dominanta va\u0161ej sp\u00e1lne \u010di \u0161atn\u00edka.T\u00e1to modern\u00e1 skri\u0148a sp\u00e1ja dynamick\u00fd vzh\u013ead s prec\u00edznym spracovan\u00edm a prin\u00e1\u0161a v\u0161etko, \u010do potrebujete pre pohodln\u00e9 a bezpe\u010dn\u00e9 ka\u017edodenn\u00e9 pou\u017e\u00edvanie. Hlavn\u00e9 prednosti: Dynamick\u00fd dizajn, ktor\u00fd o\u017eiv\u00ed va\u0161e interi\u00e9rov\u00e9 rie\u0161enie Elegantn\u00e9 \u00a0zrkadlo pre optick\u00e9 zv\u00e4\u010d\u0161enie priestoru a praktick\u00e9 vyu\u017eitie Funk\u010dn\u00fd interi\u00e9r s dostatkom \u00falo\u017en\u00e9ho miesta pre&#8230;<\/p>\n","protected":false},"featured_media":126852,"comment_status":"closed","ping_status":"closed","template":"","meta":{"_seopress_robots_primary_cat":"none","_seopress_titles_title":"","_seopress_titles_desc":"","_seopress_robots_index":""},"product_brand":[],"product_cat":[1585,225],"product_tag":[],"class_list":{"0":"post-126849","1":"product","2":"type-product","3":"status-publish","4":"has-post-thumbnail","6":"product_cat-s-posuvnymi-dverami","7":"product_cat-skrine","8":"pa_farba-biela","9":"pa_farba-dub-wotan","11":"first","12":"instock","13":"shipping-taxable","14":"purchasable","15":"product-type-variable"},"_links":{"self":[{"href":"https:\/\/nabytoklaguna.sk\/sk\/wp-json\/wp\/v2\/product\/126849","targetHints":{"allow":["GET"]}}],"collection":[{"href":"https:\/\/nabytoklaguna.sk\/sk\/wp-json\/wp\/v2\/product"}],"about":[{"href":"https:\/\/nabytoklaguna.sk\/sk\/wp-json\/wp\/v2\/types\/product"}],"replies":[{"embeddable":true,"href":"https:\/\/nabytoklaguna.sk\/sk\/wp-json\/wp\/v2\/comments?post=126849"}],"wp:featuredmedia":[{"embeddable":true,"href":"https:\/\/nabytoklaguna.sk\/sk\/wp-json\/wp\/v2\/media\/126852"}],"wp:attachment":[{"href":"https:\/\/nabytoklaguna.sk\/sk\/wp-json\/wp\/v2\/media?parent=126849"}],"wp:term":[{"taxonomy":"product_brand","embeddable":true,"href":"https:\/\/nabytoklaguna.sk\/sk\/wp-json\/wp\/v2\/product_brand?post=126849"},{"taxonomy":"product_cat","embeddable":true,"href":"https:\/\/nabytoklaguna.sk\/sk\/wp-json\/wp\/v2\/product_cat?post=126849"},{"taxonomy":"product_tag","embeddable":true,"href":"https:\/\/nabytoklaguna.sk\/sk\/wp-json\/wp\/v2\/product_tag?post=126849"}],"curies":[{"name":"wp","href":"https:\/\/api.w.org\/{rel}","templated":true}]}}