{"id":126895,"date":"2026-03-11T16:26:25","date_gmt":"2026-03-11T15:26:25","guid":{"rendered":"https:\/\/nabytoklaguna.sk\/sk\/?post_type=product&#038;p=126895"},"modified":"2026-03-23T11:33:54","modified_gmt":"2026-03-23T10:33:54","slug":"elena-2d-3s-skrina","status":"publish","type":"product","link":"https:\/\/nabytoklaguna.sk\/sk\/produkt\/elena-2d-3s-skrina\/","title":{"rendered":"ELENA 2D 3S skri\u0148a"},"content":{"rendered":"<p data-start=\"361\" data-end=\"599\">Skri\u0148a <strong>ELENA 2D<\/strong> <strong>3S<\/strong> je univerz\u00e1lnym n\u00e1bytkom a svojim \u0161t\u00fdlom zapadne do modernej ob\u00fdvacej izby aj do sp\u00e1lne \u010di predsiene. Skri\u0148a<strong> ELENA<\/strong> je vyroben\u00e1 z vysoko kvalitn\u00fdch materi\u00e1lov, odoln\u00fdch proti po\u0161kriabaniu a slne\u010dn\u00e9mu \u017eiareniu, zais\u0165uj\u00facich vysok\u00fa \u017eivotnos\u0165 a bezpe\u010dnos\u0165 pou\u017e\u00edvania. Interi\u00e9r skrine bol navrhnut\u00fd tak, aby oddelil priestor s <strong>policami<\/strong> a <strong>miestom s ve\u0161iakom na \u0161aty\u00a0<\/strong> + z\u00e1rove\u0148 <strong>3 \u0161ufl\u00edky. <\/strong>\u00a0Model sa vyzna\u010duje <strong>jednoduch\u00fdmi tvarmi<\/strong> a priestrann\u00fdm interi\u00e9rom. Jemn\u00e9 \u00fachytky zdobia model pri zachovan\u00ed jeho reprezentat\u00edvnej hodnoty.<\/p>\n<p data-start=\"601\" data-end=\"624\"><strong data-start=\"603\" data-end=\"624\">Charakteristick\u00e9 vlastnosti:<\/strong><\/p>\n<ul data-start=\"625\" data-end=\"862\">\n<li>klasick\u00fd dizajn<\/li>\n<li>2 dvierka + 3 \u0161ufl\u00edky<\/li>\n<li data-start=\"625\" data-end=\"658\">\u010del\u00e1 a korpusy vo farb\u00e1ch : biela, dub sonoma, dub lefkas,<\/li>\n<li data-start=\"625\" data-end=\"658\">laminovan\u00e1 drevotrieskov\u00e1 doska<\/li>\n<li data-start=\"625\" data-end=\"658\">mo\u017enos\u0165<strong> dok\u00fapi\u0165 nadstavec<\/strong><\/li>\n<li data-start=\"625\" data-end=\"658\">\u00fachytky vyroben\u00e9 z plastu<\/li>\n<\/ul>\n<p>Rozmer (\u0160xVxH): 90 x 190 x 53 cm<\/p>\n<p><strong>Parametre v\u00fdrobku<\/strong><\/p>\n<table style=\"width: 100%; height: 203px;\" border=\"0\" cellspacing=\"5\" cellpadding=\"1\">\n<tbody>\n<tr style=\"height: 51px;\">\n<td style=\"height: 51px; width: 46.9185%;\"><strong>Typ v\u00fdrobku<\/strong><\/td>\n<td style=\"height: 51px; width: 52.6839%;\">Skri\u0148a<\/td>\n<\/tr>\n<tr style=\"height: 51px;\">\n<td style=\"height: 51px; width: 46.9185%;\"><strong>Materi\u00e1l<\/strong><\/td>\n<td style=\"height: 51px; width: 52.6839%;\">DTD laminovan\u00e1<\/td>\n<\/tr>\n<tr style=\"height: 51px;\">\n<td style=\"height: 51px; width: 46.9185%;\"><strong>Rozmery \u0161\/v\/h<br \/>\n<\/strong><\/td>\n<td style=\"height: 51px; width: 52.6839%;\">90 x 190 x 53 cm<\/td>\n<\/tr>\n<tr style=\"height: 50px;\">\n<td style=\"height: 50px; width: 46.9185%;\"><strong>Balenie<\/strong><\/td>\n<td style=\"height: 50px; width: 52.6839%;\">demont<\/td>\n<\/tr>\n<tr>\n<td style=\"width: 46.9185%;\"><strong>Farebn\u00e9 prevedenie<\/strong><\/td>\n<td style=\"width: 52.6839%;\">biela, dub sonoma, dub lefkas,<\/td>\n<\/tr>\n<\/tbody>\n<\/table>\n","protected":false},"excerpt":{"rendered":"<p>Skri\u0148a ELENA 2D 3S je univerz\u00e1lnym n\u00e1bytkom a svojim \u0161t\u00fdlom zapadne do modernej ob\u00fdvacej izby aj do sp\u00e1lne \u010di predsiene. Skri\u0148a ELENA je vyroben\u00e1 z vysoko kvalitn\u00fdch materi\u00e1lov, odoln\u00fdch proti po\u0161kriabaniu a slne\u010dn\u00e9mu \u017eiareniu, zais\u0165uj\u00facich vysok\u00fa \u017eivotnos\u0165 a bezpe\u010dnos\u0165 pou\u017e\u00edvania. Interi\u00e9r skrine bol navrhnut\u00fd tak, aby oddelil priestor s policami a miestom s ve\u0161iakom na&#8230;<\/p>\n","protected":false},"featured_media":126789,"comment_status":"closed","ping_status":"closed","template":"","meta":{"_seopress_robots_primary_cat":"none","_seopress_titles_title":"","_seopress_titles_desc":"","_seopress_robots_index":""},"product_brand":[],"product_cat":[225,1586],"product_tag":[],"class_list":{"0":"post-126895","1":"product","2":"type-product","3":"status-publish","4":"has-post-thumbnail","6":"product_cat-skrine","7":"product_cat-klasicky-otvaracie","8":"pa_farba-dub-lefkas","9":"pa_farba-biela","10":"pa_farba-dub-sonoma","12":"first","13":"instock","14":"shipping-taxable","15":"purchasable","16":"product-type-variable"},"_links":{"self":[{"href":"https:\/\/nabytoklaguna.sk\/sk\/wp-json\/wp\/v2\/product\/126895","targetHints":{"allow":["GET"]}}],"collection":[{"href":"https:\/\/nabytoklaguna.sk\/sk\/wp-json\/wp\/v2\/product"}],"about":[{"href":"https:\/\/nabytoklaguna.sk\/sk\/wp-json\/wp\/v2\/types\/product"}],"replies":[{"embeddable":true,"href":"https:\/\/nabytoklaguna.sk\/sk\/wp-json\/wp\/v2\/comments?post=126895"}],"wp:featuredmedia":[{"embeddable":true,"href":"https:\/\/nabytoklaguna.sk\/sk\/wp-json\/wp\/v2\/media\/126789"}],"wp:attachment":[{"href":"https:\/\/nabytoklaguna.sk\/sk\/wp-json\/wp\/v2\/media?parent=126895"}],"wp:term":[{"taxonomy":"product_brand","embeddable":true,"href":"https:\/\/nabytoklaguna.sk\/sk\/wp-json\/wp\/v2\/product_brand?post=126895"},{"taxonomy":"product_cat","embeddable":true,"href":"https:\/\/nabytoklaguna.sk\/sk\/wp-json\/wp\/v2\/product_cat?post=126895"},{"taxonomy":"product_tag","embeddable":true,"href":"https:\/\/nabytoklaguna.sk\/sk\/wp-json\/wp\/v2\/product_tag?post=126895"}],"curies":[{"name":"wp","href":"https:\/\/api.w.org\/{rel}","templated":true}]}}