{"id":126919,"date":"2026-03-12T09:42:20","date_gmt":"2026-03-12T08:42:20","guid":{"rendered":"https:\/\/nabytoklaguna.sk\/sk\/?post_type=product&#038;p=126919"},"modified":"2026-03-23T12:07:43","modified_gmt":"2026-03-23T11:07:43","slug":"nadstavec-na-skrinu-elena-3d","status":"publish","type":"product","link":"https:\/\/nabytoklaguna.sk\/sk\/produkt\/nadstavec-na-skrinu-elena-3d\/","title":{"rendered":"NADSTAVEC na skri\u0148u elena 3D"},"content":{"rendered":"<p data-start=\"361\" data-end=\"599\"><b>Nadstavec na skri\u0148u ELENA 3D\u00a0 <\/b>v\u00e1s ka\u017ed\u00fd de\u0148 prekvap\u00ed t\u00fdm, \u010do v\u0161etko sa do neho zmest\u00ed.<\/p>\n<p data-start=\"361\" data-end=\"599\">Najv\u00e4\u010d\u0161\u00ed probl\u00e9m v dom\u00e1cnosti je <b>nedostatok \u00falo\u017en\u00e9ho priestoru<\/b>. M\u00e1me \u010doraz viac nepotrebn\u00fdch \u010di potrebn\u00fdch vec\u00ed, ktor\u00e9 nemaj\u00fa svoje\u00a0<b>st\u00e1le miesto<\/b>, neust\u00e1le ich premiest\u0148ujeme zo skrine na poli\u010dku\u00a0 a po nejakom \u010dase nem\u00e1me ani len tu\u0161enie, kde sme to zalo\u017eili. Vyrie\u0161te to raz a nav\u017edy so <b>\u0161atn\u00edkov\u00fdm programom ELENA<\/b>.\u00a0 <b>Praktick\u00fd<\/b>\u00a0v\u00fdber skr\u00ed\u0148, ktor\u00e9 m\u00f4\u017eete\u00a0<b>kombinova\u0165<\/b>\u00a0pod\u013ea toho, ak\u00fd ve\u013ek\u00fd \u00falo\u017en\u00fd priestor potrebujete \u010di u\u017e v\u00a0<b>detskej izbe, sp\u00e1lni <\/b>alebo na\u00a0<b>chodbe<\/b>. \u0160atn\u00edk je vyroben\u00fd z kvalitnej\u00a0laminovanej drevotriesky\u00a0v preveden\u00ed\u00a0<b>biela, sonoma, dub lefkas.<\/b><\/p>\n<p data-start=\"601\" data-end=\"624\"><strong data-start=\"603\" data-end=\"624\">Charakteristick\u00e9 vlastnosti:<\/strong><\/p>\n<ul data-start=\"625\" data-end=\"862\">\n<li>klasick\u00fd dizajn<\/li>\n<li>3 dvierka<\/li>\n<li data-start=\"625\" data-end=\"658\">farba : biela, dub sonoma, dub lefkas<\/li>\n<li data-start=\"625\" data-end=\"658\">laminovan\u00e1 drevotrieskov\u00e1 doska<\/li>\n<li data-start=\"625\" data-end=\"658\">\u00fachytky vyroben\u00e9 z plastu<\/li>\n<\/ul>\n<p>Rozmer (\u0160xVxH): 133 x 55 x 53 cm<\/p>\n<p><strong>Parametre v\u00fdrobku<\/strong><\/p>\n<table style=\"width: 100%; height: 203px;\" border=\"0\" cellspacing=\"5\" cellpadding=\"1\">\n<tbody>\n<tr style=\"height: 51px;\">\n<td style=\"height: 51px; width: 46.9185%;\"><strong>Typ v\u00fdrobku<\/strong><\/td>\n<td style=\"height: 51px; width: 52.6839%;\">nadstavec<\/td>\n<\/tr>\n<tr style=\"height: 51px;\">\n<td style=\"height: 51px; width: 46.9185%;\"><strong>Materi\u00e1l<\/strong><\/td>\n<td style=\"height: 51px; width: 52.6839%;\">DTD laminovan\u00e1<\/td>\n<\/tr>\n<tr style=\"height: 51px;\">\n<td style=\"height: 51px; width: 46.9185%;\"><strong>Rozmery \u0161\/v\/h<br \/>\n<\/strong><\/td>\n<td style=\"height: 51px; width: 52.6839%;\">133 x 55 x 53 cm<\/td>\n<\/tr>\n<tr style=\"height: 50px;\">\n<td style=\"height: 50px; width: 46.9185%;\"><strong>Balenie<\/strong><\/td>\n<td style=\"height: 50px; width: 52.6839%;\">demont<\/td>\n<\/tr>\n<tr>\n<td style=\"width: 46.9185%;\"><strong>Farebn\u00e9 prevedenie<\/strong><\/td>\n<td style=\"width: 52.6839%;\">biela, dub sonoma, dub lefkas,<\/td>\n<\/tr>\n<\/tbody>\n<\/table>\n","protected":false},"excerpt":{"rendered":"<p>Nadstavec na skri\u0148u ELENA 3D\u00a0 v\u00e1s ka\u017ed\u00fd de\u0148 prekvap\u00ed t\u00fdm, \u010do v\u0161etko sa do neho zmest\u00ed. Najv\u00e4\u010d\u0161\u00ed probl\u00e9m v dom\u00e1cnosti je nedostatok \u00falo\u017en\u00e9ho priestoru. M\u00e1me \u010doraz viac nepotrebn\u00fdch \u010di potrebn\u00fdch vec\u00ed, ktor\u00e9 nemaj\u00fa svoje\u00a0st\u00e1le miesto, neust\u00e1le ich premiest\u0148ujeme zo skrine na poli\u010dku\u00a0 a po nejakom \u010dase nem\u00e1me ani len tu\u0161enie, kde sme to zalo\u017eili. Vyrie\u0161te&#8230;<\/p>\n","protected":false},"featured_media":126928,"comment_status":"closed","ping_status":"closed","template":"","meta":{"_seopress_robots_primary_cat":"none","_seopress_titles_title":"","_seopress_titles_desc":"","_seopress_robots_index":""},"product_brand":[],"product_cat":[225,1586],"product_tag":[],"class_list":{"0":"post-126919","1":"product","2":"type-product","3":"status-publish","4":"has-post-thumbnail","6":"product_cat-skrine","7":"product_cat-klasicky-otvaracie","8":"pa_farba-dub-lefkas","9":"pa_farba-biela","10":"pa_farba-dub-sonoma","12":"first","13":"instock","14":"shipping-taxable","15":"purchasable","16":"product-type-variable"},"_links":{"self":[{"href":"https:\/\/nabytoklaguna.sk\/sk\/wp-json\/wp\/v2\/product\/126919","targetHints":{"allow":["GET"]}}],"collection":[{"href":"https:\/\/nabytoklaguna.sk\/sk\/wp-json\/wp\/v2\/product"}],"about":[{"href":"https:\/\/nabytoklaguna.sk\/sk\/wp-json\/wp\/v2\/types\/product"}],"replies":[{"embeddable":true,"href":"https:\/\/nabytoklaguna.sk\/sk\/wp-json\/wp\/v2\/comments?post=126919"}],"wp:featuredmedia":[{"embeddable":true,"href":"https:\/\/nabytoklaguna.sk\/sk\/wp-json\/wp\/v2\/media\/126928"}],"wp:attachment":[{"href":"https:\/\/nabytoklaguna.sk\/sk\/wp-json\/wp\/v2\/media?parent=126919"}],"wp:term":[{"taxonomy":"product_brand","embeddable":true,"href":"https:\/\/nabytoklaguna.sk\/sk\/wp-json\/wp\/v2\/product_brand?post=126919"},{"taxonomy":"product_cat","embeddable":true,"href":"https:\/\/nabytoklaguna.sk\/sk\/wp-json\/wp\/v2\/product_cat?post=126919"},{"taxonomy":"product_tag","embeddable":true,"href":"https:\/\/nabytoklaguna.sk\/sk\/wp-json\/wp\/v2\/product_tag?post=126919"}],"curies":[{"name":"wp","href":"https:\/\/api.w.org\/{rel}","templated":true}]}}