{"id":127229,"date":"2026-03-24T12:44:03","date_gmt":"2026-03-24T11:44:03","guid":{"rendered":"https:\/\/nabytoklaguna.sk\/sk\/?post_type=product&#038;p=127229"},"modified":"2026-03-24T13:05:51","modified_gmt":"2026-03-24T12:05:51","slug":"siena-d3-skrina","status":"publish","type":"product","link":"https:\/\/nabytoklaguna.sk\/sk\/produkt\/siena-d3-skrina\/","title":{"rendered":"Siena D3 skri\u0148a"},"content":{"rendered":"<p data-start=\"0\" data-end=\"356\"><strong data-start=\"0\" data-end=\"17\">Skri\u0148a SIENA D3<\/strong> \u2013 modern\u00fd dizajn a praktick\u00e9 rie\u0161enie pre va\u0161u sp\u00e1l\u0148u.<br data-start=\"72\" data-end=\"75\" \/>T\u00e1to \u0161t\u00fdlov\u00e1 \u0161atn\u00edkov\u00e1 skri\u0148a zaujme jednoduch\u00fdmi \u00fachytkami, ktor\u00e9 jej dod\u00e1vaj\u00fa jedine\u010dn\u00fd a elegantn\u00fd vzh\u013ead. V\u010faka modern\u00e9mu farebn\u00e9mu prevedeniu a \u010dist\u00fdm l\u00edni\u00e1m sa stane v\u00fdrazn\u00fdm, no z\u00e1rove\u0148 nad\u010dasov\u00fdm doplnkom ka\u017ed\u00e9ho interi\u00e9ru.<\/p>\n<p data-start=\"358\" data-end=\"588\">Skri\u0148a je vyroben\u00e1 z kvalitn\u00fdch a odoln\u00fdch materi\u00e1lov, ktor\u00e9 zaru\u010duj\u00fa jej pevnos\u0165 a dlh\u00fa \u017eivotnos\u0165. Premyslen\u00e9 vn\u00fatorn\u00e9 usporiadanie poskytuje dostatok priestoru na oble\u010denie aj doplnky, pri\u010dom v\u0161etko budete ma\u0165 preh\u013eadne ulo\u017een\u00e9.<\/p>\n<p data-start=\"590\" data-end=\"613\"><strong data-start=\"592\" data-end=\"613\">Hlavn\u00e9 prednosti:<\/strong><\/p>\n<ul data-start=\"614\" data-end=\"854\">\n<li data-start=\"614\" data-end=\"647\">\n<p data-start=\"616\" data-end=\"647\">3 dvierka (jedny so zrkadlom)<\/p>\n<\/li>\n<li data-start=\"648\" data-end=\"694\">\n<p data-start=\"650\" data-end=\"694\">3 praktick\u00e9 z\u00e1suvky pre lep\u0161iu organiz\u00e1ciu<\/p>\n<\/li>\n<li data-start=\"695\" data-end=\"755\">\n<p data-start=\"697\" data-end=\"755\">Laminovan\u00e1 drevotrieskov\u00e1 doska pre stabiln\u00fa kon\u0161trukciu<\/p>\n<\/li>\n<li data-start=\"756\" data-end=\"805\">\n<p data-start=\"758\" data-end=\"805\">Kovov\u00e9 \u00fachytky v elegantnom preveden\u00ed<\/p>\n<\/li>\n<\/ul>\n<p>Rozmer (\u0160xVxH): 149 x 200 x 57,5 cm<\/p>\n<p><strong>Parametre v\u00fdrobku<\/strong><\/p>\n<table style=\"width: 100%; height: 203px;\" border=\"0\" cellspacing=\"5\" cellpadding=\"1\">\n<tbody>\n<tr style=\"height: 51px;\">\n<td style=\"height: 51px;\"><strong>Typ v\u00fdrobku<\/strong><\/td>\n<td style=\"height: 51px;\">Skri\u0148a<\/td>\n<\/tr>\n<tr style=\"height: 51px;\">\n<td style=\"height: 51px;\"><strong>Materi\u00e1l<\/strong><\/td>\n<td style=\"height: 51px;\">DTD laminovan\u00e1<\/td>\n<\/tr>\n<tr style=\"height: 51px;\">\n<td style=\"height: 51px;\"><strong>Rozmery \u0161\/v\/h<br \/>\n<\/strong><\/td>\n<td style=\"height: 51px;\">149 x 200 x 57,5 cm<\/td>\n<\/tr>\n<tr style=\"height: 50px;\">\n<td style=\"height: 50px;\"><strong>Balenie<\/strong><\/td>\n<td style=\"height: 50px;\">demont<\/td>\n<\/tr>\n<tr>\n<td><strong>Farebn\u00e9 prevedenie<\/strong><\/td>\n<td>biela,\u010dierna,modr\u00e1,slivkov\u00e1,zelen\u00e1<\/td>\n<\/tr>\n<\/tbody>\n<\/table>\n","protected":false},"excerpt":{"rendered":"<p>Skri\u0148a SIENA D3 \u2013 modern\u00fd dizajn a praktick\u00e9 rie\u0161enie pre va\u0161u sp\u00e1l\u0148u.T\u00e1to \u0161t\u00fdlov\u00e1 \u0161atn\u00edkov\u00e1 skri\u0148a zaujme jednoduch\u00fdmi \u00fachytkami, ktor\u00e9 jej dod\u00e1vaj\u00fa jedine\u010dn\u00fd a elegantn\u00fd vzh\u013ead. V\u010faka modern\u00e9mu farebn\u00e9mu prevedeniu a \u010dist\u00fdm l\u00edni\u00e1m sa stane v\u00fdrazn\u00fdm, no z\u00e1rove\u0148 nad\u010dasov\u00fdm doplnkom ka\u017ed\u00e9ho interi\u00e9ru. Skri\u0148a je vyroben\u00e1 z kvalitn\u00fdch a odoln\u00fdch materi\u00e1lov, ktor\u00e9 zaru\u010duj\u00fa jej pevnos\u0165 a dlh\u00fa&#8230;<\/p>\n","protected":false},"featured_media":127230,"comment_status":"closed","ping_status":"closed","template":"","meta":{"_seopress_robots_primary_cat":"none","_seopress_titles_title":"","_seopress_titles_desc":"","_seopress_robots_index":""},"product_brand":[],"product_cat":[225,1586],"product_tag":[],"class_list":{"0":"post-127229","1":"product","2":"type-product","3":"status-publish","4":"has-post-thumbnail","6":"product_cat-skrine","7":"product_cat-klasicky-otvaracie","8":"pa_farba-biela","9":"pa_farba-cierna-2","10":"pa_farba-modra","11":"pa_farba-slivkova","12":"pa_farba-zelena","14":"first","15":"instock","16":"shipping-taxable","17":"purchasable","18":"product-type-variable"},"_links":{"self":[{"href":"https:\/\/nabytoklaguna.sk\/sk\/wp-json\/wp\/v2\/product\/127229","targetHints":{"allow":["GET"]}}],"collection":[{"href":"https:\/\/nabytoklaguna.sk\/sk\/wp-json\/wp\/v2\/product"}],"about":[{"href":"https:\/\/nabytoklaguna.sk\/sk\/wp-json\/wp\/v2\/types\/product"}],"replies":[{"embeddable":true,"href":"https:\/\/nabytoklaguna.sk\/sk\/wp-json\/wp\/v2\/comments?post=127229"}],"wp:featuredmedia":[{"embeddable":true,"href":"https:\/\/nabytoklaguna.sk\/sk\/wp-json\/wp\/v2\/media\/127230"}],"wp:attachment":[{"href":"https:\/\/nabytoklaguna.sk\/sk\/wp-json\/wp\/v2\/media?parent=127229"}],"wp:term":[{"taxonomy":"product_brand","embeddable":true,"href":"https:\/\/nabytoklaguna.sk\/sk\/wp-json\/wp\/v2\/product_brand?post=127229"},{"taxonomy":"product_cat","embeddable":true,"href":"https:\/\/nabytoklaguna.sk\/sk\/wp-json\/wp\/v2\/product_cat?post=127229"},{"taxonomy":"product_tag","embeddable":true,"href":"https:\/\/nabytoklaguna.sk\/sk\/wp-json\/wp\/v2\/product_tag?post=127229"}],"curies":[{"name":"wp","href":"https:\/\/api.w.org\/{rel}","templated":true}]}}