{"id":127247,"date":"2026-03-25T13:29:25","date_gmt":"2026-03-25T12:29:25","guid":{"rendered":"https:\/\/nabytoklaguna.sk\/sk\/?post_type=product&#038;p=127247"},"modified":"2026-03-26T10:11:00","modified_gmt":"2026-03-26T09:11:00","slug":"siena-d4-skrina","status":"publish","type":"product","link":"https:\/\/nabytoklaguna.sk\/sk\/produkt\/siena-d4-skrina\/","title":{"rendered":"SIENA D4 skri\u0148a"},"content":{"rendered":"<p data-start=\"0\" data-end=\"339\"><strong data-start=\"0\" data-end=\"17\">Skri\u0148a SIENA D4<\/strong> \u2013 v\u00fdrazn\u00fd dizajn a maxim\u00e1lny \u00falo\u017en\u00fd priestor.<br data-start=\"63\" data-end=\"66\" \/>T\u00e1to modern\u00e1 \u0161atn\u00edkov\u00e1 skri\u0148a zaujme na prv\u00fd poh\u013ead jednoduch\u00fdmi\u00a0 \u00fachytkami, ktor\u00e9 jej dod\u00e1vaj\u00fa jedine\u010dn\u00fd a elegantn\u00fd charakter. V\u010faka \u010dist\u00fdm l\u00edni\u00e1m a modern\u00e9mu farebn\u00e9mu prevedeniu sa stane dominantn\u00fdm prvkom ka\u017edej sp\u00e1lne.<\/p>\n<p data-start=\"341\" data-end=\"568\">Vyroben\u00e1 je z kvalitn\u00fdch a odoln\u00fdch materi\u00e1lov, ktor\u00e9 zabezpe\u010duj\u00fa pevnos\u0165, stabilitu a dlh\u00fa \u017eivotnos\u0165. Premyslen\u00e9 vn\u00fatorn\u00e9 usporiadanie pon\u00faka dostatok miesta na oble\u010denie aj doplnky, pri\u010dom v\u0161etko budete ma\u0165 preh\u013eadne ulo\u017een\u00e9.<\/p>\n<p data-start=\"570\" data-end=\"593\"><strong data-start=\"572\" data-end=\"593\">Hlavn\u00e9 prednosti:<\/strong><\/p>\n<ul data-start=\"594\" data-end=\"839\">\n<li data-start=\"594\" data-end=\"632\">\n<p data-start=\"596\" data-end=\"632\">4 dvierka (2 stredov\u00e9 so zrkadlom)<\/p>\n<\/li>\n<li data-start=\"633\" data-end=\"679\">\n<p data-start=\"635\" data-end=\"679\">3 praktick\u00e9 z\u00e1suvky pre lep\u0161iu organiz\u00e1ciu<\/p>\n<\/li>\n<li data-start=\"680\" data-end=\"740\">\n<p data-start=\"682\" data-end=\"740\">Laminovan\u00e1 drevotrieskov\u00e1 doska pre stabiln\u00fa kon\u0161trukciu<\/p>\n<\/li>\n<li data-start=\"741\" data-end=\"790\">\n<p data-start=\"743\" data-end=\"790\">\u00dachytky v elegantnom preveden\u00ed<\/p>\n<\/li>\n<\/ul>\n<p>Rozmer (\u0160xVxH): 196 x 200 x 57,5 cm<\/p>\n<p><strong>Parametre v\u00fdrobku<\/strong><\/p>\n<table style=\"width: 100%; height: 203px;\" border=\"0\" cellspacing=\"5\" cellpadding=\"1\">\n<tbody>\n<tr style=\"height: 51px;\">\n<td style=\"height: 51px; width: 45.7256%;\"><strong>Typ v\u00fdrobku<\/strong><\/td>\n<td style=\"height: 51px; width: 53.8767%;\">Skri\u0148a<\/td>\n<\/tr>\n<tr style=\"height: 51px;\">\n<td style=\"height: 51px; width: 45.7256%;\"><strong>Materi\u00e1l<\/strong><\/td>\n<td style=\"height: 51px; width: 53.8767%;\">DTD laminovan\u00e1<\/td>\n<\/tr>\n<tr style=\"height: 51px;\">\n<td style=\"height: 51px; width: 45.7256%;\"><strong>Rozmery \u0161\/v\/h<br \/>\n<\/strong><\/td>\n<td style=\"height: 51px; width: 53.8767%;\">196 x 200 x 57,5 cm<\/td>\n<\/tr>\n<tr style=\"height: 50px;\">\n<td style=\"height: 50px; width: 45.7256%;\"><strong>Balenie<\/strong><\/td>\n<td style=\"height: 50px; width: 53.8767%;\">demont<\/td>\n<\/tr>\n<tr>\n<td style=\"width: 45.7256%;\"><strong>Farebn\u00e9 prevedenie<\/strong><\/td>\n<td style=\"width: 53.8767%;\">biela,\u010dierna,modr\u00e1,slivkov\u00e1,zelen\u00e1<\/td>\n<\/tr>\n<\/tbody>\n<\/table>\n","protected":false},"excerpt":{"rendered":"<p>Skri\u0148a SIENA D4 \u2013 v\u00fdrazn\u00fd dizajn a maxim\u00e1lny \u00falo\u017en\u00fd priestor.T\u00e1to modern\u00e1 \u0161atn\u00edkov\u00e1 skri\u0148a zaujme na prv\u00fd poh\u013ead jednoduch\u00fdmi\u00a0 \u00fachytkami, ktor\u00e9 jej dod\u00e1vaj\u00fa jedine\u010dn\u00fd a elegantn\u00fd charakter. V\u010faka \u010dist\u00fdm l\u00edni\u00e1m a modern\u00e9mu farebn\u00e9mu prevedeniu sa stane dominantn\u00fdm prvkom ka\u017edej sp\u00e1lne. Vyroben\u00e1 je z kvalitn\u00fdch a odoln\u00fdch materi\u00e1lov, ktor\u00e9 zabezpe\u010duj\u00fa pevnos\u0165, stabilitu a dlh\u00fa \u017eivotnos\u0165. Premyslen\u00e9 vn\u00fatorn\u00e9&#8230;<\/p>\n","protected":false},"featured_media":127256,"comment_status":"closed","ping_status":"closed","template":"","meta":{"_seopress_robots_primary_cat":"none","_seopress_titles_title":"","_seopress_titles_desc":"","_seopress_robots_index":""},"product_brand":[],"product_cat":[225,1586],"product_tag":[],"class_list":{"0":"post-127247","1":"product","2":"type-product","3":"status-publish","4":"has-post-thumbnail","6":"product_cat-skrine","7":"product_cat-klasicky-otvaracie","8":"pa_farba-biela","9":"pa_farba-cierna-2","10":"pa_farba-modra","11":"pa_farba-slivkova","12":"pa_farba-zelena","14":"first","15":"instock","16":"shipping-taxable","17":"purchasable","18":"product-type-variable"},"_links":{"self":[{"href":"https:\/\/nabytoklaguna.sk\/sk\/wp-json\/wp\/v2\/product\/127247","targetHints":{"allow":["GET"]}}],"collection":[{"href":"https:\/\/nabytoklaguna.sk\/sk\/wp-json\/wp\/v2\/product"}],"about":[{"href":"https:\/\/nabytoklaguna.sk\/sk\/wp-json\/wp\/v2\/types\/product"}],"replies":[{"embeddable":true,"href":"https:\/\/nabytoklaguna.sk\/sk\/wp-json\/wp\/v2\/comments?post=127247"}],"wp:featuredmedia":[{"embeddable":true,"href":"https:\/\/nabytoklaguna.sk\/sk\/wp-json\/wp\/v2\/media\/127256"}],"wp:attachment":[{"href":"https:\/\/nabytoklaguna.sk\/sk\/wp-json\/wp\/v2\/media?parent=127247"}],"wp:term":[{"taxonomy":"product_brand","embeddable":true,"href":"https:\/\/nabytoklaguna.sk\/sk\/wp-json\/wp\/v2\/product_brand?post=127247"},{"taxonomy":"product_cat","embeddable":true,"href":"https:\/\/nabytoklaguna.sk\/sk\/wp-json\/wp\/v2\/product_cat?post=127247"},{"taxonomy":"product_tag","embeddable":true,"href":"https:\/\/nabytoklaguna.sk\/sk\/wp-json\/wp\/v2\/product_tag?post=127247"}],"curies":[{"name":"wp","href":"https:\/\/api.w.org\/{rel}","templated":true}]}}