{"id":127274,"date":"2026-03-26T14:07:54","date_gmt":"2026-03-26T13:07:54","guid":{"rendered":"https:\/\/nabytoklaguna.sk\/sk\/?post_type=product&#038;p=127274"},"modified":"2026-03-26T14:19:35","modified_gmt":"2026-03-26T13:19:35","slug":"split-157-skrina","status":"publish","type":"product","link":"https:\/\/nabytoklaguna.sk\/sk\/produkt\/split-157-skrina\/","title":{"rendered":"Split 157 skri\u0148a"},"content":{"rendered":"<p data-start=\"0\" data-end=\"359\"><strong data-start=\"0\" data-end=\"17\">Skri\u0148a SPLIT 157<\/strong>\u00a0\u2013 \u0161t\u00fdlov\u00fd detail, ktor\u00fd o\u017eiv\u00ed va\u0161u sp\u00e1l\u0148u.<br data-start=\"60\" data-end=\"63\" \/>T\u00e1to modern\u00e1 \u0161atn\u00edkov\u00e1 skri\u0148a zaujme na prv\u00fd poh\u013ead jednoduch\u00fdmi\u00a0 \u00fachytkami, ktor\u00e9 jej dod\u00e1vaj\u00fa jedine\u010dn\u00fd a elegantn\u00fd charakter. V\u010faka \u010dist\u00fdm l\u00edni\u00e1m a modern\u00e9mu farebn\u00e9mu prevedeniu sa stane v\u00fdrazn\u00fdm,\u00a0 \u00a0 <span style=\"font-size: 15.008px;\">no z\u00e1rove\u0148 vkusn\u00fdm doplnkom ka\u017ed\u00e9ho interi\u00e9ru.<\/span><\/p>\n<p data-start=\"361\" data-end=\"599\">Skri\u0148a je vyroben\u00e1 z kvalitn\u00fdch a odoln\u00fdch materi\u00e1lov, \u010do zaru\u010duje jej pevnos\u0165, stabilitu a dlh\u00fa \u017eivotnos\u0165. Prakticky rie\u0161en\u00fd vn\u00fatorn\u00fd priestor pon\u00faka dostatok miesta na oble\u010denie aj doplnky, tak\u017ee budete ma\u0165 v\u0161etko preh\u013eadne usporiadan\u00e9.<\/p>\n<p data-start=\"601\" data-end=\"624\"><strong data-start=\"603\" data-end=\"624\">Hlavn\u00e9 prednosti:<\/strong><\/p>\n<ul data-start=\"625\" data-end=\"862\">\n<li data-start=\"625\" data-end=\"658\">\n<p data-start=\"627\" data-end=\"658\">5 x dvierka (4 x so zrkadlom)<\/p>\n<\/li>\n<li data-start=\"706\" data-end=\"763\">\n<p data-start=\"708\" data-end=\"763\">Laminovan\u00e1 drevotrieskov\u00e1 doska pre pevn\u00fa kon\u0161trukciu<\/p>\n<\/li>\n<li data-start=\"706\" data-end=\"763\">Bez\u00fachytkov\u00e9 prevedenie<\/li>\n<\/ul>\n<p>Rozmer (\u0160xVxH): 151 x 217 x 65 cm<\/p>\n<p><strong>Parametre v\u00fdrobku<\/strong><\/p>\n<table style=\"width: 100%; height: 203px;\" border=\"0\" cellspacing=\"5\" cellpadding=\"1\">\n<tbody>\n<tr style=\"height: 51px;\">\n<td style=\"height: 51px; width: 46.9185%;\"><strong>Typ v\u00fdrobku<\/strong><\/td>\n<td style=\"height: 51px; width: 52.6839%;\">Skri\u0148a<\/td>\n<\/tr>\n<tr style=\"height: 51px;\">\n<td style=\"height: 51px; width: 46.9185%;\"><strong>Materi\u00e1l<\/strong><\/td>\n<td style=\"height: 51px; width: 52.6839%;\">DTD laminovan\u00e1<\/td>\n<\/tr>\n<tr style=\"height: 51px;\">\n<td style=\"height: 51px; width: 46.9185%;\"><strong>Rozmery \u0161\/v\/h<br \/>\n<\/strong><\/td>\n<td style=\"height: 51px; width: 52.6839%;\">151 x 217 x 65 cm<\/td>\n<\/tr>\n<tr style=\"height: 50px;\">\n<td style=\"height: 50px; width: 46.9185%;\"><strong>Balenie<\/strong><\/td>\n<td style=\"height: 50px; width: 52.6839%;\">demont<\/td>\n<\/tr>\n<tr>\n<td style=\"width: 46.9185%;\"><strong>Farebn\u00e9 prevedenie<\/strong><\/td>\n<td style=\"width: 52.6839%;\">biela,grafit<\/td>\n<\/tr>\n<\/tbody>\n<\/table>\n","protected":false},"excerpt":{"rendered":"<p>Skri\u0148a SPLIT 157\u00a0\u2013 \u0161t\u00fdlov\u00fd detail, ktor\u00fd o\u017eiv\u00ed va\u0161u sp\u00e1l\u0148u.T\u00e1to modern\u00e1 \u0161atn\u00edkov\u00e1 skri\u0148a zaujme na prv\u00fd poh\u013ead jednoduch\u00fdmi\u00a0 \u00fachytkami, ktor\u00e9 jej dod\u00e1vaj\u00fa jedine\u010dn\u00fd a elegantn\u00fd charakter. V\u010faka \u010dist\u00fdm l\u00edni\u00e1m a modern\u00e9mu farebn\u00e9mu prevedeniu sa stane v\u00fdrazn\u00fdm,\u00a0 \u00a0 no z\u00e1rove\u0148 vkusn\u00fdm doplnkom ka\u017ed\u00e9ho interi\u00e9ru. Skri\u0148a je vyroben\u00e1 z kvalitn\u00fdch a odoln\u00fdch materi\u00e1lov, \u010do zaru\u010duje jej pevnos\u0165, stabilitu&#8230;<\/p>\n","protected":false},"featured_media":127283,"comment_status":"closed","ping_status":"closed","template":"","meta":{"_seopress_robots_primary_cat":"none","_seopress_titles_title":"","_seopress_titles_desc":"","_seopress_robots_index":""},"product_brand":[],"product_cat":[225,1586],"product_tag":[],"class_list":{"0":"post-127274","1":"product","2":"type-product","3":"status-publish","4":"has-post-thumbnail","6":"product_cat-skrine","7":"product_cat-klasicky-otvaracie","8":"pa_farba-biela","9":"pa_farba-grafit","11":"first","12":"instock","13":"shipping-taxable","14":"purchasable","15":"product-type-variable"},"_links":{"self":[{"href":"https:\/\/nabytoklaguna.sk\/sk\/wp-json\/wp\/v2\/product\/127274","targetHints":{"allow":["GET"]}}],"collection":[{"href":"https:\/\/nabytoklaguna.sk\/sk\/wp-json\/wp\/v2\/product"}],"about":[{"href":"https:\/\/nabytoklaguna.sk\/sk\/wp-json\/wp\/v2\/types\/product"}],"replies":[{"embeddable":true,"href":"https:\/\/nabytoklaguna.sk\/sk\/wp-json\/wp\/v2\/comments?post=127274"}],"wp:featuredmedia":[{"embeddable":true,"href":"https:\/\/nabytoklaguna.sk\/sk\/wp-json\/wp\/v2\/media\/127283"}],"wp:attachment":[{"href":"https:\/\/nabytoklaguna.sk\/sk\/wp-json\/wp\/v2\/media?parent=127274"}],"wp:term":[{"taxonomy":"product_brand","embeddable":true,"href":"https:\/\/nabytoklaguna.sk\/sk\/wp-json\/wp\/v2\/product_brand?post=127274"},{"taxonomy":"product_cat","embeddable":true,"href":"https:\/\/nabytoklaguna.sk\/sk\/wp-json\/wp\/v2\/product_cat?post=127274"},{"taxonomy":"product_tag","embeddable":true,"href":"https:\/\/nabytoklaguna.sk\/sk\/wp-json\/wp\/v2\/product_tag?post=127274"}],"curies":[{"name":"wp","href":"https:\/\/api.w.org\/{rel}","templated":true}]}}