{"id":127438,"date":"2026-03-31T12:54:07","date_gmt":"2026-03-31T10:54:07","guid":{"rendered":"https:\/\/nabytoklaguna.sk\/sk\/?post_type=product&#038;p=127438"},"modified":"2026-03-31T16:36:04","modified_gmt":"2026-03-31T14:36:04","slug":"ovalio-823-2f-3s","status":"publish","type":"product","link":"https:\/\/nabytoklaguna.sk\/sk\/produkt\/ovalio-823-2f-3s\/","title":{"rendered":"OVALIO 823-2F 3s"},"content":{"rendered":"<p data-start=\"350\" data-end=\"687\"><span dir=\"auto\">Kolekcia <strong>OVALIO<\/strong>\u00a0je harmonickou zmesou modern\u00e9ho dizajnu a decentnej, \u017eenskej elegancie. Jej zaoblen\u00e9 hrany a prec\u00edzne zvisl\u00e9 rezy dod\u00e1vaj\u00fa n\u00e1bytku jedine\u010dn\u00fa \u013eahkos\u0165 a z\u00e1rove\u0148 vytv\u00e1raj\u00fa exkluz\u00edvny vzh\u013ead. T\u00e1to kolekcia je ide\u00e1lna pre t\u00fdch, ktor\u00ed chc\u00fa do svojho interi\u00e9ru vnies\u0165 jemnos\u0165, pokoj a estetick\u00fd poriadok.<\/span><\/p>\n<p data-start=\"689\" data-end=\"951\"><span dir=\"auto\">Tlmen\u00e9 farby\u00a0<\/span><strong data-start=\"722\" data-end=\"741\"><span dir=\"auto\">pieskovo b\u00e9\u017eovej a crem\u00f3nskeho duba<\/span><\/strong><span dir=\"auto\"> \u00a0robia z n\u00e1bytku perfektn\u00fd doplnok do svetl\u00fdch, modern\u00fdch interi\u00e9rov. Zlat\u00e9 detaily alebo \u010dierne, z\u00e1vis\u00ed od vybran\u00e9ho variantu, kr\u00e1sne rozb\u00edjaj\u00fa hladk\u00fd povrch a dod\u00e1vaj\u00fa kolekcii n\u00e1dych noblesy.<\/span><\/p>\n<p data-start=\"953\" data-end=\"1152\"><span dir=\"auto\"><strong>OVALIO<\/strong> bol navrhnut\u00fd tak, aby ka\u017ed\u00fd prvok \u2013 vitr\u00edna, komoda, st\u00f4l alebo TV stol\u00edk \u2013 mohol fungova\u0165 samostatne a z\u00e1rove\u0148 s ostatn\u00fdm n\u00e1bytkom vytv\u00e1ra\u0165 ucelen\u00fd a harmonick\u00fd celok.<\/span><\/p>\n<p data-start=\"792\" data-end=\"1005\"><span dir=\"auto\">N\u00e1bytok Ovalio je osaden\u00fd na <\/span><strong data-start=\"819\" data-end=\"858\"><span dir=\"auto\">15-centimetrov\u00fdch kovov\u00fdch noh\u00e1ch<\/span><\/strong><span dir=\"auto\">\u00a0, ktor\u00e9 zais\u0165uj\u00fa stabilitu a z\u00e1rove\u0148 vizu\u00e1lne zo\u0161t\u00edh\u013euj\u00fa kusy n\u00e1bytku. Cel\u00e1 kolekcia tak p\u00f4sob\u00ed \u013eahk\u00fdm a vzdu\u0161n\u00fdm dojmom bez toho, aby zahlcovala priestor.<\/span><\/p>\n<p data-start=\"156\" data-end=\"222\"><strong data-start=\"156\" data-end=\"222\"><span dir=\"auto\">N\u00e1bytok s\u00e9rie OVALIO je vyroben\u00fd z vysoko kvalitn\u00fdch materi\u00e1lov:<\/span><\/strong><\/p>\n<p data-start=\"156\" data-end=\"222\"><span dir=\"auto\">Na v\u00fdrobu je pou\u017eit\u00e1\u00a0<\/span><strong data-start=\"1026\" data-end=\"1053\"><span dir=\"auto\">16 mm laminovan\u00e1 doska<\/span><\/strong><span dir=\"auto\">\u00a0, ktor\u00e1 je odoln\u00e1 vo\u010di po\u0161kriabaniu a \u013eahko sa udr\u017eiava, a pohodln\u00e9 pou\u017e\u00edvanie zaru\u010duj\u00fa\u00a0<\/span><strong data-start=\"1135\" data-end=\"1157\"><span dir=\"auto\">vodiace li\u0161ty QUADRO<\/span><\/strong><span dir=\"auto\">\u00a0, ktor\u00e9 zabezpe\u010duj\u00fa plynul\u00e9 a tich\u00e9 otv\u00e1ranie z\u00e1suviek.<\/span><\/p>\n<p data-start=\"435\" data-end=\"561\"><span dir=\"auto\">Kombin\u00e1cia pevnej kon\u0161trukcie s prepracovan\u00fdmi detailmi zaru\u010duje odolnos\u0165 a pohodlie pri pou\u017e\u00edvan\u00ed n\u00e1bytku po mnoho rokov.<\/span><\/p>\n<p>&nbsp;<\/p>\n<table style=\"width: 100.173%; height: 311px;\">\n<tbody>\n<tr style=\"height: 52px;\">\n<td class=\"popis\" style=\"width: 41.3287%; height: 52px;\">\u0160\u00edrka (cm):<\/td>\n<td style=\"width: 58.4987%; height: 52px;\">164,6 cm<\/td>\n<\/tr>\n<tr style=\"height: 52px;\">\n<td class=\"popis\" style=\"width: 41.3287%; height: 52px;\">H\u013abka (cm):<\/td>\n<td style=\"width: 58.4987%; height: 52px;\">42,3 cm<\/td>\n<\/tr>\n<tr style=\"height: 52px;\">\n<td class=\"popis\" style=\"width: 41.3287%; height: 52px;\">V\u00fd\u0161ka (cm):<\/td>\n<td style=\"width: 58.4987%; height: 52px;\">85,4 cm<\/td>\n<\/tr>\n<tr style=\"height: 52px;\">\n<td style=\"width: 41.3287%; height: 52px;\">Materi\u00e1l:<\/td>\n<td style=\"width: 58.4987%; height: 52px;\">Laminovan\u00e1 DTD, hr. 28 mm + MDF, hr. 16 mm<\/td>\n<\/tr>\n<tr style=\"height: 51px;\">\n<td style=\"width: 41.3287%; height: 51px;\">Farebn\u00e9 prevedenie<\/td>\n<td style=\"width: 58.4987%; height: 51px;\">Pieskovo b\u00e9\u017eov\u00e1, Dub Cremona<\/td>\n<\/tr>\n<\/tbody>\n<\/table>\n","protected":false},"excerpt":{"rendered":"<p>Kolekcia OVALIO\u00a0je harmonickou zmesou modern\u00e9ho dizajnu a decentnej, \u017eenskej elegancie. Jej zaoblen\u00e9 hrany a prec\u00edzne zvisl\u00e9 rezy dod\u00e1vaj\u00fa n\u00e1bytku jedine\u010dn\u00fa \u013eahkos\u0165 a z\u00e1rove\u0148 vytv\u00e1raj\u00fa exkluz\u00edvny vzh\u013ead. T\u00e1to kolekcia je ide\u00e1lna pre t\u00fdch, ktor\u00ed chc\u00fa do svojho interi\u00e9ru vnies\u0165 jemnos\u0165, pokoj a estetick\u00fd poriadok. Tlmen\u00e9 farby\u00a0pieskovo b\u00e9\u017eovej a crem\u00f3nskeho duba \u00a0robia z n\u00e1bytku perfektn\u00fd doplnok do&#8230;<\/p>\n","protected":false},"featured_media":127441,"comment_status":"closed","ping_status":"closed","template":"","meta":{"_seopress_robots_primary_cat":"none","_seopress_titles_title":"","_seopress_titles_desc":"","_seopress_robots_index":""},"product_brand":[],"product_cat":[1109,2122,222],"product_tag":[],"class_list":{"0":"post-127438","1":"product","2":"type-product","3":"status-publish","4":"has-post-thumbnail","6":"product_cat-komody-k-obyvacim-stenam","7":"product_cat-spalnove-komody","8":"product_cat-komody","9":"pa_farba-dub-cremona","10":"pa_farba-pieskovo-bezova","12":"first","13":"instock","14":"shipping-taxable","15":"purchasable","16":"product-type-variable"},"_links":{"self":[{"href":"https:\/\/nabytoklaguna.sk\/sk\/wp-json\/wp\/v2\/product\/127438","targetHints":{"allow":["GET"]}}],"collection":[{"href":"https:\/\/nabytoklaguna.sk\/sk\/wp-json\/wp\/v2\/product"}],"about":[{"href":"https:\/\/nabytoklaguna.sk\/sk\/wp-json\/wp\/v2\/types\/product"}],"replies":[{"embeddable":true,"href":"https:\/\/nabytoklaguna.sk\/sk\/wp-json\/wp\/v2\/comments?post=127438"}],"wp:featuredmedia":[{"embeddable":true,"href":"https:\/\/nabytoklaguna.sk\/sk\/wp-json\/wp\/v2\/media\/127441"}],"wp:attachment":[{"href":"https:\/\/nabytoklaguna.sk\/sk\/wp-json\/wp\/v2\/media?parent=127438"}],"wp:term":[{"taxonomy":"product_brand","embeddable":true,"href":"https:\/\/nabytoklaguna.sk\/sk\/wp-json\/wp\/v2\/product_brand?post=127438"},{"taxonomy":"product_cat","embeddable":true,"href":"https:\/\/nabytoklaguna.sk\/sk\/wp-json\/wp\/v2\/product_cat?post=127438"},{"taxonomy":"product_tag","embeddable":true,"href":"https:\/\/nabytoklaguna.sk\/sk\/wp-json\/wp\/v2\/product_tag?post=127438"}],"curies":[{"name":"wp","href":"https:\/\/api.w.org\/{rel}","templated":true}]}}