{"id":127490,"date":"2026-04-02T10:46:08","date_gmt":"2026-04-02T08:46:08","guid":{"rendered":"https:\/\/nabytoklaguna.sk\/sk\/?post_type=product&#038;p=127490"},"modified":"2026-04-22T10:35:01","modified_gmt":"2026-04-22T08:35:01","slug":"luna-coral","status":"publish","type":"product","link":"https:\/\/nabytoklaguna.sk\/sk\/produkt\/luna-coral\/","title":{"rendered":"LUNA coral"},"content":{"rendered":"<p data-start=\"74\" data-end=\"330\">Rohov\u00e1 sedacia s\u00faprava <strong>LUNA<\/strong>\u00a0v <strong>univerz\u00e1lnom<\/strong> preveden\u00ed predstavuje ide\u00e1lne spojenie <strong>modern\u00e9ho dizajnu a praktickej funk\u010dnosti.<\/strong> \u010cist\u00e9 l\u00ednie dod\u00e1vj\u00fa seda\u010dke luxusn\u00fd vzh\u013ead. Rohov\u00e9 prevedenie pon\u00faka dostatok priestoru na pohodln\u00fd oddych pre cel\u00fa rodinu aj n\u00e1v\u0161tevy. Seda\u010dka je vybaven\u00e1 <strong data-start=\"444\" data-end=\"465\">funkciou rozkladu<\/strong>, v\u010faka ktorej ju jednoducho premen\u00edte na <strong>priestrann\u00e9 l\u00f4\u017eko<\/strong> vhodn\u00e9 na pr\u00edle\u017eitostn\u00e9 prespanie alebo ka\u017edodenn\u00fd relax. V\u010faka mo\u017enosti <strong>mont\u00e1\u017ee na prav\u00fa aj \u013eav\u00fa stranu<\/strong> si jednoducho prisp\u00f4sob\u00edte orient\u00e1ciu seda\u010dky pod\u013ea dispoz\u00edcie miestnosti alebo vlastn\u00fdch potrieb. <strong>Modern\u00fd dizajn<\/strong> umo\u017e\u0148uje jednoduch\u00e9 kombinovanie s r\u00f4znymi \u0161t\u00fdlmi interi\u00e9ru \u2014 od minimalistick\u00e9ho a\u017e po modern\u00fd mestsk\u00fd \u0161t\u00fdl. Seda\u010dka sa tak stane nielen praktick\u00fdm, ale aj v\u00fdrazn\u00fdm estetick\u00fdm prvkom ob\u00fdva\u010dky. V\u00fdber po\u0165ahov\u00fdch l\u00e1tok \u2014 na objedn\u00e1vku. Pon\u00fakame V\u00e1m ju v kvalitnej svetlosivej po\u0165ahovej l\u00e1tke <strong>Coral 75<\/strong>.<\/p>\n<p data-start=\"74\" data-end=\"330\">Mo\u017enos\u0165 v\u00fdberu farebn\u00e9ho prevedenia zo vzorkovn\u00edka l\u00e1tok:\u00a0<strong>Perfekt Harmony,\u00a0 Cremona,\u00a0 Castel\u00a0 a\u00a0 Aragon.<\/strong>\u00a0Pri objedn\u00e1vke pros\u00edm uve\u010fte do pozn\u00e1mky\u00a0<strong>typ l\u00e1tky.<\/strong><\/p>\n<table class=\"table-data-sheet\" style=\"width: 100%; height: 1031px;\">\n<tbody>\n<tr class=\"odd\" style=\"height: 52px;\">\n<td style=\"height: 52px; width: 33.996%;\">H\u013abka<\/td>\n<td style=\"height: 52px; width: 65.6064%;\">177 cm<\/td>\n<\/tr>\n<tr class=\"even\" style=\"height: 52px;\">\n<td style=\"height: 52px; width: 33.996%;\">\u0160\u00edrka<\/td>\n<td style=\"height: 52px; width: 65.6064%;\">265 cm<\/td>\n<\/tr>\n<tr class=\"even\" style=\"height: 52px;\">\n<td style=\"height: 52px; width: 33.996%;\">V\u00fd\u0161ka<\/td>\n<td style=\"height: 52px; width: 65.6064%;\">\u00a086 cm<\/td>\n<\/tr>\n<tr class=\"even\" style=\"height: 76px;\">\n<td style=\"height: 76px; width: 33.996%;\">Vhodn\u00e1 miestnos\u0165<\/td>\n<td style=\"height: 76px; width: 65.6064%;\">ob\u00fdva\u010dka, spolo\u010densk\u00e1 miestnos\u0165, hotely, kaviarne<\/td>\n<\/tr>\n<tr class=\"odd\" style=\"height: 52px;\">\n<td style=\"height: 52px; width: 33.996%;\">Typ n\u00e1bytku<\/td>\n<td style=\"height: 52px; width: 65.6064%;\">rohov\u00e1 sedacia s\u00faprava<\/td>\n<\/tr>\n<tr class=\"even\" style=\"height: 52px;\">\n<td style=\"height: 52px; width: 33.996%;\">\u0160t\u00fdl n\u00e1bytku<\/td>\n<td style=\"height: 52px; width: 65.6064%;\">modern\u00fd<\/td>\n<\/tr>\n<tr class=\"odd\" style=\"height: 52px;\">\n<td style=\"height: 52px; width: 33.996%;\">Z\u00e1ruka<\/td>\n<td style=\"height: 52px; width: 65.6064%;\">2 roky<\/td>\n<\/tr>\n<tr class=\"even\" style=\"height: 52px;\">\n<td style=\"height: 52px; width: 33.996%;\">Sp\u00f4sob dodania<\/td>\n<td style=\"height: 52px; width: 65.6064%;\">demont v dvoch bal\u00edkoch<\/td>\n<\/tr>\n<tr class=\"even\" style=\"height: 52px;\">\n<td style=\"height: 52px; width: 33.996%;\">\u00dalo\u017en\u00fd priestor<\/td>\n<td style=\"height: 52px; width: 65.6064%;\">\u00e1no<\/td>\n<\/tr>\n<tr class=\"odd\" style=\"height: 76px;\">\n<td style=\"height: 76px; width: 33.996%;\">Rohov\u00e9 prevedenie<\/td>\n<td style=\"height: 76px; width: 65.6064%;\">\u00e1no<\/td>\n<\/tr>\n<tr class=\"odd\" style=\"height: 52px;\">\n<td style=\"height: 52px; width: 33.996%;\">Orient\u00e1cia rohu<\/td>\n<td style=\"height: 52px; width: 65.6064%;\">univerz\u00e1lna<\/td>\n<\/tr>\n<tr class=\"even\" style=\"height: 76px;\">\n<td style=\"height: 76px; width: 33.996%;\">Mo\u017enos\u0165 rozkladania<\/td>\n<td style=\"height: 76px; width: 65.6064%;\">\u00e1no<\/td>\n<\/tr>\n<tr class=\"odd\" style=\"height: 52px;\">\n<td style=\"height: 52px; width: 33.996%;\">Plocha na spanie<\/td>\n<td style=\"height: 52px; width: 65.6064%;\"><span style=\"font-family: inherit; font-size: inherit;\">207 x 125 cm<\/span><\/td>\n<\/tr>\n<tr class=\"odd\" style=\"height: 52px;\">\n<td style=\"height: 52px; width: 33.996%;\">N\u00f4\u017eky<\/td>\n<td style=\"height: 52px; width: 65.6064%;\">plast<\/td>\n<\/tr>\n<tr class=\"even\" style=\"height: 52px;\">\n<td style=\"height: 52px; width: 33.996%;\">Obsahuje vank\u00fa\u0161e<\/td>\n<td style=\"height: 52px; width: 65.6064%;\">\u00e1no<\/td>\n<\/tr>\n<tr class=\"odd\" style=\"height: 76px;\">\n<td style=\"height: 76px; width: 33.996%;\">Nastavenie opierok<\/td>\n<td style=\"height: 76px; width: 65.6064%;\">nie<\/td>\n<\/tr>\n<tr class=\"even\" style=\"height: 51px;\">\n<td style=\"height: 51px; width: 33.996%;\">V\u00fdpl\u0148 seda\u010dky<\/td>\n<td style=\"height: 51px; width: 65.6064%;\">pena + pru\u017eina falista<\/td>\n<\/tr>\n<\/tbody>\n<\/table>\n<p><!--more--><\/p>\n","protected":false},"excerpt":{"rendered":"<p>Rohov\u00e1 sedacia s\u00faprava LUNA\u00a0v univerz\u00e1lnom preveden\u00ed predstavuje ide\u00e1lne spojenie modern\u00e9ho dizajnu a praktickej funk\u010dnosti. \u010cist\u00e9 l\u00ednie dod\u00e1vj\u00fa seda\u010dke luxusn\u00fd vzh\u013ead. Rohov\u00e9 prevedenie pon\u00faka dostatok priestoru na pohodln\u00fd oddych pre cel\u00fa rodinu aj n\u00e1v\u0161tevy. Seda\u010dka je vybaven\u00e1 funkciou rozkladu, v\u010faka ktorej ju jednoducho premen\u00edte na priestrann\u00e9 l\u00f4\u017eko vhodn\u00e9 na pr\u00edle\u017eitostn\u00e9 prespanie alebo ka\u017edodenn\u00fd relax. V\u010faka mo\u017enosti&#8230;<\/p>\n","protected":false},"featured_media":127491,"comment_status":"closed","ping_status":"closed","template":"","meta":{"_seopress_robots_primary_cat":"none","_seopress_titles_title":"","_seopress_titles_desc":"","_seopress_robots_index":""},"product_brand":[],"product_cat":[8384,255,140],"product_tag":[],"class_list":{"0":"post-127490","1":"product","2":"type-product","3":"status-publish","4":"has-post-thumbnail","6":"product_cat-bestsellery-sedacie-supravy","7":"product_cat-rohove-supravy","8":"product_cat-sedacie-supravy","10":"first","11":"onbackorder","12":"shipping-taxable","13":"purchasable","14":"product-type-simple"},"_links":{"self":[{"href":"https:\/\/nabytoklaguna.sk\/sk\/wp-json\/wp\/v2\/product\/127490","targetHints":{"allow":["GET"]}}],"collection":[{"href":"https:\/\/nabytoklaguna.sk\/sk\/wp-json\/wp\/v2\/product"}],"about":[{"href":"https:\/\/nabytoklaguna.sk\/sk\/wp-json\/wp\/v2\/types\/product"}],"replies":[{"embeddable":true,"href":"https:\/\/nabytoklaguna.sk\/sk\/wp-json\/wp\/v2\/comments?post=127490"}],"wp:featuredmedia":[{"embeddable":true,"href":"https:\/\/nabytoklaguna.sk\/sk\/wp-json\/wp\/v2\/media\/127491"}],"wp:attachment":[{"href":"https:\/\/nabytoklaguna.sk\/sk\/wp-json\/wp\/v2\/media?parent=127490"}],"wp:term":[{"taxonomy":"product_brand","embeddable":true,"href":"https:\/\/nabytoklaguna.sk\/sk\/wp-json\/wp\/v2\/product_brand?post=127490"},{"taxonomy":"product_cat","embeddable":true,"href":"https:\/\/nabytoklaguna.sk\/sk\/wp-json\/wp\/v2\/product_cat?post=127490"},{"taxonomy":"product_tag","embeddable":true,"href":"https:\/\/nabytoklaguna.sk\/sk\/wp-json\/wp\/v2\/product_tag?post=127490"}],"curies":[{"name":"wp","href":"https:\/\/api.w.org\/{rel}","templated":true}]}}