{"id":127512,"date":"2026-04-02T13:42:09","date_gmt":"2026-04-02T11:42:09","guid":{"rendered":"https:\/\/nabytoklaguna.sk\/sk\/?post_type=product&#038;p=127512"},"modified":"2026-04-22T09:58:11","modified_gmt":"2026-04-22T07:58:11","slug":"daisy-pohovka-2","status":"publish","type":"product","link":"https:\/\/nabytoklaguna.sk\/sk\/produkt\/daisy-pohovka-2\/","title":{"rendered":"DAISY Perfect Harmony pohovka"},"content":{"rendered":"<p data-start=\"74\" data-end=\"330\">Rozkladacia pohovka <strong>Daisy<\/strong> s elegantn\u00fdm <strong data-start=\"102\" data-end=\"128\">pre\u0161\u00edvan\u00edm <\/strong>do \u0161tvorcov predstavuje ide\u00e1lne spojenie <strong>modern\u00e9ho dizajnu a praktickej funk\u010dnosti.<\/strong> Dekorat\u00edvne pre\u0161\u00edvanie dod\u00e1va pohovke luxusn\u00fd vzh\u013ead, z\u00e1rove\u0148 pom\u00e1ha udr\u017eiava\u0165 tvar sed\u00e1kov a zvy\u0161uje celkov\u00fd komfort pri seden\u00ed. Pohovka je vybaven\u00e1 <strong data-start=\"444\" data-end=\"465\">funkciou rozkladu<\/strong>, v\u010faka ktorej ju jednoducho premen\u00edte na <strong>priestrann\u00e9 l\u00f4\u017eko<\/strong> vhodn\u00e9 na pr\u00edle\u017eitostn\u00e9 prespanie alebo ka\u017edodenn\u00fd relax. <strong>Modern\u00fd dizajn<\/strong> umo\u017e\u0148uje jednoduch\u00e9 kombinovanie s r\u00f4znymi \u0161t\u00fdlmi interi\u00e9ru \u2014 od minimalistick\u00e9ho a\u017e po modern\u00fd mestsk\u00fd \u0161t\u00fdl. Seda\u010dka sa tak stane nielen praktick\u00fdm, ale aj v\u00fdrazn\u00fdm estetick\u00fdm prvkom ob\u00fdva\u010dky. V\u00fdber po\u0165ahov\u00fdch l\u00e1tok \u2014 na objedn\u00e1vku. Pon\u00fakame V\u00e1m ju v kvalitnej m\u00e4tovo zelenej po\u0165ahovej l\u00e1tke <strong>Perfekt Harmony 72.<\/strong><\/p>\n<p data-start=\"74\" data-end=\"330\">Mo\u017enos\u0165 v\u00fdberu farebn\u00e9ho prevedenia zo vzorkovn\u00edka l\u00e1tok:\u00a0<strong>Perfekt Harmony,\u00a0 Cremona,\u00a0 Castel\u00a0 a\u00a0 Aragon.<\/strong>\u00a0Pri objedn\u00e1vke pros\u00edm uve\u010fte do pozn\u00e1mky\u00a0<strong>typ l\u00e1tky.<\/strong><\/p>\n<table class=\"table-data-sheet\">\n<tbody>\n<tr class=\"odd\">\n<td>H\u013abka<\/td>\n<td>103 cm<\/td>\n<\/tr>\n<tr class=\"even\">\n<td>\u0160\u00edrka<\/td>\n<td>240 cm<\/td>\n<\/tr>\n<tr class=\"even\">\n<td>Vhodn\u00e1 miestnos\u0165<\/td>\n<td>ob\u00fdva\u010dka, spolo\u010densk\u00e1 miestnos\u0165, hotely, kaviarne<\/td>\n<\/tr>\n<tr class=\"odd\">\n<td>Typ n\u00e1bytku<\/td>\n<td>pohovka<\/td>\n<\/tr>\n<tr class=\"even\">\n<td>\u0160t\u00fdl n\u00e1bytku<\/td>\n<td>modern\u00fd<\/td>\n<\/tr>\n<tr class=\"odd\">\n<td>Z\u00e1ruka<\/td>\n<td>2 roky<\/td>\n<\/tr>\n<tr class=\"even\">\n<td>Sp\u00f4sob dodania<\/td>\n<td>demont v dvoch bal\u00edkoch<\/td>\n<\/tr>\n<tr class=\"even\">\n<td>\u00dalo\u017en\u00fd priestor<\/td>\n<td>\u00e1no<\/td>\n<\/tr>\n<tr class=\"odd\">\n<td>Rohov\u00e9 prevedenie<\/td>\n<td>\u00e1no<\/td>\n<\/tr>\n<tr class=\"even\">\n<td>V\u00fd\u0161ka<\/td>\n<td>90 cm<\/td>\n<\/tr>\n<tr class=\"even\">\n<td>Mo\u017enos\u0165 rozkladania<\/td>\n<td>\u00e1no<\/td>\n<\/tr>\n<tr class=\"odd\">\n<td>Plocha na spanie<\/td>\n<td><span style=\"font-family: inherit; font-size: inherit;\">197 x 147 cm<\/span><\/td>\n<\/tr>\n<tr class=\"odd\">\n<td>N\u00f4\u017eky<\/td>\n<td>plast<\/td>\n<\/tr>\n<tr class=\"even\">\n<td>Obsahuje vank\u00fa\u0161e<\/td>\n<td>\u00e1no<\/td>\n<\/tr>\n<tr class=\"odd\">\n<td>Nastavenie opierok<\/td>\n<td>nie<\/td>\n<\/tr>\n<tr class=\"even\">\n<td>V\u00fdpl\u0148 seda\u010dky<\/td>\n<td>pena + pru\u017eina falista<\/td>\n<\/tr>\n<\/tbody>\n<\/table>\n","protected":false},"excerpt":{"rendered":"<p>Rozkladacia pohovka Daisy s elegantn\u00fdm pre\u0161\u00edvan\u00edm do \u0161tvorcov predstavuje ide\u00e1lne spojenie modern\u00e9ho dizajnu a praktickej funk\u010dnosti. Dekorat\u00edvne pre\u0161\u00edvanie dod\u00e1va pohovke luxusn\u00fd vzh\u013ead, z\u00e1rove\u0148 pom\u00e1ha udr\u017eiava\u0165 tvar sed\u00e1kov a zvy\u0161uje celkov\u00fd komfort pri seden\u00ed. Pohovka je vybaven\u00e1 funkciou rozkladu, v\u010faka ktorej ju jednoducho premen\u00edte na priestrann\u00e9 l\u00f4\u017eko vhodn\u00e9 na pr\u00edle\u017eitostn\u00e9 prespanie alebo ka\u017edodenn\u00fd relax. Modern\u00fd dizajn&#8230;<\/p>\n","protected":false},"featured_media":127515,"comment_status":"closed","ping_status":"closed","template":"","meta":{"_seopress_robots_primary_cat":"none","_seopress_titles_title":"","_seopress_titles_desc":"","_seopress_robots_index":""},"product_brand":[],"product_cat":[8384,140,219],"product_tag":[],"class_list":{"0":"post-127512","1":"product","2":"type-product","3":"status-publish","4":"has-post-thumbnail","6":"product_cat-bestsellery-sedacie-supravy","7":"product_cat-sedacie-supravy","8":"product_cat-pohovky","10":"first","11":"onbackorder","12":"shipping-taxable","13":"purchasable","14":"product-type-simple"},"_links":{"self":[{"href":"https:\/\/nabytoklaguna.sk\/sk\/wp-json\/wp\/v2\/product\/127512","targetHints":{"allow":["GET"]}}],"collection":[{"href":"https:\/\/nabytoklaguna.sk\/sk\/wp-json\/wp\/v2\/product"}],"about":[{"href":"https:\/\/nabytoklaguna.sk\/sk\/wp-json\/wp\/v2\/types\/product"}],"replies":[{"embeddable":true,"href":"https:\/\/nabytoklaguna.sk\/sk\/wp-json\/wp\/v2\/comments?post=127512"}],"wp:featuredmedia":[{"embeddable":true,"href":"https:\/\/nabytoklaguna.sk\/sk\/wp-json\/wp\/v2\/media\/127515"}],"wp:attachment":[{"href":"https:\/\/nabytoklaguna.sk\/sk\/wp-json\/wp\/v2\/media?parent=127512"}],"wp:term":[{"taxonomy":"product_brand","embeddable":true,"href":"https:\/\/nabytoklaguna.sk\/sk\/wp-json\/wp\/v2\/product_brand?post=127512"},{"taxonomy":"product_cat","embeddable":true,"href":"https:\/\/nabytoklaguna.sk\/sk\/wp-json\/wp\/v2\/product_cat?post=127512"},{"taxonomy":"product_tag","embeddable":true,"href":"https:\/\/nabytoklaguna.sk\/sk\/wp-json\/wp\/v2\/product_tag?post=127512"}],"curies":[{"name":"wp","href":"https:\/\/api.w.org\/{rel}","templated":true}]}}