{"id":127517,"date":"2026-04-02T16:29:41","date_gmt":"2026-04-02T14:29:41","guid":{"rendered":"https:\/\/nabytoklaguna.sk\/sk\/?post_type=product&#038;p=127517"},"modified":"2026-04-02T16:43:58","modified_gmt":"2026-04-02T14:43:58","slug":"pohovka-asb-3030","status":"publish","type":"product","link":"https:\/\/nabytoklaguna.sk\/sk\/produkt\/pohovka-asb-3030\/","title":{"rendered":"pohovka ASB-C3030"},"content":{"rendered":"<p>Rozkladacia <strong>trojmiestna pohovka<\/strong> s ozna\u010den\u00edm <strong>ASB-C3030<\/strong>\u00a0 pon\u00faka praktick\u00e9 rie\u0161enie pre ob\u00fdvacie izby aj men\u0161ie priestory. Po\u0165ah je z l\u00e1tky s jemnou rebrovanou \u0161trukt\u00farou, ktor\u00e1 dod\u00e1va pohovke <strong>modern\u00fd a z\u00e1rove\u0148 \u00fatuln\u00fd vzh\u013ead<\/strong>. Sed\u00e1k aj operadlo s\u00fa vyplnen\u00e9 <strong>pohodlnou penou<\/strong>, ktor\u00e1 zabezpe\u010duje komfortn\u00e9 sedenie aj le\u017eanie. Funkcia <strong>click-clack<\/strong> umo\u017e\u0148uje jednoduch\u00e9 a r\u00fdchle <strong>rozlo\u017eenie pohovky na l\u00f4\u017eko<\/strong> bez nutnosti zlo\u017eit\u00fdch mechanizmov. Stabiln\u00e9 nohy z mas\u00edvneho kau\u010dukov\u00e9ho dreva prispievaj\u00fa k pevnosti a dlhej \u017eivotnosti n\u00e1bytku, z\u00e1rove\u0148 pod\u010diarkuj\u00fa jeho pr\u00edrodn\u00fd charakter. Rozmery a nosnos\u0165 s\u00fa navrhnut\u00e9 tak, aby vyhovovali be\u017en\u00fdm po\u017eiadavk\u00e1m na tri a\u017e \u0161tyri miesta na sedenie aj pr\u00edle\u017eitostn\u00e9 spanie.<\/p>\n<h3 class=\"page-product-heading\">VLASTNOSTI<\/h3>\n<table class=\"table-data-sheet\" style=\"width: 42.7734%;\">\n<tbody>\n<tr class=\"odd\" style=\"height: 52px;\">\n<td style=\"height: 52px; width: 37.5502%;\">H\u013abka<\/td>\n<td style=\"height: 52px; width: 62.0482%;\">106 cm<\/td>\n<\/tr>\n<tr class=\"even\" style=\"height: 52px;\">\n<td style=\"height: 52px; width: 37.5502%;\">\u0160\u00edrka<\/td>\n<td style=\"height: 52px; width: 62.0482%;\">186 cm<\/td>\n<\/tr>\n<tr class=\"odd\" style=\"height: 52px;\">\n<td style=\"height: 52px; width: 37.5502%;\">V\u00fd\u0161ka<\/td>\n<td style=\"height: 52px; width: 62.0482%;\">84 cm<\/td>\n<\/tr>\n<tr class=\"even\" style=\"height: 76px;\">\n<td style=\"height: 76px; width: 37.5502%;\">Vhodn\u00e1 miestnos\u0165<\/td>\n<td style=\"height: 76px; width: 62.0482%;\">ob\u00fdva\u010dka, spolo\u010densk\u00e1 miestnos\u0165, hotely, kaviarne<\/td>\n<\/tr>\n<tr class=\"odd\" style=\"height: 52px;\">\n<td style=\"height: 52px; width: 37.5502%;\">Typ n\u00e1bytku<\/td>\n<td style=\"height: 52px; width: 62.0482%;\">pohovka<\/td>\n<\/tr>\n<tr class=\"even\" style=\"height: 52px;\">\n<td style=\"height: 52px; width: 37.5502%;\">\u0160t\u00fdl n\u00e1bytku<\/td>\n<td style=\"height: 52px; width: 62.0482%;\">modern\u00fd<\/td>\n<\/tr>\n<tr class=\"odd\" style=\"height: 52px;\">\n<td style=\"height: 52px; width: 37.5502%;\">Z\u00e1ruka<\/td>\n<td style=\"height: 52px; width: 62.0482%;\">2 roky<\/td>\n<\/tr>\n<tr class=\"even\" style=\"height: 52px;\">\n<td style=\"height: 52px; width: 37.5502%;\">Sp\u00f4sob dodania<\/td>\n<td style=\"height: 52px; width: 62.0482%;\">demont<\/td>\n<\/tr>\n<tr class=\"even\" style=\"height: 52px;\">\n<td style=\"height: 52px; width: 37.5502%;\">\u00dalo\u017en\u00fd priestor<\/td>\n<td style=\"height: 52px; width: 62.0482%;\">nie<\/td>\n<\/tr>\n<tr class=\"odd\" style=\"height: 76px;\">\n<td style=\"height: 76px; width: 37.5502%;\">Rohov\u00e9 prevedenie<\/td>\n<td style=\"height: 76px; width: 62.0482%;\">nie<\/td>\n<\/tr>\n<tr class=\"even\" style=\"height: 52px;\">\n<td style=\"height: 52px; width: 37.5502%;\">V\u00fd\u0161ka sed\u00e1ka<\/td>\n<td style=\"height: 52px; width: 62.0482%;\">41 cm<\/td>\n<\/tr>\n<tr class=\"odd\" style=\"height: 76px;\">\n<td style=\"height: 76px; width: 37.5502%;\">V\u00fd\u0161ka zadn\u00e9ho \u010dela<\/td>\n<td style=\"height: 76px; width: 62.0482%;\">84 cm<\/td>\n<\/tr>\n<tr class=\"even\" style=\"height: 76px;\">\n<td style=\"height: 76px; width: 37.5502%;\">Mo\u017enos\u0165 rozkladania<\/td>\n<td style=\"height: 76px; width: 62.0482%;\">\u00e1no<\/td>\n<\/tr>\n<tr class=\"odd\" style=\"height: 76px;\">\n<td style=\"height: 76px; width: 37.5502%;\">Plocha po rozlo\u017een\u00ed<\/td>\n<td style=\"height: 76px; width: 62.0482%;\">106\u00d7186 cm<\/td>\n<\/tr>\n<tr class=\"even\" style=\"height: 52px;\">\n<td style=\"height: 52px; width: 37.5502%;\">Nohy<\/td>\n<td style=\"height: 52px; width: 62.0482%;\">mas\u00edv<\/td>\n<\/tr>\n<tr class=\"odd\" style=\"height: 76px;\">\n<td style=\"height: 76px; width: 37.5502%;\">Dr\u017eiak na n\u00e1poje<\/td>\n<td style=\"height: 76px; width: 62.0482%;\">\u00e1no<\/td>\n<\/tr>\n<tr class=\"even\" style=\"height: 51px;\">\n<td style=\"height: 51px; width: 37.5502%;\">Nosnos\u0165 pohovky<\/td>\n<td style=\"height: 51px; width: 62.0482%;\">300 kg<\/td>\n<\/tr>\n<\/tbody>\n<\/table>\n<p>&nbsp;<\/p>\n","protected":false},"excerpt":{"rendered":"<p>Rozkladacia trojmiestna pohovka s ozna\u010den\u00edm ASB-C3030\u00a0 pon\u00faka praktick\u00e9 rie\u0161enie pre ob\u00fdvacie izby aj men\u0161ie priestory. Po\u0165ah je z l\u00e1tky s jemnou rebrovanou \u0161trukt\u00farou, ktor\u00e1 dod\u00e1va pohovke modern\u00fd a z\u00e1rove\u0148 \u00fatuln\u00fd vzh\u013ead. Sed\u00e1k aj operadlo s\u00fa vyplnen\u00e9 pohodlnou penou, ktor\u00e1 zabezpe\u010duje komfortn\u00e9 sedenie aj le\u017eanie. Funkcia click-clack umo\u017e\u0148uje jednoduch\u00e9 a r\u00fdchle rozlo\u017eenie pohovky na l\u00f4\u017eko bez&#8230;<\/p>\n","protected":false},"featured_media":127520,"comment_status":"closed","ping_status":"closed","template":"","meta":{"_seopress_robots_primary_cat":"none","_seopress_titles_title":"","_seopress_titles_desc":"","_seopress_robots_index":""},"product_brand":[],"product_cat":[140,219],"product_tag":[],"class_list":{"0":"post-127517","1":"product","2":"type-product","3":"status-publish","4":"has-post-thumbnail","6":"product_cat-sedacie-supravy","7":"product_cat-pohovky","8":"pa_farba-crm","9":"pa_farba-grey2","11":"first","12":"onbackorder","13":"sale","14":"shipping-taxable","15":"purchasable","16":"product-type-variable"},"_links":{"self":[{"href":"https:\/\/nabytoklaguna.sk\/sk\/wp-json\/wp\/v2\/product\/127517","targetHints":{"allow":["GET"]}}],"collection":[{"href":"https:\/\/nabytoklaguna.sk\/sk\/wp-json\/wp\/v2\/product"}],"about":[{"href":"https:\/\/nabytoklaguna.sk\/sk\/wp-json\/wp\/v2\/types\/product"}],"replies":[{"embeddable":true,"href":"https:\/\/nabytoklaguna.sk\/sk\/wp-json\/wp\/v2\/comments?post=127517"}],"wp:featuredmedia":[{"embeddable":true,"href":"https:\/\/nabytoklaguna.sk\/sk\/wp-json\/wp\/v2\/media\/127520"}],"wp:attachment":[{"href":"https:\/\/nabytoklaguna.sk\/sk\/wp-json\/wp\/v2\/media?parent=127517"}],"wp:term":[{"taxonomy":"product_brand","embeddable":true,"href":"https:\/\/nabytoklaguna.sk\/sk\/wp-json\/wp\/v2\/product_brand?post=127517"},{"taxonomy":"product_cat","embeddable":true,"href":"https:\/\/nabytoklaguna.sk\/sk\/wp-json\/wp\/v2\/product_cat?post=127517"},{"taxonomy":"product_tag","embeddable":true,"href":"https:\/\/nabytoklaguna.sk\/sk\/wp-json\/wp\/v2\/product_tag?post=127517"}],"curies":[{"name":"wp","href":"https:\/\/api.w.org\/{rel}","templated":true}]}}