{"id":127534,"date":"2026-04-08T11:38:11","date_gmt":"2026-04-08T09:38:11","guid":{"rendered":"https:\/\/nabytoklaguna.sk\/sk\/?post_type=product&#038;p=127534"},"modified":"2026-04-22T09:56:18","modified_gmt":"2026-04-22T07:56:18","slug":"agata-element-pohovka","status":"publish","type":"product","link":"https:\/\/nabytoklaguna.sk\/sk\/produkt\/agata-element-pohovka\/","title":{"rendered":"AGATA element pohovka"},"content":{"rendered":"<p data-start=\"83\" data-end=\"354\">Rozkladacia pohovka <strong>AGATA<\/strong>\u00a0v minimalistickom \u0161t\u00fdle zaujme svoj\u00edm <strong>jednoduch\u00fdm a nad\u010dasov\u00fdm dizajnom,<\/strong> ktor\u00fd sa vyzna\u010duje <strong data-start=\"195\" data-end=\"238\">\u010dist\u00fdmi l\u00edniami a elegantn\u00fdm preveden\u00edm<\/strong>. V\u010faka univerz\u00e1lnemu vzh\u013eadu sa prirodzene hod\u00ed do modern\u00fdch, \u0161kandin\u00e1vskych aj minimalisticky laden\u00fdch interi\u00e9rov. Pohovka poskytuje pohodln\u00e9 miesto na ka\u017edodenn\u00e9 sedenie a z\u00e1rove\u0148 pon\u00faka praktick\u00fa <strong data-start=\"439\" data-end=\"459\">funkciu rozkladu<\/strong>, pomocou ktorej ju jednoducho premen\u00edte na <strong>l\u00f4\u017eko<\/strong> vhodn\u00e9 na oddych alebo pr\u00edle\u017eitostn\u00e9 prespanie n\u00e1v\u0161tev. S\u00fa\u010das\u0165ou je aj <strong data-start=\"580\" data-end=\"611\">integrovan\u00fd \u00falo\u017en\u00fd priestor<\/strong>, ide\u00e1lny na ulo\u017eenie poste\u013enej bielizne, prikr\u00fdvok \u010di sez\u00f3nnych doplnkov, \u010d\u00edm pom\u00e1ha udr\u017eiava\u0165 poriadok v dom\u00e1cnosti. <strong>Minimalistick\u00e9 spracovanie<\/strong> kladie d\u00f4raz na <strong>funk\u010dnos\u0165, komfort a estetick\u00fa jednoduchos\u0165<\/strong> bez zbyto\u010dn\u00fdch prvkov, \u010do rob\u00ed z pohovky praktick\u00fd a \u0161t\u00fdlov\u00fd doplnok ka\u017ed\u00e9ho modern\u00e9ho b\u00fdvania.<\/p>\n<p data-start=\"83\" data-end=\"354\">V\u00fdber po\u0165ahov\u00fdch l\u00e1tok \u2014 na objedn\u00e1vku. Pon\u00fakame V\u00e1m ju v kvalitnej svetlohnedej po\u0165ahovej l\u00e1tke <strong>Element 06.<\/strong><\/p>\n<p data-start=\"83\" data-end=\"354\">Mo\u017enos\u0165 v\u00fdberu farebn\u00e9ho prevedenia zo vzorkovn\u00edka l\u00e1tok:\u00a0<strong>Perfekt Harmony,\u00a0 Cremona,\u00a0 Castel\u00a0 a\u00a0 Aragon.<\/strong>\u00a0Pri objedn\u00e1vke pros\u00edm uve\u010fte do pozn\u00e1mky\u00a0<strong>typ l\u00e1tky.<\/strong><\/p>\n<table class=\"table-data-sheet\">\n<tbody>\n<tr class=\"odd\">\n<td>H\u013abka<\/td>\n<td>\u00a097 cm<\/td>\n<\/tr>\n<tr class=\"even\">\n<td>\u0160\u00edrka<\/td>\n<td>198 cm<\/td>\n<\/tr>\n<tr class=\"even\">\n<td>Vhodn\u00e1 miestnos\u0165<\/td>\n<td>ob\u00fdva\u010dka, spolo\u010densk\u00e1 miestnos\u0165, hotely, kaviarne<\/td>\n<\/tr>\n<tr class=\"odd\">\n<td>Typ n\u00e1bytku<\/td>\n<td>pohovka<\/td>\n<\/tr>\n<tr class=\"even\">\n<td>\u0160t\u00fdl n\u00e1bytku<\/td>\n<td>modern\u00fd<\/td>\n<\/tr>\n<tr class=\"odd\">\n<td>Z\u00e1ruka<\/td>\n<td>2 roky<\/td>\n<\/tr>\n<tr class=\"even\">\n<td>Sp\u00f4sob dodania<\/td>\n<td>demont<\/td>\n<\/tr>\n<tr class=\"even\">\n<td>\u00dalo\u017en\u00fd priestor<\/td>\n<td>\u00e1no<\/td>\n<\/tr>\n<tr class=\"odd\">\n<td>Rohov\u00e9 prevedenie<\/td>\n<td>nie<\/td>\n<\/tr>\n<tr class=\"even\">\n<td>V\u00fd\u0161ka<\/td>\n<td>94 cm<\/td>\n<\/tr>\n<tr class=\"even\">\n<td>Mo\u017enos\u0165 rozkladania<\/td>\n<td>\u00e1no<\/td>\n<\/tr>\n<tr class=\"odd\">\n<td>Plocha na spanie<\/td>\n<td><span style=\"font-family: inherit; font-size: inherit;\">196&#215;141 cm<\/span><\/td>\n<\/tr>\n<tr class=\"odd\">\n<td>N\u00f4\u017eky<\/td>\n<td>plast<\/td>\n<\/tr>\n<tr class=\"even\">\n<td>Obsahuje vank\u00fa\u0161e<\/td>\n<td>\u00e1no<\/td>\n<\/tr>\n<tr class=\"odd\">\n<td>Nastavenie opierok<\/td>\n<td>nie<\/td>\n<\/tr>\n<tr class=\"even\">\n<td>V\u00fdpl\u0148 seda\u010dky<\/td>\n<td>pena + pru\u017eina<\/td>\n<\/tr>\n<\/tbody>\n<\/table>\n","protected":false},"excerpt":{"rendered":"<p>Rozkladacia pohovka AGATA\u00a0v minimalistickom \u0161t\u00fdle zaujme svoj\u00edm jednoduch\u00fdm a nad\u010dasov\u00fdm dizajnom, ktor\u00fd sa vyzna\u010duje \u010dist\u00fdmi l\u00edniami a elegantn\u00fdm preveden\u00edm. V\u010faka univerz\u00e1lnemu vzh\u013eadu sa prirodzene hod\u00ed do modern\u00fdch, \u0161kandin\u00e1vskych aj minimalisticky laden\u00fdch interi\u00e9rov. Pohovka poskytuje pohodln\u00e9 miesto na ka\u017edodenn\u00e9 sedenie a z\u00e1rove\u0148 pon\u00faka praktick\u00fa funkciu rozkladu, pomocou ktorej ju jednoducho premen\u00edte na l\u00f4\u017eko vhodn\u00e9 na oddych&#8230;<\/p>\n","protected":false},"featured_media":127571,"comment_status":"closed","ping_status":"closed","template":"","meta":{"_seopress_robots_primary_cat":"none","_seopress_titles_title":"","_seopress_titles_desc":"","_seopress_robots_index":""},"product_brand":[],"product_cat":[8384,140,219],"product_tag":[],"class_list":{"0":"post-127534","1":"product","2":"type-product","3":"status-publish","4":"has-post-thumbnail","6":"product_cat-bestsellery-sedacie-supravy","7":"product_cat-sedacie-supravy","8":"product_cat-pohovky","10":"first","11":"onbackorder","12":"shipping-taxable","13":"purchasable","14":"product-type-simple"},"_links":{"self":[{"href":"https:\/\/nabytoklaguna.sk\/sk\/wp-json\/wp\/v2\/product\/127534","targetHints":{"allow":["GET"]}}],"collection":[{"href":"https:\/\/nabytoklaguna.sk\/sk\/wp-json\/wp\/v2\/product"}],"about":[{"href":"https:\/\/nabytoklaguna.sk\/sk\/wp-json\/wp\/v2\/types\/product"}],"replies":[{"embeddable":true,"href":"https:\/\/nabytoklaguna.sk\/sk\/wp-json\/wp\/v2\/comments?post=127534"}],"wp:featuredmedia":[{"embeddable":true,"href":"https:\/\/nabytoklaguna.sk\/sk\/wp-json\/wp\/v2\/media\/127571"}],"wp:attachment":[{"href":"https:\/\/nabytoklaguna.sk\/sk\/wp-json\/wp\/v2\/media?parent=127534"}],"wp:term":[{"taxonomy":"product_brand","embeddable":true,"href":"https:\/\/nabytoklaguna.sk\/sk\/wp-json\/wp\/v2\/product_brand?post=127534"},{"taxonomy":"product_cat","embeddable":true,"href":"https:\/\/nabytoklaguna.sk\/sk\/wp-json\/wp\/v2\/product_cat?post=127534"},{"taxonomy":"product_tag","embeddable":true,"href":"https:\/\/nabytoklaguna.sk\/sk\/wp-json\/wp\/v2\/product_tag?post=127534"}],"curies":[{"name":"wp","href":"https:\/\/api.w.org\/{rel}","templated":true}]}}