{"id":127542,"date":"2026-04-08T12:09:30","date_gmt":"2026-04-08T10:09:30","guid":{"rendered":"https:\/\/nabytoklaguna.sk\/sk\/?post_type=product&#038;p=127542"},"modified":"2026-04-22T10:42:30","modified_gmt":"2026-04-22T08:42:30","slug":"merkury-aragon-pohovka","status":"publish","type":"product","link":"https:\/\/nabytoklaguna.sk\/sk\/produkt\/merkury-aragon-pohovka\/","title":{"rendered":"MERKURY aragon pohovka"},"content":{"rendered":"<p><span dir=\"auto\">Pohovka <strong>Merkury<\/strong> je stelesnen\u00edm <strong>elegancie a pohodlia<\/strong> a dokonale dopln\u00ed v\u00e1\u0161 interi\u00e9r. Zmyselnos\u0165<strong> pre\u0161\u00edvan\u00fdch detailov<\/strong> a v\u00fdnimo\u010dn\u00e1 funk\u010dnos\u0165 robia z tejto pohovky centrum relax\u00e1cie a spolo\u010densk\u00e9ho \u017eivota.<\/span><\/p>\n<p><span dir=\"auto\">Jej jedine\u010dn\u00fd dizajn kombinuje <strong>harmonick\u00e9 l\u00ednie<\/strong> a vytv\u00e1ra pocit \u013eahkosti a rovnov\u00e1hy. Presne umiestnen\u00e9 pre\u0161\u00edvanie nielen dod\u00e1va \u0161arm, ale tie\u017e vyjadruje pozornos\u0165 venovan\u00fa detailom a zd\u00f4raz\u0148uje prec\u00edzne remeseln\u00e9 spracovanie. Pohovka je dokonalou zmesou modern\u00e9ho a klasick\u00e9ho, v\u010faka \u010domu sa perfektne hod\u00ed do <strong>modern\u00fdch aj tradi\u010dnej\u0161\u00edch<\/strong> interi\u00e9rov.<\/span><\/p>\n<p><span dir=\"auto\"><strong>Vank\u00fa\u0161e<\/strong>, ktor\u00e9 ju zdobia, poskytuj\u00fa pohodlie a oporu pri seden\u00ed a vytv\u00e1raj\u00fa \u00fatuln\u00e9 miesto na <strong>odpo\u010dinok a relax<\/strong>. Ka\u017ed\u00fd vank\u00fa\u0161 je starostlivo navrhnut\u00fd tak, aby dokonale dop\u013a\u0148al tvar pohovky a poskytoval nielen pohodlie, ale aj estetick\u00e9 pote\u0161enie.<\/span><\/p>\n<p><span dir=\"auto\">Pohovka<strong> Merkury<\/strong> stoj\u00ed na decentn\u00fdch, pevn\u00fdch noh\u00e1ch, ktor\u00e9 jej dod\u00e1vaj\u00fa \u013eahk\u00fd pocit a umo\u017e\u0148uj\u00fa jednoduch\u00e9 \u010distenie podlahy. Vank\u00fa\u0161e aj \u010dal\u00fanenie s\u00fa vyroben\u00e9 z vysoko <strong>kvalitn\u00fdch materi\u00e1lov<\/strong>, tak\u017ee si zachovaj\u00fa svoj vzh\u013ead a odolnos\u0165 po mnoho rokov. <\/span>V\u00fdber po\u0165ahov\u00fdch l\u00e1tok \u2014 na objedn\u00e1vku. Pon\u00fakame V\u00e1m ju v kvalitnej svetlosivej po\u0165ahovej l\u00e1tke <strong>Aragon 80.<\/strong><\/p>\n<p data-start=\"83\" data-end=\"354\">Mo\u017enos\u0165 v\u00fdberu farebn\u00e9ho prevedenia zo vzorkovn\u00edka l\u00e1tok: <strong>\u00a0Aragon,\u00a0 <\/strong><strong>Perfekt Harmony,\u00a0 Cremona a Castel.<\/strong> Pri objedn\u00e1vke pros\u00edm uve\u010fte do pozn\u00e1mky <strong>typ l\u00e1tky.<\/strong><\/p>\n<table class=\"table-data-sheet\">\n<tbody>\n<tr class=\"odd\">\n<td>H\u013abka<\/td>\n<td>\u00a094 cm<\/td>\n<\/tr>\n<tr class=\"even\">\n<td>\u0160\u00edrka<\/td>\n<td>197 cm<\/td>\n<\/tr>\n<tr class=\"even\">\n<td>Vhodn\u00e1 miestnos\u0165<\/td>\n<td>ob\u00fdva\u010dka, spolo\u010densk\u00e1 miestnos\u0165, hotely, kaviarne<\/td>\n<\/tr>\n<tr class=\"odd\">\n<td>Typ n\u00e1bytku<\/td>\n<td>pohovka<\/td>\n<\/tr>\n<tr class=\"even\">\n<td>\u0160t\u00fdl n\u00e1bytku<\/td>\n<td>modern\u00fd<\/td>\n<\/tr>\n<tr class=\"odd\">\n<td>Z\u00e1ruka<\/td>\n<td>2 roky<\/td>\n<\/tr>\n<tr class=\"even\">\n<td>Sp\u00f4sob dodania<\/td>\n<td>demont<\/td>\n<\/tr>\n<tr class=\"even\">\n<td>\u00dalo\u017en\u00fd priestor<\/td>\n<td>\u00e1no<\/td>\n<\/tr>\n<tr class=\"odd\">\n<td>Rohov\u00e9 prevedenie<\/td>\n<td>nie<\/td>\n<\/tr>\n<tr class=\"even\">\n<td>V\u00fd\u0161ka<\/td>\n<td>95 cm<\/td>\n<\/tr>\n<tr class=\"even\">\n<td>Mo\u017enos\u0165 rozkladania<\/td>\n<td>\u00e1no<\/td>\n<\/tr>\n<tr class=\"odd\">\n<td>Plocha na spanie<\/td>\n<td><span style=\"font-family: inherit; font-size: inherit;\">196&#215;140 cm<\/span><\/td>\n<\/tr>\n<tr class=\"odd\">\n<td>N\u00f4\u017eky<\/td>\n<td>plast<\/td>\n<\/tr>\n<tr class=\"even\">\n<td>Obsahuje vank\u00fa\u0161e<\/td>\n<td>\u00e1no<\/td>\n<\/tr>\n<tr class=\"odd\">\n<td>Nastavenie opierok<\/td>\n<td>nie<\/td>\n<\/tr>\n<tr class=\"even\">\n<td>V\u00fdpl\u0148 seda\u010dky<\/td>\n<td>pena + pru\u017eina<\/td>\n<\/tr>\n<\/tbody>\n<\/table>\n","protected":false},"excerpt":{"rendered":"<p>Pohovka Merkury je stelesnen\u00edm elegancie a pohodlia a dokonale dopln\u00ed v\u00e1\u0161 interi\u00e9r. Zmyselnos\u0165 pre\u0161\u00edvan\u00fdch detailov a v\u00fdnimo\u010dn\u00e1 funk\u010dnos\u0165 robia z tejto pohovky centrum relax\u00e1cie a spolo\u010densk\u00e9ho \u017eivota. Jej jedine\u010dn\u00fd dizajn kombinuje harmonick\u00e9 l\u00ednie a vytv\u00e1ra pocit \u013eahkosti a rovnov\u00e1hy. Presne umiestnen\u00e9 pre\u0161\u00edvanie nielen dod\u00e1va \u0161arm, ale tie\u017e vyjadruje pozornos\u0165 venovan\u00fa detailom a zd\u00f4raz\u0148uje prec\u00edzne remeseln\u00e9&#8230;<\/p>\n","protected":false},"featured_media":127559,"comment_status":"closed","ping_status":"closed","template":"","meta":{"_seopress_robots_primary_cat":"none","_seopress_titles_title":"","_seopress_titles_desc":"","_seopress_robots_index":""},"product_brand":[],"product_cat":[8384,140,219],"product_tag":[],"class_list":{"0":"post-127542","1":"product","2":"type-product","3":"status-publish","4":"has-post-thumbnail","6":"product_cat-bestsellery-sedacie-supravy","7":"product_cat-sedacie-supravy","8":"product_cat-pohovky","10":"first","11":"onbackorder","12":"shipping-taxable","13":"purchasable","14":"product-type-simple"},"_links":{"self":[{"href":"https:\/\/nabytoklaguna.sk\/sk\/wp-json\/wp\/v2\/product\/127542","targetHints":{"allow":["GET"]}}],"collection":[{"href":"https:\/\/nabytoklaguna.sk\/sk\/wp-json\/wp\/v2\/product"}],"about":[{"href":"https:\/\/nabytoklaguna.sk\/sk\/wp-json\/wp\/v2\/types\/product"}],"replies":[{"embeddable":true,"href":"https:\/\/nabytoklaguna.sk\/sk\/wp-json\/wp\/v2\/comments?post=127542"}],"wp:featuredmedia":[{"embeddable":true,"href":"https:\/\/nabytoklaguna.sk\/sk\/wp-json\/wp\/v2\/media\/127559"}],"wp:attachment":[{"href":"https:\/\/nabytoklaguna.sk\/sk\/wp-json\/wp\/v2\/media?parent=127542"}],"wp:term":[{"taxonomy":"product_brand","embeddable":true,"href":"https:\/\/nabytoklaguna.sk\/sk\/wp-json\/wp\/v2\/product_brand?post=127542"},{"taxonomy":"product_cat","embeddable":true,"href":"https:\/\/nabytoklaguna.sk\/sk\/wp-json\/wp\/v2\/product_cat?post=127542"},{"taxonomy":"product_tag","embeddable":true,"href":"https:\/\/nabytoklaguna.sk\/sk\/wp-json\/wp\/v2\/product_tag?post=127542"}],"curies":[{"name":"wp","href":"https:\/\/api.w.org\/{rel}","templated":true}]}}