{"id":127645,"date":"2026-04-13T12:32:47","date_gmt":"2026-04-13T10:32:47","guid":{"rendered":"https:\/\/nabytoklaguna.sk\/sk\/?post_type=product&#038;p=127645"},"modified":"2026-04-14T10:09:08","modified_gmt":"2026-04-14T08:09:08","slug":"ak-373","status":"publish","type":"product","link":"https:\/\/nabytoklaguna.sk\/sk\/produkt\/ak-373\/","title":{"rendered":"AK-373"},"content":{"rendered":"<p>Hojdacie kreslo <strong>AK-373\u00a0<\/strong> sp\u00e1ja eleganciu s praktick\u00fdmi vlastnos\u0165ami.Sed\u00e1k a operadlo s\u00fa <strong>ergonomicky tvarovan\u00e9<\/strong> s decentn\u00fdm pre\u0161it\u00edm, ktor\u00e9 dod\u00e1va kreslu elegantn\u00fd vzh\u013ead. Pevn\u00e9 nohy s\u00fa vyroben\u00e9 z kombin\u00e1cie \u010dierneho kovu a mas\u00edvneho kau\u010dukovn\u00edka, \u010do zabezpe\u010duje stabilitu a dlh\u00fa \u017eivotnos\u0165. Kreslo je vybaven\u00e9 <strong>hojdac\u00edm mechanizmom<\/strong>, ktor\u00fd umo\u017e\u0148uje pr\u00edjemn\u00e9 a plynul\u00e9 hojdanie pre relax\u00e1ciu. Podr\u00fa\u010dky s\u00fa pevn\u00e9 a \u010dal\u00fanen\u00e9 rovnakou l\u00e1tkou ako sed\u00e1k, \u010do zvy\u0161uje komfort pri seden\u00ed.<\/p>\n<p>Dod\u00e1van\u00e9 v demonte.<\/p>\n<p>Rozmery: 67 x 85 x 90 cm<\/p>\n<table style=\"width: 100.173%;\">\n<tbody>\n<tr>\n<td class=\"popis\" style=\"width: 41.3287%;\">\u0160\u00edrka (cm):<\/td>\n<td style=\"width: 58.4987%;\">67 cm<\/td>\n<\/tr>\n<tr>\n<td class=\"popis\" style=\"width: 41.3287%;\">H\u013abka (cm):<\/td>\n<td style=\"width: 58.4987%;\">85 cm<\/td>\n<\/tr>\n<tr>\n<td class=\"popis\" style=\"width: 41.3287%;\">V\u00fd\u0161ka (cm):<\/td>\n<td style=\"width: 58.4987%;\">90 cm<\/td>\n<\/tr>\n<tr>\n<td style=\"width: 41.3287%;\">\u0161\u00edrka sedu:<\/td>\n<td style=\"width: 58.4987%;\">43 cm<\/td>\n<\/tr>\n<tr>\n<td style=\"width: 41.3287%;\">v\u00fd\u0161ka sedu:<\/td>\n<td style=\"width: 58.4987%;\">46 cm<\/td>\n<\/tr>\n<tr>\n<td style=\"width: 41.3287%;\">nohy:<\/td>\n<td style=\"width: 58.4987%;\">kov\/ \u010dierny mat, mas\u00edv\/pr\u00edrodn\u00e9<\/td>\n<\/tr>\n<tr>\n<td style=\"width: 41.3287%;\">nosnos\u0165:<\/td>\n<td style=\"width: 58.4987%;\">120 kg<\/td>\n<\/tr>\n<tr>\n<td style=\"width: 41.3287%;\">hmotnos\u0165:<\/td>\n<td style=\"width: 58.4987%;\">12 kg<\/td>\n<\/tr>\n<\/tbody>\n<\/table>\n","protected":false},"excerpt":{"rendered":"<p>Hojdacie kreslo AK-373\u00a0 sp\u00e1ja eleganciu s praktick\u00fdmi vlastnos\u0165ami.Sed\u00e1k a operadlo s\u00fa ergonomicky tvarovan\u00e9 s decentn\u00fdm pre\u0161it\u00edm, ktor\u00e9 dod\u00e1va kreslu elegantn\u00fd vzh\u013ead. Pevn\u00e9 nohy s\u00fa vyroben\u00e9 z kombin\u00e1cie \u010dierneho kovu a mas\u00edvneho kau\u010dukovn\u00edka, \u010do zabezpe\u010duje stabilitu a dlh\u00fa \u017eivotnos\u0165. Kreslo je vybaven\u00e9 hojdac\u00edm mechanizmom, ktor\u00fd umo\u017e\u0148uje pr\u00edjemn\u00e9 a plynul\u00e9 hojdanie pre relax\u00e1ciu. Podr\u00fa\u010dky s\u00fa pevn\u00e9 a&#8230;<\/p>\n","protected":false},"featured_media":127650,"comment_status":"closed","ping_status":"closed","template":"","meta":{"_seopress_robots_primary_cat":"none","_seopress_titles_title":"","_seopress_titles_desc":"","_seopress_robots_index":""},"product_brand":[],"product_cat":[230],"product_tag":[],"class_list":{"0":"post-127645","1":"product","2":"type-product","3":"status-publish","4":"has-post-thumbnail","6":"product_cat-hojdacie-kresla","7":"pa_farba-grey2","8":"pa_farba-blue2","9":"pa_farba-crm2","10":"pa_farba-pink-2","12":"first","13":"instock","14":"sale","15":"shipping-taxable","16":"purchasable","17":"product-type-variable"},"_links":{"self":[{"href":"https:\/\/nabytoklaguna.sk\/sk\/wp-json\/wp\/v2\/product\/127645","targetHints":{"allow":["GET"]}}],"collection":[{"href":"https:\/\/nabytoklaguna.sk\/sk\/wp-json\/wp\/v2\/product"}],"about":[{"href":"https:\/\/nabytoklaguna.sk\/sk\/wp-json\/wp\/v2\/types\/product"}],"replies":[{"embeddable":true,"href":"https:\/\/nabytoklaguna.sk\/sk\/wp-json\/wp\/v2\/comments?post=127645"}],"wp:featuredmedia":[{"embeddable":true,"href":"https:\/\/nabytoklaguna.sk\/sk\/wp-json\/wp\/v2\/media\/127650"}],"wp:attachment":[{"href":"https:\/\/nabytoklaguna.sk\/sk\/wp-json\/wp\/v2\/media?parent=127645"}],"wp:term":[{"taxonomy":"product_brand","embeddable":true,"href":"https:\/\/nabytoklaguna.sk\/sk\/wp-json\/wp\/v2\/product_brand?post=127645"},{"taxonomy":"product_cat","embeddable":true,"href":"https:\/\/nabytoklaguna.sk\/sk\/wp-json\/wp\/v2\/product_cat?post=127645"},{"taxonomy":"product_tag","embeddable":true,"href":"https:\/\/nabytoklaguna.sk\/sk\/wp-json\/wp\/v2\/product_tag?post=127645"}],"curies":[{"name":"wp","href":"https:\/\/api.w.org\/{rel}","templated":true}]}}