{"id":127695,"date":"2026-04-15T13:38:56","date_gmt":"2026-04-15T11:38:56","guid":{"rendered":"https:\/\/nabytoklaguna.sk\/sk\/?post_type=product&#038;p=127695"},"modified":"2026-04-15T14:23:54","modified_gmt":"2026-04-15T12:23:54","slug":"dcl-v2017","status":"publish","type":"product","link":"https:\/\/nabytoklaguna.sk\/sk\/produkt\/dcl-v2017\/","title":{"rendered":"DCL-V2017"},"content":{"rendered":"<p>Jed\u00e1lensk\u00e1 stoli\u010dka <strong>DCL-V2017\u00a0<\/strong> kombinuje pohodlie s praktick\u00fdm dizajnom vhodn\u00fdm do <strong>modern\u00fdch interi\u00e9rov<\/strong>. Sed\u00e1k a operadlo s\u00fa potiahnut\u00e9 l\u00e1tkou, ktor\u00e1 sa \u013eahko udr\u017eiava a je doplnen\u00e1 dizajnov\u00fdm <strong>pre\u0161\u00edvan\u00edm<\/strong> pre zv\u00fdraznenie estetick\u00e9ho dojmu. <strong>\u010cierne matn\u00e9<\/strong> <strong>kovov\u00e9 nohy<\/strong> zabezpe\u010duj\u00fa stabilitu a pevnos\u0165 celej stoli\u010dky, zatia\u013e \u010do <strong>madlo v hornej<\/strong> \u010dasti operadla u\u013eah\u010duje manipul\u00e1ciu a pren\u00e1\u0161anie. Absencia podr\u00fa\u010dok umo\u017e\u0148uje v\u00e4\u010d\u0161iu variabilitu usporiadania pri jed\u00e1lenskom stole. Stoli\u010dka je navrhnut\u00e1 tak, aby poskytovala komfortn\u00e9 sedenie s d\u00f4razom na jednoduch\u00fa \u00fadr\u017ebu a dlh\u00fa \u017eivotnos\u0165.<\/p>\n<p>Nosnos\u0165 je a\u017e 130 kg.<\/p>\n<p>Dod\u00e1van\u00e9 v demonte.<\/p>\n<p>Rozmery: 45 x 55 x 88 x 51 cm<\/p>\n<table style=\"width: 100%;\">\n<tbody>\n<tr>\n<td class=\"popis\" style=\"width: 52.0036%;\">\u0160\u00edrka (cm):<\/td>\n<td style=\"width: 47.8183%;\">45 cm<\/td>\n<\/tr>\n<tr>\n<td class=\"popis\" style=\"width: 52.0036%;\">H\u013abka (cm):<\/td>\n<td style=\"width: 47.8183%;\">55 cm<\/td>\n<\/tr>\n<tr>\n<td class=\"popis\" style=\"width: 52.0036%;\">V\u00fd\u0161ka (cm):<\/td>\n<td style=\"width: 47.8183%;\">88 cm<\/td>\n<\/tr>\n<tr>\n<td style=\"width: 52.0036%;\">v\u00fd\u0161ka sedu:<\/td>\n<td style=\"width: 47.8183%;\">51 cm<\/td>\n<\/tr>\n<tr>\n<td style=\"width: 52.0036%;\">Materi\u00e1l v\u00fdplne:<\/td>\n<td style=\"width: 47.8183%;\">pena<\/td>\n<\/tr>\n<tr>\n<td style=\"width: 52.0036%;\">nohy:<\/td>\n<td style=\"width: 47.8183%;\">kov<\/td>\n<\/tr>\n<tr>\n<td style=\"width: 52.0036%;\">nosnos\u0165:<\/td>\n<td style=\"width: 47.8183%;\">130 kg<\/td>\n<\/tr>\n<tr>\n<td style=\"width: 52.0036%;\">hmotnos\u0165:<\/td>\n<td style=\"width: 47.8183%;\">6 kg<\/td>\n<\/tr>\n<\/tbody>\n<\/table>\n","protected":false},"excerpt":{"rendered":"<p>Jed\u00e1lensk\u00e1 stoli\u010dka DCL-V2017\u00a0 kombinuje pohodlie s praktick\u00fdm dizajnom vhodn\u00fdm do modern\u00fdch interi\u00e9rov. Sed\u00e1k a operadlo s\u00fa potiahnut\u00e9 l\u00e1tkou, ktor\u00e1 sa \u013eahko udr\u017eiava a je doplnen\u00e1 dizajnov\u00fdm pre\u0161\u00edvan\u00edm pre zv\u00fdraznenie estetick\u00e9ho dojmu. \u010cierne matn\u00e9 kovov\u00e9 nohy zabezpe\u010duj\u00fa stabilitu a pevnos\u0165 celej stoli\u010dky, zatia\u013e \u010do madlo v hornej \u010dasti operadla u\u013eah\u010duje manipul\u00e1ciu a pren\u00e1\u0161anie. Absencia podr\u00fa\u010dok umo\u017e\u0148uje&#8230;<\/p>\n","protected":false},"featured_media":127701,"comment_status":"closed","ping_status":"closed","template":"","meta":{"_seopress_robots_primary_cat":"none","_seopress_titles_title":"","_seopress_titles_desc":"","_seopress_robots_index":""},"product_brand":[],"product_cat":[4721,239,237],"product_tag":[],"class_list":{"0":"post-127695","1":"product","2":"type-product","3":"status-publish","4":"has-post-thumbnail","6":"product_cat-jedalenske-stolicky","7":"product_cat-kovove-stolicky","8":"product_cat-stolicky","9":"pa_farba-bezova","10":"pa_farba-cierna-2","11":"pa_farba-hneda","12":"pa_farba-siva","13":"pa_farba-zlta","15":"first","16":"instock","17":"sale","18":"shipping-taxable","19":"purchasable","20":"product-type-variable"},"_links":{"self":[{"href":"https:\/\/nabytoklaguna.sk\/sk\/wp-json\/wp\/v2\/product\/127695","targetHints":{"allow":["GET"]}}],"collection":[{"href":"https:\/\/nabytoklaguna.sk\/sk\/wp-json\/wp\/v2\/product"}],"about":[{"href":"https:\/\/nabytoklaguna.sk\/sk\/wp-json\/wp\/v2\/types\/product"}],"replies":[{"embeddable":true,"href":"https:\/\/nabytoklaguna.sk\/sk\/wp-json\/wp\/v2\/comments?post=127695"}],"wp:featuredmedia":[{"embeddable":true,"href":"https:\/\/nabytoklaguna.sk\/sk\/wp-json\/wp\/v2\/media\/127701"}],"wp:attachment":[{"href":"https:\/\/nabytoklaguna.sk\/sk\/wp-json\/wp\/v2\/media?parent=127695"}],"wp:term":[{"taxonomy":"product_brand","embeddable":true,"href":"https:\/\/nabytoklaguna.sk\/sk\/wp-json\/wp\/v2\/product_brand?post=127695"},{"taxonomy":"product_cat","embeddable":true,"href":"https:\/\/nabytoklaguna.sk\/sk\/wp-json\/wp\/v2\/product_cat?post=127695"},{"taxonomy":"product_tag","embeddable":true,"href":"https:\/\/nabytoklaguna.sk\/sk\/wp-json\/wp\/v2\/product_tag?post=127695"}],"curies":[{"name":"wp","href":"https:\/\/api.w.org\/{rel}","templated":true}]}}