{"id":127730,"date":"2026-04-16T12:58:56","date_gmt":"2026-04-16T10:58:56","guid":{"rendered":"https:\/\/nabytoklaguna.sk\/sk\/?post_type=product&#038;p=127730"},"modified":"2026-04-16T13:12:13","modified_gmt":"2026-04-16T11:12:13","slug":"dch-j2159","status":"publish","type":"product","link":"https:\/\/nabytoklaguna.sk\/sk\/produkt\/dch-j2159\/","title":{"rendered":"DCH-J2159"},"content":{"rendered":"<p>Predstavujeme jed\u00e1lensk\u00fa stoli\u010dku, v ktorej sa industri\u00e1lny \u0161t\u00fdl sn\u00fabi s jedine\u010dnou v\u0161estrannos\u0165ou. T\u00e1to stoli\u010dka, majstrovsky vyroben\u00e1 s elegantn\u00fdm sed\u00e1kom z hladkej l\u00e1tky v elegantnom<strong> sivom a b\u00e9\u017eovom<\/strong> \u00a0odtieni steles\u0148uje jedine\u010dn\u00fa kombin\u00e1ciu robustnosti a sofistikovanosti.<\/p>\n<p>Jej minimalistick\u00fd dizajn zais\u0165uje kompatibilitu v \u0161irokej \u0161k\u00e1le interi\u00e9rov, tak\u017ee sa skvele hod\u00ed do firemn\u00e9ho prostredia aj dom\u00e1cich jed\u00e1ln\u00ed.<\/p>\n<p>Jed\u00e1lensk\u00e1 stoli\u010dka sa p\u00fd\u0161i v\u00fdnimo\u010dnou stabilitou, ktor\u00fa jej poskytuje robustn\u00e1 kovov\u00e1 \u0161tvornoh\u00e1 podno\u017e. Tieto<strong> kovov\u00e9 nohy<\/strong>, ktor\u00e9 dod\u00e1vaj\u00fa industri\u00e1lnemu charakteru stoli\u010dky n\u00e1dych rafinovanosti, nielen esteticky pozdvihn\u00fa V\u00e1\u0161 priestor, ale taktie\u017e zaistia trval\u00fa pevnos\u0165 a stabilitu.<\/p>\n<p><strong>Rozmery:\u00a0 59 x 62 x 88 x 52 cm<\/strong><\/p>\n<p>Dod\u00e1van\u00e9 v demonte<\/p>\n<table>\n<tbody>\n<tr>\n<td class=\"popis\">\u0160\u00edrka (cm):<\/td>\n<td>59 cm<\/td>\n<\/tr>\n<tr>\n<td class=\"popis\">H\u013abka (cm):<\/td>\n<td>62 cm<\/td>\n<\/tr>\n<tr>\n<td class=\"popis\">V\u00fd\u0161ka (cm):<\/td>\n<td>88 cm<\/td>\n<\/tr>\n<tr>\n<td>v\u00fd\u0161ka sedu:<\/td>\n<td>52 cm<\/td>\n<\/tr>\n<tr>\n<td>Materi\u00e1l v\u00fdplne:<\/td>\n<td>PU pena<\/td>\n<\/tr>\n<tr>\n<td>nohy:<\/td>\n<td>kov<\/td>\n<\/tr>\n<tr>\n<td>nosnos\u0165:<\/td>\n<td>120 kg<\/td>\n<\/tr>\n<tr>\n<td>hmotnos\u0165:<\/td>\n<td>9 kg<\/td>\n<\/tr>\n<\/tbody>\n<\/table>\n","protected":false},"excerpt":{"rendered":"<p>Predstavujeme jed\u00e1lensk\u00fa stoli\u010dku, v ktorej sa industri\u00e1lny \u0161t\u00fdl sn\u00fabi s jedine\u010dnou v\u0161estrannos\u0165ou. T\u00e1to stoli\u010dka, majstrovsky vyroben\u00e1 s elegantn\u00fdm sed\u00e1kom z hladkej l\u00e1tky v elegantnom sivom a b\u00e9\u017eovom \u00a0odtieni steles\u0148uje jedine\u010dn\u00fa kombin\u00e1ciu robustnosti a sofistikovanosti. Jej minimalistick\u00fd dizajn zais\u0165uje kompatibilitu v \u0161irokej \u0161k\u00e1le interi\u00e9rov, tak\u017ee sa skvele hod\u00ed do firemn\u00e9ho prostredia aj dom\u00e1cich jed\u00e1ln\u00ed. Jed\u00e1lensk\u00e1 stoli\u010dka&#8230;<\/p>\n","protected":false},"featured_media":127732,"comment_status":"closed","ping_status":"closed","template":"","meta":{"_seopress_robots_primary_cat":"none","_seopress_titles_title":"","_seopress_titles_desc":"","_seopress_robots_index":""},"product_brand":[],"product_cat":[4721,239,237],"product_tag":[],"class_list":{"0":"post-127730","1":"product","2":"type-product","3":"status-publish","4":"has-post-thumbnail","6":"product_cat-jedalenske-stolicky","7":"product_cat-kovove-stolicky","8":"product_cat-stolicky","9":"pa_farba-grey2","10":"pa_farba-crm2","12":"first","13":"instock","14":"sale","15":"shipping-taxable","16":"purchasable","17":"product-type-variable"},"_links":{"self":[{"href":"https:\/\/nabytoklaguna.sk\/sk\/wp-json\/wp\/v2\/product\/127730","targetHints":{"allow":["GET"]}}],"collection":[{"href":"https:\/\/nabytoklaguna.sk\/sk\/wp-json\/wp\/v2\/product"}],"about":[{"href":"https:\/\/nabytoklaguna.sk\/sk\/wp-json\/wp\/v2\/types\/product"}],"replies":[{"embeddable":true,"href":"https:\/\/nabytoklaguna.sk\/sk\/wp-json\/wp\/v2\/comments?post=127730"}],"wp:featuredmedia":[{"embeddable":true,"href":"https:\/\/nabytoklaguna.sk\/sk\/wp-json\/wp\/v2\/media\/127732"}],"wp:attachment":[{"href":"https:\/\/nabytoklaguna.sk\/sk\/wp-json\/wp\/v2\/media?parent=127730"}],"wp:term":[{"taxonomy":"product_brand","embeddable":true,"href":"https:\/\/nabytoklaguna.sk\/sk\/wp-json\/wp\/v2\/product_brand?post=127730"},{"taxonomy":"product_cat","embeddable":true,"href":"https:\/\/nabytoklaguna.sk\/sk\/wp-json\/wp\/v2\/product_cat?post=127730"},{"taxonomy":"product_tag","embeddable":true,"href":"https:\/\/nabytoklaguna.sk\/sk\/wp-json\/wp\/v2\/product_tag?post=127730"}],"curies":[{"name":"wp","href":"https:\/\/api.w.org\/{rel}","templated":true}]}}