{"id":127738,"date":"2026-04-16T13:22:31","date_gmt":"2026-04-16T11:22:31","guid":{"rendered":"https:\/\/nabytoklaguna.sk\/sk\/?post_type=product&#038;p=127738"},"modified":"2026-04-16T13:42:02","modified_gmt":"2026-04-16T11:42:02","slug":"ht-398m","status":"publish","type":"product","link":"https:\/\/nabytoklaguna.sk\/sk\/produkt\/ht-398m\/","title":{"rendered":"HT-398M"},"content":{"rendered":"<p>Objavte stelesnenie luxusu s jed\u00e1lensk\u00fdm stolom <strong>HT-398M <\/strong>v ktorom sn\u00fabime vkusnos\u0165 s \u00fa\u017eitkom. Jeho<strong> biela<\/strong> alebo <strong>\u0161ed\u00e1\u00a0 keramick\u00e1<\/strong> doska s <strong>mramorov\u00fdm dekorom<\/strong> p\u00f4sob\u00ed luxusne a z\u00e1rove\u0148 prakticky v\u010faka jednoduchej \u00fadr\u017ebe. Stabiln\u00e9 <strong>\u010dierne<\/strong> kovov\u00e9 <strong>rektifika\u010dn\u00e9<\/strong> nohy vytv\u00e1raj\u00fa kontrastn\u00fd prvok, ktor\u00fd dod\u00e1 priestoru \u0161mrnc. \u0160tvorcov\u00fd tvar stola je ide\u00e1lny pre men\u0161ie jed\u00e1lne \u010di kuchynsk\u00e9 k\u00faty, kde ocen\u00edte jeho kompaktn\u00e9 rozmery. Tento st\u00f4l sa stane prirodzenou dominantou ka\u017ed\u00e9ho moderne laden\u00e9ho interi\u00e9ru a pon\u00faka dostatok priestoru na pohodln\u00e9 stolovanie.<\/p>\n<p>Rozmery: 80 x 80 x 76cm<\/p>\n<p>Dod\u00e1van\u00e9 v demonte.<\/p>\n<table style=\"width: 100.173%; height: 311px;\">\n<tbody>\n<tr style=\"height: 52px;\">\n<td class=\"popis\" style=\"width: 41.3287%; height: 52px;\">\u0160\u00edrka (cm):<\/td>\n<td style=\"width: 58.4987%; height: 52px;\">80 cm<\/td>\n<\/tr>\n<tr style=\"height: 52px;\">\n<td class=\"popis\" style=\"width: 41.3287%; height: 52px;\">H\u013abka (cm):<\/td>\n<td style=\"width: 58.4987%; height: 52px;\">80 cm<\/td>\n<\/tr>\n<tr style=\"height: 52px;\">\n<td class=\"popis\" style=\"width: 41.3287%; height: 52px;\">V\u00fd\u0161ka (cm):<\/td>\n<td style=\"width: 58.4987%; height: 52px;\">76 cm<\/td>\n<\/tr>\n<tr style=\"height: 52px;\">\n<td style=\"width: 41.3287%; height: 52px;\">nohy:<\/td>\n<td style=\"width: 58.4987%; height: 52px;\">kov\/ \u010dierny mat<\/td>\n<\/tr>\n<tr style=\"height: 51px;\">\n<td style=\"width: 41.3287%; height: 51px;\">hmotnos\u0165:<\/td>\n<td style=\"width: 58.4987%; height: 51px;\">26 kg<\/td>\n<\/tr>\n<\/tbody>\n<\/table>\n","protected":false},"excerpt":{"rendered":"<p>Objavte stelesnenie luxusu s jed\u00e1lensk\u00fdm stolom HT-398M v ktorom sn\u00fabime vkusnos\u0165 s \u00fa\u017eitkom. Jeho biela alebo \u0161ed\u00e1\u00a0 keramick\u00e1 doska s mramorov\u00fdm dekorom p\u00f4sob\u00ed luxusne a z\u00e1rove\u0148 prakticky v\u010faka jednoduchej \u00fadr\u017ebe. Stabiln\u00e9 \u010dierne kovov\u00e9 rektifika\u010dn\u00e9 nohy vytv\u00e1raj\u00fa kontrastn\u00fd prvok, ktor\u00fd dod\u00e1 priestoru \u0161mrnc. \u0160tvorcov\u00fd tvar stola je ide\u00e1lny pre men\u0161ie jed\u00e1lne \u010di kuchynsk\u00e9 k\u00faty, kde ocen\u00edte&#8230;<\/p>\n","protected":false},"featured_media":127742,"comment_status":"closed","ping_status":"closed","template":"","meta":{"_seopress_robots_primary_cat":"none","_seopress_titles_title":"","_seopress_titles_desc":"","_seopress_robots_index":""},"product_brand":[],"product_cat":[245,243],"product_tag":[],"class_list":{"0":"post-127738","1":"product","2":"type-product","3":"status-publish","4":"has-post-thumbnail","6":"product_cat-kovove-stoly","7":"product_cat-stoly","8":"pa_farba-biela","9":"pa_farba-grey","11":"first","12":"instock","13":"sale","14":"shipping-taxable","15":"purchasable","16":"product-type-variable"},"_links":{"self":[{"href":"https:\/\/nabytoklaguna.sk\/sk\/wp-json\/wp\/v2\/product\/127738","targetHints":{"allow":["GET"]}}],"collection":[{"href":"https:\/\/nabytoklaguna.sk\/sk\/wp-json\/wp\/v2\/product"}],"about":[{"href":"https:\/\/nabytoklaguna.sk\/sk\/wp-json\/wp\/v2\/types\/product"}],"replies":[{"embeddable":true,"href":"https:\/\/nabytoklaguna.sk\/sk\/wp-json\/wp\/v2\/comments?post=127738"}],"wp:featuredmedia":[{"embeddable":true,"href":"https:\/\/nabytoklaguna.sk\/sk\/wp-json\/wp\/v2\/media\/127742"}],"wp:attachment":[{"href":"https:\/\/nabytoklaguna.sk\/sk\/wp-json\/wp\/v2\/media?parent=127738"}],"wp:term":[{"taxonomy":"product_brand","embeddable":true,"href":"https:\/\/nabytoklaguna.sk\/sk\/wp-json\/wp\/v2\/product_brand?post=127738"},{"taxonomy":"product_cat","embeddable":true,"href":"https:\/\/nabytoklaguna.sk\/sk\/wp-json\/wp\/v2\/product_cat?post=127738"},{"taxonomy":"product_tag","embeddable":true,"href":"https:\/\/nabytoklaguna.sk\/sk\/wp-json\/wp\/v2\/product_tag?post=127738"}],"curies":[{"name":"wp","href":"https:\/\/api.w.org\/{rel}","templated":true}]}}