{"id":127761,"date":"2026-04-16T15:32:48","date_gmt":"2026-04-16T13:32:48","guid":{"rendered":"https:\/\/nabytoklaguna.sk\/sk\/?post_type=product&#038;p=127761"},"modified":"2026-04-16T15:36:39","modified_gmt":"2026-04-16T13:36:39","slug":"dt-316","status":"publish","type":"product","link":"https:\/\/nabytoklaguna.sk\/sk\/produkt\/dt-316\/","title":{"rendered":"DT-316"},"content":{"rendered":"<p>Modern\u00fd <strong>okr\u00fahly<\/strong> jed\u00e1lensk\u00fd st\u00f4l <strong>\u00a0DT-316<\/strong>\u00a0si n\u00e1jde miesto\u00a0 vo Va\u0161ej ob\u00fdva\u010dke. Tento st\u00f4l v \u0161kandin\u00e1vskom \u0161t\u00fdle v sebe sp\u00e1ja minimalistick\u00fa eleganciu s bezkonkuren\u010dnou funk\u010dnos\u0165ou. Je tak pr\u00edkladnou vo\u013ebou pre cel\u00fd rad interi\u00e9rov od sofistikovan\u00fdch kancel\u00e1ri\u00ed a\u017e po \u00fatuln\u00e9 jed\u00e1lne. Elegantn\u00e1<strong> matne biela<\/strong> povrchov\u00e1 \u00faprava dosky z MDF v kombin\u00e1cii s podmaniv\u00fdm <strong>okr\u00fahlym tvarom<\/strong> podporuje pocit otvorenosti a svetla v ka\u017edej miestnosti. Jeho dizajn nielen zvy\u0161uje estetick\u00fd dojem, ale taktie\u017e zais\u0165uje pr\u00edjemn\u00fa atmosf\u00e9ru pre sch\u00f4dzky, stolovanie aj neform\u00e1lne stretnutie. Z\u00e1klad tohto n\u00e1dhern\u00e9ho kusu spo\u010d\u00edva na troch noh\u00e1ch <strong>z mas\u00edvneho dreva<\/strong>, ktor\u00e9 sa vyzna\u010duj\u00fa teplou <strong>hnedou<\/strong> farbou. Tento stabiln\u00fd typ z\u00e1kladne zaist\u00ed odolnos\u0165 a spo\u013eahlivos\u0165, \u010do s\u00fa vlastnosti, ktor\u00e9 z\u00e1kazn\u00edci pri dlhodobom pou\u017e\u00edvan\u00ed ve\u013emi ocenia.<\/p>\n<p>VLASTNOSTI<\/p>\n<div class=\"text\">\n<ul>\n<li><b>zaoblen\u00e9 rohy<\/b><\/li>\n<li><b>Farba:\u00a0<\/b>biela matn\u00e1<\/li>\n<li><b>Rozmery (priemer x V): 80 <\/b>x75 cm<\/li>\n<li>Dod\u00e1van\u00e9 v demonte<\/li>\n<\/ul>\n<p>&nbsp;<\/p>\n<p>&nbsp;<\/p>\n<\/div>\n","protected":false},"excerpt":{"rendered":"<p>Modern\u00fd okr\u00fahly jed\u00e1lensk\u00fd st\u00f4l \u00a0DT-316\u00a0si n\u00e1jde miesto\u00a0 vo Va\u0161ej ob\u00fdva\u010dke. Tento st\u00f4l v \u0161kandin\u00e1vskom \u0161t\u00fdle v sebe sp\u00e1ja minimalistick\u00fa eleganciu s bezkonkuren\u010dnou funk\u010dnos\u0165ou. Je tak pr\u00edkladnou vo\u013ebou pre cel\u00fd rad interi\u00e9rov od sofistikovan\u00fdch kancel\u00e1ri\u00ed a\u017e po \u00fatuln\u00e9 jed\u00e1lne. Elegantn\u00e1 matne biela povrchov\u00e1 \u00faprava dosky z MDF v kombin\u00e1cii s podmaniv\u00fdm okr\u00fahlym tvarom podporuje pocit otvorenosti&#8230;<\/p>\n","protected":false},"featured_media":127762,"comment_status":"closed","ping_status":"closed","template":"","meta":{"_seopress_robots_primary_cat":"none","_seopress_titles_title":"","_seopress_titles_desc":"","_seopress_robots_index":""},"product_brand":[],"product_cat":[4720,243],"product_tag":[],"class_list":{"0":"post-127761","1":"product","2":"type-product","3":"status-publish","4":"has-post-thumbnail","6":"product_cat-jedalenske-stoly-stoly","7":"product_cat-stoly","9":"first","10":"onbackorder","11":"sale","12":"shipping-taxable","13":"purchasable","14":"product-type-simple"},"_links":{"self":[{"href":"https:\/\/nabytoklaguna.sk\/sk\/wp-json\/wp\/v2\/product\/127761","targetHints":{"allow":["GET"]}}],"collection":[{"href":"https:\/\/nabytoklaguna.sk\/sk\/wp-json\/wp\/v2\/product"}],"about":[{"href":"https:\/\/nabytoklaguna.sk\/sk\/wp-json\/wp\/v2\/types\/product"}],"replies":[{"embeddable":true,"href":"https:\/\/nabytoklaguna.sk\/sk\/wp-json\/wp\/v2\/comments?post=127761"}],"wp:featuredmedia":[{"embeddable":true,"href":"https:\/\/nabytoklaguna.sk\/sk\/wp-json\/wp\/v2\/media\/127762"}],"wp:attachment":[{"href":"https:\/\/nabytoklaguna.sk\/sk\/wp-json\/wp\/v2\/media?parent=127761"}],"wp:term":[{"taxonomy":"product_brand","embeddable":true,"href":"https:\/\/nabytoklaguna.sk\/sk\/wp-json\/wp\/v2\/product_brand?post=127761"},{"taxonomy":"product_cat","embeddable":true,"href":"https:\/\/nabytoklaguna.sk\/sk\/wp-json\/wp\/v2\/product_cat?post=127761"},{"taxonomy":"product_tag","embeddable":true,"href":"https:\/\/nabytoklaguna.sk\/sk\/wp-json\/wp\/v2\/product_tag?post=127761"}],"curies":[{"name":"wp","href":"https:\/\/api.w.org\/{rel}","templated":true}]}}