{"id":127890,"date":"2026-05-08T15:03:43","date_gmt":"2026-05-08T13:03:43","guid":{"rendered":"https:\/\/nabytoklaguna.sk\/sk\/?post_type=product&#038;p=127890"},"modified":"2026-05-08T15:14:22","modified_gmt":"2026-05-08T13:14:22","slug":"tv-4086-2","status":"publish","type":"product","link":"https:\/\/nabytoklaguna.sk\/sk\/produkt\/tv-4086-2\/","title":{"rendered":"TV-4086"},"content":{"rendered":"<p>Polohovacie kreslo <strong>TV-4086\u00a0<\/strong> v<strong> b\u00e9\u017eovom, sivom a hnedom\u00a0<\/strong> odtieni je potiahnut\u00e9 pr\u00e9miovou <strong>\u017einilkovou l\u00e1tkou<\/strong>, ktor\u00e1 pon\u00faka pr\u00edjemn\u00fd a m\u00e4kk\u00fd povrch vhodn\u00fd na dlhodob\u00e9 sedenie. Robustn\u00e1 <strong>kovov\u00e1 kon\u0161trukcia<\/strong> n\u00f4h zabezpe\u010duje stabilitu a pevnos\u0165 celej zostavy. <strong>Manu\u00e1lne ovl\u00e1danie<\/strong> umo\u017e\u0148uje jednoduch\u00e9 nastavenie polohy operadla a podno\u017eky pod\u013ea individu\u00e1lnych potrieb, \u010do prispieva k maxim\u00e1lnemu komfortu a relax\u00e1cii. Dizajnov\u00e9 pre\u0161\u00edvanie na operadle a sed\u00e1ku pod\u010diarkuje modern\u00fd vzh\u013ead kresla a z\u00e1rove\u0148 zvy\u0161uje jeho odolnos\u0165. <strong>Polohovacia funkcia<\/strong> a <strong>tvarovan\u00e9 podr\u00fa\u010dky<\/strong> dop\u013a\u0148aj\u00fa praktick\u00e9 vlastnosti tohto kresla, ktor\u00e9 je vhodn\u00e9 do ob\u00fdvac\u00edch izieb aj relaxa\u010dn\u00fdch z\u00f3n.<\/p>\n<ul class=\"list-unstyled\">\n<li class=\"parameter-line d-flex justify-content-between gap-2 py-2\">\n<div>\u0160\u00edrka (cm) 80 cm<\/div>\n<\/li>\n<li class=\"parameter-line d-flex justify-content-between gap-2 py-2\">\n<div>H\u013abka (cm) 90 cm<\/div>\n<\/li>\n<li class=\"parameter-line d-flex justify-content-between gap-2 py-2\">\n<div>V\u00fd\u0161ka (cm) 103 cm<\/div>\n<\/li>\n<li class=\"parameter-line d-flex justify-content-between gap-2 py-2\">\n<div>\u0160\u00edrka sedu (cm) 46 cm<\/div>\n<\/li>\n<li class=\"parameter-line d-flex justify-content-between gap-2 py-2\">H\u013abka sedu (cm) 52 cm<\/li>\n<li class=\"parameter-line d-flex justify-content-between gap-2 py-2\">V\u00fd\u0161ka sedu (cm) 47<span style=\"font-size: 15.008px;\">\u00a0cm<\/span><\/li>\n<li class=\"parameter-line d-flex justify-content-between gap-2 py-2\">\n<div>Typ ovl\u00e1dania:\u00a0 manu\u00e1lne ovl\u00e1danie<\/div>\n<\/li>\n<li class=\"parameter-line d-flex justify-content-between gap-2 py-2\">\n<div>Nosnos\u0165 (kg) 130 kg<\/div>\n<\/li>\n<li class=\"parameter-line d-flex justify-content-between gap-2 py-2\">\n<div><span style=\"font-size: 15.008px;\">Dod\u00e1van\u00e9 v demonte<\/span><\/div>\n<\/li>\n<\/ul>\n","protected":false},"excerpt":{"rendered":"<p>Polohovacie kreslo TV-4086\u00a0 v b\u00e9\u017eovom, sivom a hnedom\u00a0 odtieni je potiahnut\u00e9 pr\u00e9miovou \u017einilkovou l\u00e1tkou, ktor\u00e1 pon\u00faka pr\u00edjemn\u00fd a m\u00e4kk\u00fd povrch vhodn\u00fd na dlhodob\u00e9 sedenie. Robustn\u00e1 kovov\u00e1 kon\u0161trukcia n\u00f4h zabezpe\u010duje stabilitu a pevnos\u0165 celej zostavy. Manu\u00e1lne ovl\u00e1danie umo\u017e\u0148uje jednoduch\u00e9 nastavenie polohy operadla a podno\u017eky pod\u013ea individu\u00e1lnych potrieb, \u010do prispieva k maxim\u00e1lnemu komfortu a relax\u00e1cii. Dizajnov\u00e9 pre\u0161\u00edvanie&#8230;<\/p>\n","protected":false},"featured_media":127894,"comment_status":"closed","ping_status":"closed","template":"","meta":{"_seopress_robots_primary_cat":"none","_seopress_titles_title":"","_seopress_titles_desc":"","_seopress_robots_index":""},"product_brand":[],"product_cat":[231],"product_tag":[],"class_list":{"0":"post-127890","1":"product","2":"type-product","3":"status-publish","4":"has-post-thumbnail","6":"product_cat-kresla","7":"pa_farba-br2","8":"pa_farba-grey2-siva","9":"pa_farba-lan2","11":"first","12":"instock","13":"sale","14":"shipping-taxable","15":"purchasable","16":"product-type-variable"},"_links":{"self":[{"href":"https:\/\/nabytoklaguna.sk\/sk\/wp-json\/wp\/v2\/product\/127890","targetHints":{"allow":["GET"]}}],"collection":[{"href":"https:\/\/nabytoklaguna.sk\/sk\/wp-json\/wp\/v2\/product"}],"about":[{"href":"https:\/\/nabytoklaguna.sk\/sk\/wp-json\/wp\/v2\/types\/product"}],"replies":[{"embeddable":true,"href":"https:\/\/nabytoklaguna.sk\/sk\/wp-json\/wp\/v2\/comments?post=127890"}],"wp:featuredmedia":[{"embeddable":true,"href":"https:\/\/nabytoklaguna.sk\/sk\/wp-json\/wp\/v2\/media\/127894"}],"wp:attachment":[{"href":"https:\/\/nabytoklaguna.sk\/sk\/wp-json\/wp\/v2\/media?parent=127890"}],"wp:term":[{"taxonomy":"product_brand","embeddable":true,"href":"https:\/\/nabytoklaguna.sk\/sk\/wp-json\/wp\/v2\/product_brand?post=127890"},{"taxonomy":"product_cat","embeddable":true,"href":"https:\/\/nabytoklaguna.sk\/sk\/wp-json\/wp\/v2\/product_cat?post=127890"},{"taxonomy":"product_tag","embeddable":true,"href":"https:\/\/nabytoklaguna.sk\/sk\/wp-json\/wp\/v2\/product_tag?post=127890"}],"curies":[{"name":"wp","href":"https:\/\/api.w.org\/{rel}","templated":true}]}}