{"id":13048,"date":"2021-02-22T16:54:36","date_gmt":"2021-02-22T15:54:36","guid":{"rendered":"http:\/\/nabytoklaguna.sk\/sk\/?post_type=product&#038;p=13048"},"modified":"2026-02-18T08:33:15","modified_gmt":"2026-02-18T07:33:15","slug":"linea","status":"publish","type":"product","link":"https:\/\/nabytoklaguna.sk\/sk\/produkt\/linea\/","title":{"rendered":"D.P.V. LINEA"},"content":{"rendered":"<p>Jadro tvor\u00ed 5z\u00f3nov\u00e9 dvojtuhostn\u00e9 ta\u0161ti\u010dkov\u00e9 jadro \/dva r\u00f4zne priemery dr\u00f4tu\/ v kombin\u00e1cii s kvalitnou antibakteri\u00e1lnou penou. Pena eliminuje v\u00fdskyt rozto\u010dov a m\u00e1 vynikaj\u00facu odolnos\u0165 proti vzniku plesn\u00ed a h\u00fab. <strong>Matrac je vhodn\u00fd pre vy\u0161\u0161ie v\u00e1hov\u00e9 za\u0165a\u017eenie pri zachovan\u00ed maxim\u00e1lneho komfortu a dokonalej relax\u00e1cie. <\/strong>Nosnos\u0165 matraca je do 150 kg. Matrac je obojstrann\u00fd s r\u00f4znou tuhos\u0165ou na ka\u017edej strane. S\u00fa\u010das\u0165ou jadra matraca je separa\u010dn\u00fd po\u0165ah pre vyu\u017eitie \u0161peci\u00e1lnych vlastnost\u00ed odn\u00edmate\u013en\u00e9ho, prate\u013en\u00e9ho, z\u00f3novo pre\u0161it\u00e9ho po\u0165ahu. Matrac zaru\u010duje vysok\u00fa priedu\u0161nos\u0165 a \u017eivotnos\u0165. Je vhodn\u00fd na lamelov\u00fd ro\u0161t pevn\u00fd, la\u0165ov\u00fd a pevn\u00fd ro\u0161t s odvetr\u00e1van\u00edm. Tuhos\u0165 matraca\u00a0 Po\u0165ah \u00faplet s mo\u017enos\u0165ou prania pri 60 stup\u0148och. <strong>Kvalitn\u00fd \u010desk\u00fd v\u00fdrobok. Mo\u017enos\u0165 objednania aj ne\u0161tandardn\u00fdch rozmerov. <\/strong><\/p>\n<p>&nbsp;<\/p>\n","protected":false},"excerpt":{"rendered":"<p><img loading=\"lazy\" decoding=\"async\" class=\"alignnone size-full wp-image-12920\" src=\"http:\/\/nabytoklaguna.sk\/sk\/wp-content\/uploads\/2017\/03\/\u010desk\u00fd-v\u00fdrobca.png\" alt=\"\" width=\"39\" height=\"47\" \/><img loading=\"lazy\" decoding=\"async\" class=\"alignnone size-full wp-image-12919\" src=\"http:\/\/nabytoklaguna.sk\/sk\/wp-content\/uploads\/2017\/03\/zdravotn\u00fd-matrac.png\" alt=\"\" width=\"39\" height=\"47\" \/><img loading=\"lazy\" decoding=\"async\" class=\"alignnone size-full wp-image-12922\" src=\"http:\/\/nabytoklaguna.sk\/sk\/wp-content\/uploads\/2017\/03\/osved\u010denie-matrace.jpg\" alt=\"\" width=\"167\" height=\"141\" \/><\/p>\n<table>\n<tbody>\n<tr>\n<td><strong>Tuhos\u0165:<\/strong><\/td>\n<td>4<\/td>\n<\/tr>\n<tr>\n<td><strong>V\u00e1hov\u00e1 kateg\u00f3ria:<\/strong><\/td>\n<td>do 150 kg<\/td>\n<\/tr>\n<tr>\n<td><strong>Po\u010det z\u00f3n:<\/strong><\/td>\n<td>5<\/td>\n<\/tr>\n<tr>\n<td><strong>Materi\u00e1l:<\/strong><\/td>\n<td>antibakteri\u00e1lna pena, ta\u0161ti\u010dkov\u00e1 pru\u017eina<\/td>\n<\/tr>\n<tr>\n<td><strong>Po\u0165ah:<\/strong><\/td>\n<td>z\u00f3novo pre\u0161it\u00fd, sn\u00edmate\u013en\u00fd a prate\u013en\u00fd pri 60 stup\u0148och<\/td>\n<\/tr>\n<tr>\n<td><strong>Typ matraca<\/strong>:<\/td>\n<td>obojstrann\u00fd<\/td>\n<\/tr>\n<tr>\n<td><strong>V\u00fd\u0161ka matraca:<\/strong><\/td>\n<td>21 cm<\/td>\n<\/tr>\n<tr>\n<td><strong>V\u00fdrobca:<\/strong><\/td>\n<td>\u010cesko<\/td>\n<\/tr>\n<\/tbody>\n<\/table>\n","protected":false},"featured_media":12961,"comment_status":"closed","ping_status":"closed","template":"","meta":{"_seopress_robots_primary_cat":"1100","_seopress_titles_title":"","_seopress_titles_desc":"","_seopress_robots_index":""},"product_brand":[],"product_cat":[1100,227],"product_tag":[],"class_list":{"0":"post-13048","1":"product","2":"type-product","3":"status-publish","4":"has-post-thumbnail","6":"product_cat-klasicke","7":"product_cat-rosty-matrace","9":"first","10":"onbackorder","11":"shipping-taxable","12":"purchasable","13":"product-type-variable"},"_links":{"self":[{"href":"https:\/\/nabytoklaguna.sk\/sk\/wp-json\/wp\/v2\/product\/13048","targetHints":{"allow":["GET"]}}],"collection":[{"href":"https:\/\/nabytoklaguna.sk\/sk\/wp-json\/wp\/v2\/product"}],"about":[{"href":"https:\/\/nabytoklaguna.sk\/sk\/wp-json\/wp\/v2\/types\/product"}],"replies":[{"embeddable":true,"href":"https:\/\/nabytoklaguna.sk\/sk\/wp-json\/wp\/v2\/comments?post=13048"}],"wp:featuredmedia":[{"embeddable":true,"href":"https:\/\/nabytoklaguna.sk\/sk\/wp-json\/wp\/v2\/media\/12961"}],"wp:attachment":[{"href":"https:\/\/nabytoklaguna.sk\/sk\/wp-json\/wp\/v2\/media?parent=13048"}],"wp:term":[{"taxonomy":"product_brand","embeddable":true,"href":"https:\/\/nabytoklaguna.sk\/sk\/wp-json\/wp\/v2\/product_brand?post=13048"},{"taxonomy":"product_cat","embeddable":true,"href":"https:\/\/nabytoklaguna.sk\/sk\/wp-json\/wp\/v2\/product_cat?post=13048"},{"taxonomy":"product_tag","embeddable":true,"href":"https:\/\/nabytoklaguna.sk\/sk\/wp-json\/wp\/v2\/product_tag?post=13048"}],"curies":[{"name":"wp","href":"https:\/\/api.w.org\/{rel}","templated":true}]}}