{"id":13261,"date":"2021-02-22T16:54:36","date_gmt":"2021-02-22T15:54:36","guid":{"rendered":"http:\/\/nabytoklaguna.sk\/sk\/?post_type=product&#038;p=13261"},"modified":"2026-02-18T08:33:15","modified_gmt":"2026-02-18T07:33:15","slug":"tessie-plus","status":"publish","type":"product","link":"https:\/\/nabytoklaguna.sk\/sk\/produkt\/tessie-plus\/","title":{"rendered":"D.P.V TESSIE PLUS 1+1"},"content":{"rendered":"<p>Kombin\u00e1cia kvalitn\u00fdch studen\u00fdch pien a VISCO peny. Horn\u00e1 rozn\u00e1\u0161acia vrstva VISCO pon\u00faka jedine\u010dn\u00fd pocit pri le\u017ean\u00ed z d\u00f4vodu reakcie peny na teplotu \u013eudsk\u00e9ho tela a jeho dokonal\u00e9mu prisp\u00f4sobeniu sa. Povrch jadra zo strany Visco peny nie je rozdelen\u00fd na z\u00f3ny a matrac je preto vhodn\u00fd pre sp\u00e1nok na bruchu a tie\u017e pre u\u017e\u00edvate\u013eov, ktor\u00ed \u010dasto menia sp\u00e1nkov\u00fa polohu. Druh\u00e1 strana matraca pon\u00faka 7z\u00f3nov\u00fd origin\u00e1lny prierez v oblasti ramien a panvy, ktor\u00fd garantuje ide\u00e1lne ortopedick\u00e9 vlastnosti pri sp\u00e1nku na chrb\u00e1te alebo na boku. Matrac je vhodn\u00fd na lamelov\u00fd ro\u0161t pevn\u00fd i polohovate\u013en\u00fd. Vysok\u00e1 \u017eivotnos\u0165 je zaisten\u00e1 pou\u017eit\u00edm kvalitn\u00fdch pien. Matrac je ur\u010den\u00fd pre v\u00e1hov\u00fa kateg\u00f3riu do 130 kg. Po\u0165ah \u00faplet. <strong>Cena za 2 kusy.<\/strong><\/p>\n","protected":false},"excerpt":{"rendered":"<p><img loading=\"lazy\" decoding=\"async\" class=\"alignnone size-full wp-image-12920\" src=\"http:\/\/nabytoklaguna.sk\/sk\/wp-content\/uploads\/2017\/03\/\u010desk\u00fd-v\u00fdrobca.png\" alt=\"\" width=\"39\" height=\"47\" \/><img loading=\"lazy\" decoding=\"async\" class=\"alignnone size-full wp-image-12919\" src=\"http:\/\/nabytoklaguna.sk\/sk\/wp-content\/uploads\/2017\/03\/zdravotn\u00fd-matrac.png\" alt=\"\" width=\"39\" height=\"47\" \/><img loading=\"lazy\" decoding=\"async\" class=\"alignnone size-full wp-image-12922\" src=\"http:\/\/nabytoklaguna.sk\/sk\/wp-content\/uploads\/2017\/03\/osved\u010denie-matrace.jpg\" alt=\"\" width=\"167\" height=\"141\" \/><\/p>\n<table style=\"height: 409px\" width=\"568\">\n<tbody>\n<tr style=\"height: 51px\">\n<td style=\"height: 51px;width: 265.55px\"><strong>Tuhos\u0165:<\/strong><\/td>\n<td style=\"height: 51px;width: 608.45px\">3 a 4<\/td>\n<\/tr>\n<tr style=\"height: 51px\">\n<td style=\"height: 51px;width: 265.55px\"><strong>V\u00e1hov\u00e1 kateg\u00f3ria:<\/strong><\/td>\n<td style=\"height: 51px;width: 608.45px\">do 130 kg<\/td>\n<\/tr>\n<tr style=\"height: 51px\">\n<td style=\"height: 51px;width: 265.55px\"><strong>Po\u010det z\u00f3n:<\/strong><\/td>\n<td style=\"height: 51px;width: 608.45px\">7<\/td>\n<\/tr>\n<tr style=\"height: 51px\">\n<td style=\"height: 51px;width: 265.55px\"><strong>Materi\u00e1l:<\/strong><\/td>\n<td style=\"height: 51px;width: 608.45px\">HR a VISCO pena<\/td>\n<\/tr>\n<tr style=\"height: 51px\">\n<td style=\"height: 51px;width: 265.55px\"><strong>Po\u0165ah:<\/strong><\/td>\n<td style=\"height: 51px;width: 608.45px\">z\u00f3novo pre\u0161it\u00fd, sn\u00edmate\u013en\u00fd a prate\u013en\u00fd pri 60 stup\u0148och<\/td>\n<\/tr>\n<tr style=\"height: 51px\">\n<td style=\"height: 51px;width: 265.55px\">\u00a0<strong>Typ matraca:<\/strong><\/td>\n<td style=\"height: 51px;width: 608.45px\">zdravotn\u00fd, obojstrann\u00fd<\/td>\n<\/tr>\n<tr style=\"height: 51px\">\n<td style=\"height: 51px;width: 265.55px\"><strong>V\u00fdrobca:<\/strong><\/td>\n<td style=\"height: 51px;width: 608.45px\">\u010cesko<\/td>\n<\/tr>\n<\/tbody>\n<\/table>\n","protected":false},"featured_media":13263,"comment_status":"closed","ping_status":"closed","template":"","meta":{"_seopress_robots_primary_cat":"1102","_seopress_titles_title":"","_seopress_titles_desc":"","_seopress_robots_index":""},"product_brand":[],"product_cat":[1102,227],"product_tag":[],"class_list":{"0":"post-13261","1":"product","2":"type-product","3":"status-publish","4":"has-post-thumbnail","6":"product_cat-akciove-11","7":"product_cat-rosty-matrace","8":"pa_typ-produktu-vyska-22","9":"pa_typ-produktu-vyska-24","10":"pa_typ-produktu-vyska-26","12":"first","13":"onbackorder","14":"shipping-taxable","15":"purchasable","16":"product-type-variable"},"_links":{"self":[{"href":"https:\/\/nabytoklaguna.sk\/sk\/wp-json\/wp\/v2\/product\/13261","targetHints":{"allow":["GET"]}}],"collection":[{"href":"https:\/\/nabytoklaguna.sk\/sk\/wp-json\/wp\/v2\/product"}],"about":[{"href":"https:\/\/nabytoklaguna.sk\/sk\/wp-json\/wp\/v2\/types\/product"}],"replies":[{"embeddable":true,"href":"https:\/\/nabytoklaguna.sk\/sk\/wp-json\/wp\/v2\/comments?post=13261"}],"wp:featuredmedia":[{"embeddable":true,"href":"https:\/\/nabytoklaguna.sk\/sk\/wp-json\/wp\/v2\/media\/13263"}],"wp:attachment":[{"href":"https:\/\/nabytoklaguna.sk\/sk\/wp-json\/wp\/v2\/media?parent=13261"}],"wp:term":[{"taxonomy":"product_brand","embeddable":true,"href":"https:\/\/nabytoklaguna.sk\/sk\/wp-json\/wp\/v2\/product_brand?post=13261"},{"taxonomy":"product_cat","embeddable":true,"href":"https:\/\/nabytoklaguna.sk\/sk\/wp-json\/wp\/v2\/product_cat?post=13261"},{"taxonomy":"product_tag","embeddable":true,"href":"https:\/\/nabytoklaguna.sk\/sk\/wp-json\/wp\/v2\/product_tag?post=13261"}],"curies":[{"name":"wp","href":"https:\/\/api.w.org\/{rel}","templated":true}]}}