{"id":13381,"date":"2021-02-22T16:54:36","date_gmt":"2021-02-22T15:54:36","guid":{"rendered":"http:\/\/nabytoklaguna.sk\/sk\/?post_type=product&#038;p=13381"},"modified":"2026-04-23T09:53:54","modified_gmt":"2026-04-23T07:53:54","slug":"andrea-bis","status":"publish","type":"product","link":"https:\/\/nabytoklaguna.sk\/sk\/produkt\/andrea-bis\/","title":{"rendered":"L ANDREA BIS sedacia s\u00faprava"},"content":{"rendered":"<p>Nad\u010dasov\u00e1 sedacia s\u00faprava\u00a0<strong> L ANDREA BIS<\/strong> je rohov\u00e1 sedacia s\u00faprava s <strong>vynikaj\u00facou kvalitou<\/strong> spracovania. Sedacia s\u00faprava poskytuje komfort po\u010das celej doby sedenia, ktor\u00e9 zabezpe\u010duj\u00fa <strong>polohovate\u013en\u00e9 z\u00e1hlavn\u00edky.<\/strong> <strong>\u00dalo\u017en\u00fd priestor a funkcia rozkladu<\/strong> je pri tejto sedacej s\u00faprave samozrejmos\u0165ou. Rozlo\u017een\u00edm V\u00e1m vznikne plocha pre pr\u00edle\u017eitostn\u00e9 spanie s rozmerom 124&#215;204 cm. Vn\u00fatro sedacej s\u00fapravy je vyrobene <strong>z vlnitej<\/strong> <strong>pru\u017einy a HR peny.<\/strong> V\u010faka tejto v\u00fdplne bude Va\u0161e sedenie <strong>komfortnej\u0161ie<\/strong> a taktie\u017e \u017eivotnos\u0165 sedacej s\u00fapravy je ove\u013ea dlh\u0161ia. Kon\u0161trukcia sedacej s\u00fapravy<strong> je vyroben\u00e1 z mas\u00edvu<\/strong>. Sedaciu s\u00fapravu je mo\u017en\u00e9 umiestni\u0165 aj do priestoru preto\u017ee<strong> je o\u010dalunen\u00e1 aj zo zadnej strany.<\/strong>\u00a0 Pon\u00fakame V\u00e1m ju v<strong> pravom preveden\u00ed<\/strong> v kvalitnej <strong>svetlohnedej\u00a0<\/strong> po\u0165ahovej l\u00e1tke<strong> Lumine.\u00a0<\/strong><\/p>\n<h3 class=\"page-product-heading\">VLASTNOSTI<\/h3>\n<table class=\"table-data-sheet\">\n<tbody>\n<tr class=\"odd\">\n<td>H\u013abka<\/td>\n<td>223 cm<\/td>\n<\/tr>\n<tr class=\"even\">\n<td>\u0160\u00edrka<\/td>\n<td>286 cm<\/td>\n<\/tr>\n<tr class=\"odd\">\n<td>V\u00fd\u0161ka<\/td>\n<td>84-100 cm<\/td>\n<\/tr>\n<tr class=\"even\">\n<td>Vhodn\u00e1 miestnos\u0165<\/td>\n<td>ob\u00fdva\u010dka, spolo\u010densk\u00e1 miestnos\u0165, hotely, kaviarne<\/td>\n<\/tr>\n<tr class=\"odd\">\n<td>Typ n\u00e1bytku<\/td>\n<td>Rohov\u00e1 sedacia s\u00faprava<\/td>\n<\/tr>\n<tr class=\"even\">\n<td>\u0160t\u00fdl n\u00e1bytku<\/td>\n<td>modern\u00fd<\/td>\n<\/tr>\n<tr class=\"odd\">\n<td>Z\u00e1ruka<\/td>\n<td>2 roky<\/td>\n<\/tr>\n<tr class=\"even\">\n<td>Sp\u00f4sob dodania<\/td>\n<td>demont v dvoch bal\u00edkoch<\/td>\n<\/tr>\n<tr class=\"odd\">\n<td><\/td>\n<td><\/td>\n<\/tr>\n<tr class=\"even\">\n<td>\u00dalo\u017en\u00fd priestor<\/td>\n<td>\u00e1no<\/td>\n<\/tr>\n<tr class=\"odd\">\n<td>Rohov\u00e9 prevedenie<\/td>\n<td>\u00e1no<\/td>\n<\/tr>\n<tr class=\"even\">\n<td><\/td>\n<td><\/td>\n<\/tr>\n<tr class=\"odd\">\n<td><\/td>\n<td><\/td>\n<\/tr>\n<tr class=\"even\">\n<td>Mo\u017enos\u0165 rozkladania<\/td>\n<td>\u00e1no<\/td>\n<\/tr>\n<tr class=\"odd\">\n<td>Plocha po rozlo\u017een\u00ed<\/td>\n<td>124\u00d7204 cm<\/td>\n<\/tr>\n<tr class=\"even\">\n<td>Kon\u0161trukcia<\/td>\n<td>mas\u00edv<\/td>\n<\/tr>\n<tr class=\"odd\">\n<td><\/td>\n<td><\/td>\n<\/tr>\n<tr class=\"even\">\n<td>Obsahuje vank\u00fa\u0161e<\/td>\n<td>nie<\/td>\n<\/tr>\n<tr class=\"odd\">\n<td>Nastavenie opierok<\/td>\n<td>\u00e1no<\/td>\n<\/tr>\n<tr class=\"even\">\n<td>V\u00fdpl\u0148 seda\u010dky<\/td>\n<td>pena+ pru\u017eina<\/td>\n<\/tr>\n<\/tbody>\n<\/table>\n","protected":false},"excerpt":{"rendered":"<p>Nad\u010dasov\u00e1 sedacia s\u00faprava\u00a0 L ANDREA BIS je rohov\u00e1 sedacia s\u00faprava s vynikaj\u00facou kvalitou spracovania. Sedacia s\u00faprava poskytuje komfort po\u010das celej doby sedenia, ktor\u00e9 zabezpe\u010duj\u00fa polohovate\u013en\u00e9 z\u00e1hlavn\u00edky. \u00dalo\u017en\u00fd priestor a funkcia rozkladu je pri tejto sedacej s\u00faprave samozrejmos\u0165ou. Rozlo\u017een\u00edm V\u00e1m vznikne plocha pre pr\u00edle\u017eitostn\u00e9 spanie s rozmerom 124&#215;204 cm. Vn\u00fatro sedacej s\u00fapravy je vyrobene z vlnitej&#8230;<\/p>\n","protected":false},"featured_media":61743,"comment_status":"closed","ping_status":"closed","template":"","meta":{"_seopress_robots_primary_cat":"250","_seopress_titles_title":"","_seopress_titles_desc":"","_seopress_robots_index":""},"product_brand":[],"product_cat":[255,140,250],"product_tag":[],"class_list":{"0":"post-13381","1":"product","2":"type-product","3":"status-publish","4":"has-post-thumbnail","6":"product_cat-rohove-supravy","7":"product_cat-sedacie-supravy","8":"product_cat-namieru","10":"first","11":"instock","12":"shipping-taxable","13":"purchasable","14":"product-type-variable"},"_links":{"self":[{"href":"https:\/\/nabytoklaguna.sk\/sk\/wp-json\/wp\/v2\/product\/13381","targetHints":{"allow":["GET"]}}],"collection":[{"href":"https:\/\/nabytoklaguna.sk\/sk\/wp-json\/wp\/v2\/product"}],"about":[{"href":"https:\/\/nabytoklaguna.sk\/sk\/wp-json\/wp\/v2\/types\/product"}],"replies":[{"embeddable":true,"href":"https:\/\/nabytoklaguna.sk\/sk\/wp-json\/wp\/v2\/comments?post=13381"}],"wp:featuredmedia":[{"embeddable":true,"href":"https:\/\/nabytoklaguna.sk\/sk\/wp-json\/wp\/v2\/media\/61743"}],"wp:attachment":[{"href":"https:\/\/nabytoklaguna.sk\/sk\/wp-json\/wp\/v2\/media?parent=13381"}],"wp:term":[{"taxonomy":"product_brand","embeddable":true,"href":"https:\/\/nabytoklaguna.sk\/sk\/wp-json\/wp\/v2\/product_brand?post=13381"},{"taxonomy":"product_cat","embeddable":true,"href":"https:\/\/nabytoklaguna.sk\/sk\/wp-json\/wp\/v2\/product_cat?post=13381"},{"taxonomy":"product_tag","embeddable":true,"href":"https:\/\/nabytoklaguna.sk\/sk\/wp-json\/wp\/v2\/product_tag?post=13381"}],"curies":[{"name":"wp","href":"https:\/\/api.w.org\/{rel}","templated":true}]}}