{"id":13853,"date":"2021-02-22T16:54:36","date_gmt":"2021-02-22T15:54:36","guid":{"rendered":"http:\/\/nabytoklaguna.sk\/sk\/?post_type=product&#038;p=13853"},"modified":"2026-02-18T08:33:15","modified_gmt":"2026-02-18T07:33:15","slug":"blok-duo-visco-hard","status":"publish","type":"product","link":"https:\/\/nabytoklaguna.sk\/sk\/produkt\/blok-duo-visco-hard\/","title":{"rendered":"D.P.V BLOK DUO +VISCO HARD"},"content":{"rendered":"<p>Luxusn\u00fd 7z\u00f3nov\u00fd matrac je vyroben\u00fd z antibakteri\u00e1lnej certifikovanej peny (soft\/hard). Kon\u0161trukcia tohto matraca je bez pou\u017eitia lepidiel a pon\u00faka vo\u013ebu tuh\u0161ej a m\u00e4k\u0161ej strany. Antibakteri\u00e1lna pena dok\u00e1\u017ee eliminova\u0165 v\u00fdskyt rozto\u010dov a m\u00e1 vynikaj\u00facu odolnos\u0165 proti vzniku pliesn\u00ed a h\u00fab. 7-z\u00f3nov\u00e1 kon\u0161trukcia matraca vytv\u00e1ra vynikaj\u00face podmienky pre spr\u00e1vne dr\u017eanie chrbtice. <strong>Mo\u017enos\u0165 objednania aj ne\u0161tandardn\u00fdch rozmerov v cene. <\/strong><\/p>\n<p>&nbsp;<\/p>\n","protected":false},"excerpt":{"rendered":"<p><img loading=\"lazy\" decoding=\"async\" class=\"alignnone size-full wp-image-12920\" src=\"http:\/\/nabytoklaguna.sk\/sk\/wp-content\/uploads\/2017\/03\/\u010desk\u00fd-v\u00fdrobca.png\" alt=\"\" width=\"39\" height=\"47\" \/><img loading=\"lazy\" decoding=\"async\" class=\"alignnone size-full wp-image-12919\" src=\"http:\/\/nabytoklaguna.sk\/sk\/wp-content\/uploads\/2017\/03\/zdravotn\u00fd-matrac.png\" alt=\"\" width=\"39\" height=\"47\" \/><img loading=\"lazy\" decoding=\"async\" class=\"alignnone size-full wp-image-12922\" src=\"http:\/\/nabytoklaguna.sk\/sk\/wp-content\/uploads\/2017\/03\/osved\u010denie-matrace.jpg\" alt=\"\" width=\"167\" height=\"141\" \/><\/p>\n<table style=\"height: 389px\" width=\"867\">\n<tbody>\n<tr style=\"height: 51px\">\n<td style=\"height: 45px;width: 250px\"><strong>V\u00fd\u0161ka matraca:<\/strong><\/td>\n<td style=\"height: 51px;width: 608.45px\">22 cm<\/td>\n<\/tr>\n<tr style=\"height: 51px\">\n<td style=\"height: 51px;width: 265.55px\"><strong>V\u00e1hov\u00e1 kateg\u00f3ria:<\/strong><\/td>\n<td style=\"height: 51px;width: 608.45px\">do 130 kg<\/td>\n<\/tr>\n<tr style=\"height: 51px\">\n<td style=\"height: 51px;width: 265.55px\"><strong>Po\u010det z\u00f3n:<\/strong><\/td>\n<td style=\"height: 51px;width: 608.45px\">7<\/td>\n<\/tr>\n<tr style=\"height: 51px\">\n<td style=\"height: 51px;width: 265.55px\"><strong>Materi\u00e1l:<\/strong><\/td>\n<td style=\"height: 51px;width: 608.45px\">VISCO<\/td>\n<\/tr>\n<tr style=\"height: 51px\">\n<td style=\"height: 51px;width: 265.55px\"><strong>Po\u0165ah:<\/strong><\/td>\n<td style=\"height: 51px;width: 608.45px\">z\u00f3novo pre\u0161it\u00fd, sn\u00edmate\u013en\u00fd a prate\u013en\u00fd<\/td>\n<\/tr>\n<tr style=\"height: 51px\">\n<td style=\"height: 51px;width: 265.55px\">\u00a0<strong>Typ matraca:<\/strong><\/td>\n<td style=\"height: 51px;width: 608.45px\">zdravotn\u00fd, obojstrann\u00fd<\/td>\n<\/tr>\n<tr style=\"height: 29.8667px\">\n<td style=\"height: 29.8667px;width: 265.55px\"><strong>V\u00fdrobca:<\/strong><\/td>\n<td style=\"height: 29.8667px;width: 608.45px\">\u010cesko<\/td>\n<\/tr>\n<\/tbody>\n<\/table>\n<table style=\"height: 389px\" width=\"867\">\n<tbody>\n<tr style=\"height: 29.8667px\">\n<td style=\"height: 29.8667px;width: 265.55px\"><strong>Tuhos\u0165:<\/strong><\/td>\n<td style=\"height: 29.8667px;width: 608.45px\">3, 3, 4<\/td>\n<\/tr>\n<\/tbody>\n<\/table>\n","protected":false},"featured_media":13864,"comment_status":"closed","ping_status":"closed","template":"","meta":{"_seopress_robots_primary_cat":"1101","_seopress_titles_title":"","_seopress_titles_desc":"","_seopress_robots_index":""},"product_brand":[],"product_cat":[1101,227],"product_tag":[],"class_list":{"0":"post-13853","1":"product","2":"type-product","3":"status-publish","4":"has-post-thumbnail","6":"product_cat-luxusne","7":"product_cat-rosty-matrace","9":"first","10":"onbackorder","11":"shipping-taxable","12":"purchasable","13":"product-type-variable"},"_links":{"self":[{"href":"https:\/\/nabytoklaguna.sk\/sk\/wp-json\/wp\/v2\/product\/13853","targetHints":{"allow":["GET"]}}],"collection":[{"href":"https:\/\/nabytoklaguna.sk\/sk\/wp-json\/wp\/v2\/product"}],"about":[{"href":"https:\/\/nabytoklaguna.sk\/sk\/wp-json\/wp\/v2\/types\/product"}],"replies":[{"embeddable":true,"href":"https:\/\/nabytoklaguna.sk\/sk\/wp-json\/wp\/v2\/comments?post=13853"}],"wp:featuredmedia":[{"embeddable":true,"href":"https:\/\/nabytoklaguna.sk\/sk\/wp-json\/wp\/v2\/media\/13864"}],"wp:attachment":[{"href":"https:\/\/nabytoklaguna.sk\/sk\/wp-json\/wp\/v2\/media?parent=13853"}],"wp:term":[{"taxonomy":"product_brand","embeddable":true,"href":"https:\/\/nabytoklaguna.sk\/sk\/wp-json\/wp\/v2\/product_brand?post=13853"},{"taxonomy":"product_cat","embeddable":true,"href":"https:\/\/nabytoklaguna.sk\/sk\/wp-json\/wp\/v2\/product_cat?post=13853"},{"taxonomy":"product_tag","embeddable":true,"href":"https:\/\/nabytoklaguna.sk\/sk\/wp-json\/wp\/v2\/product_tag?post=13853"}],"curies":[{"name":"wp","href":"https:\/\/api.w.org\/{rel}","templated":true}]}}