{"id":14090,"date":"2021-02-22T16:54:36","date_gmt":"2021-02-22T15:54:36","guid":{"rendered":"http:\/\/nabytoklaguna.sk\/sk\/?post_type=product&#038;p=14090"},"modified":"2026-01-15T00:56:36","modified_gmt":"2026-01-14T23:56:36","slug":"bt-6778","status":"publish","type":"product","link":"https:\/\/nabytoklaguna.sk\/sk\/produkt\/bt-6778\/","title":{"rendered":"BT-6778"},"content":{"rendered":"<p>Dreven\u00fd jed\u00e1lensk\u00fd st\u00f4l<strong> BT-6778<\/strong> svoj\u00edm preveden\u00edm bude ozdobou klasick\u00e9ho i modern\u00e9ho interi\u00e9ru. Prevedenie: orech, buk a \u010dere\u0161\u0148a.<\/p>\n<p><strong>Parametre v\u00fdrobku<\/strong><\/p>\n<table border=\"0\" cellspacing=\"5\" cellpadding=\"1\">\n<tbody>\n<tr>\n<td><strong>Typ v\u00fdrobku<\/strong><\/td>\n<td>Dreven\u00fd jed\u00e1lensk\u00fd st\u00f4l BT-6778<\/td>\n<\/tr>\n<tr>\n<td><strong>Materi\u00e1l<\/strong><\/td>\n<td>doska stola -DTD+d\u00fdha, nohy mas\u00edv<\/td>\n<\/tr>\n<tr>\n<td><strong>Farebn\u00e9 prevedenie korpusu<\/strong><\/td>\n<td>orech\/buk\/\u010dere\u0161\u0148a<\/td>\n<\/tr>\n<tr>\n<td><strong>Rozmery d\/\u0161\/v<\/strong><\/td>\n<td>120-150 x 80 x 74 cm<\/td>\n<\/tr>\n<tr>\n<td><strong>Balenie<\/strong><\/td>\n<td>demont<\/td>\n<\/tr>\n<tr>\n<td><strong>Z\u00e1ruka<\/strong><\/td>\n<td>2 roky<\/td>\n<\/tr>\n<\/tbody>\n<\/table>\n<p>&nbsp;<\/p>\n","protected":false},"excerpt":{"rendered":"<p>Dreven\u00fd jed\u00e1lensk\u00fd st\u00f4l BT-6778 svoj\u00edm preveden\u00edm bude ozdobou klasick\u00e9ho i modern\u00e9ho interi\u00e9ru. Prevedenie: orech, buk a \u010dere\u0161\u0148a. Parametre v\u00fdrobku Typ v\u00fdrobku Dreven\u00fd jed\u00e1lensk\u00fd st\u00f4l BT-6778 Materi\u00e1l doska stola -DTD+d\u00fdha, nohy mas\u00edv Farebn\u00e9 prevedenie korpusu orech\/buk\/\u010dere\u0161\u0148a Rozmery d\/\u0161\/v 120-150 x 80 x 74 cm Balenie demont Z\u00e1ruka 2 roky &nbsp;<\/p>\n","protected":false},"featured_media":14094,"comment_status":"closed","ping_status":"closed","template":"","meta":{"_seopress_robots_primary_cat":"244","_seopress_titles_title":"","_seopress_titles_desc":"","_seopress_robots_index":""},"product_brand":[],"product_cat":[244],"product_tag":[],"class_list":{"0":"post-14090","1":"product","2":"type-product","3":"status-publish","4":"has-post-thumbnail","6":"product_cat-drevene-stoly","8":"first","9":"instock","10":"shipping-taxable","11":"purchasable","12":"product-type-variable"},"_links":{"self":[{"href":"https:\/\/nabytoklaguna.sk\/sk\/wp-json\/wp\/v2\/product\/14090","targetHints":{"allow":["GET"]}}],"collection":[{"href":"https:\/\/nabytoklaguna.sk\/sk\/wp-json\/wp\/v2\/product"}],"about":[{"href":"https:\/\/nabytoklaguna.sk\/sk\/wp-json\/wp\/v2\/types\/product"}],"replies":[{"embeddable":true,"href":"https:\/\/nabytoklaguna.sk\/sk\/wp-json\/wp\/v2\/comments?post=14090"}],"wp:featuredmedia":[{"embeddable":true,"href":"https:\/\/nabytoklaguna.sk\/sk\/wp-json\/wp\/v2\/media\/14094"}],"wp:attachment":[{"href":"https:\/\/nabytoklaguna.sk\/sk\/wp-json\/wp\/v2\/media?parent=14090"}],"wp:term":[{"taxonomy":"product_brand","embeddable":true,"href":"https:\/\/nabytoklaguna.sk\/sk\/wp-json\/wp\/v2\/product_brand?post=14090"},{"taxonomy":"product_cat","embeddable":true,"href":"https:\/\/nabytoklaguna.sk\/sk\/wp-json\/wp\/v2\/product_cat?post=14090"},{"taxonomy":"product_tag","embeddable":true,"href":"https:\/\/nabytoklaguna.sk\/sk\/wp-json\/wp\/v2\/product_tag?post=14090"}],"curies":[{"name":"wp","href":"https:\/\/api.w.org\/{rel}","templated":true}]}}