{"id":14110,"date":"2021-02-22T16:54:36","date_gmt":"2021-02-22T15:54:36","guid":{"rendered":"http:\/\/nabytoklaguna.sk\/sk\/?post_type=product&#038;p=14110"},"modified":"2026-02-18T08:33:15","modified_gmt":"2026-02-18T07:33:15","slug":"hades-hr","status":"publish","type":"product","link":"https:\/\/nabytoklaguna.sk\/sk\/produkt\/hades-hr\/","title":{"rendered":"D.P.V HADES HR"},"content":{"rendered":"<p>Tento matrac je zlo\u017een\u00fd z d\u00f4myselne prepracovan\u00fdch dielov zo studen\u00fdch pien Eurofoam vysok\u00fdch objemov\u00fdch hmotnost\u00ed a pre maxim\u00e1lny komfort jednostranne doplnen\u00fd vysoko komfortnou studenou penou, ktor\u00e1 je upraven\u00e1 najmodernej\u0161ou povrchovou \u00fapravou AIRFLOW. V\u010faka \u0161peci\u00e1lnej prelamovanej kon\u0161trukcii a z\u00f3novaniu je zaisten\u00e9 pre ka\u017ed\u00fa \u010das\u0165 \u013eudsk\u00e9ho tela optim\u00e1lne pohodlie a dokonal\u00e9 prevzdu\u0161nenie. <strong>Mo\u017enos\u0165 objednania aj ne\u0161tandardn\u00fdch rozmerov v cene.\u00a0<\/strong><\/p>\n<p><strong>Z\u00e1ruka na matrac je 3 roky.<\/strong><\/p>\n","protected":false},"excerpt":{"rendered":"<p><img loading=\"lazy\" decoding=\"async\" class=\"alignnone size-full wp-image-14075\" src=\"http:\/\/nabytoklaguna.sk\/sk\/wp-content\/uploads\/2017\/03\/\u010desk\u00fd-v\u00fdrobok-2.png\" alt=\"\" width=\"39\" height=\"47\" \/><img loading=\"lazy\" decoding=\"async\" class=\"alignnone size-full wp-image-14077\" src=\"http:\/\/nabytoklaguna.sk\/sk\/wp-content\/uploads\/2017\/03\/zdravotn\u00fd-2.png\" alt=\"\" width=\"39\" height=\"47\" \/><\/p>\n<hr \/>\n<p><img loading=\"lazy\" decoding=\"async\" class=\"alignnone size-full wp-image-14009\" src=\"http:\/\/nabytoklaguna.sk\/sk\/wp-content\/uploads\/2017\/03\/certifik\u00e1t-1.jpg\" alt=\"\" width=\"167\" height=\"141\" \/><\/p>\n<table width=\"867\">\n<tbody>\n<tr>\n<td width=\"250\"><strong>V\u00fd\u0161ka matraca:<\/strong><\/td>\n<td width=\"608\">21 cm<\/td>\n<\/tr>\n<tr>\n<td width=\"266\"><strong>V\u00e1hov\u00e1 kateg\u00f3ria:<\/strong><\/td>\n<td width=\"608\">do 130 kg<\/td>\n<\/tr>\n<tr>\n<td width=\"266\"><strong>Po\u010det z\u00f3n:<\/strong><\/td>\n<td width=\"608\">7<\/td>\n<\/tr>\n<tr>\n<td width=\"266\"><strong>Materi\u00e1l:<\/strong><\/td>\n<td width=\"608\">HR<\/td>\n<\/tr>\n<tr>\n<td width=\"266\"><strong>Po\u0165ah:<\/strong><\/td>\n<td width=\"608\">z\u00f3novo pre\u0161it\u00fd, sn\u00edmate\u013en\u00fd a prate\u013en\u00fd<\/td>\n<\/tr>\n<tr>\n<td width=\"266\">\u00a0<strong>Typ matraca:<\/strong><\/td>\n<td width=\"608\">zdravotn\u00fd, obojstrann\u00fd<\/td>\n<\/tr>\n<tr>\n<td width=\"266\"><strong>V\u00fdrobca:<\/strong><\/td>\n<td width=\"608\">\u010cesko<\/td>\n<\/tr>\n<\/tbody>\n<\/table>\n<table width=\"867\">\n<tbody>\n<tr>\n<td width=\"266\"><strong>Tuhos\u0165:<\/strong><\/td>\n<td width=\"608\">3 a 4<\/td>\n<\/tr>\n<\/tbody>\n<\/table>\n","protected":false},"featured_media":14122,"comment_status":"closed","ping_status":"closed","template":"","meta":{"_seopress_robots_primary_cat":"1101","_seopress_titles_title":"","_seopress_titles_desc":"","_seopress_robots_index":""},"product_brand":[],"product_cat":[1101,227],"product_tag":[],"class_list":{"0":"post-14110","1":"product","2":"type-product","3":"status-publish","4":"has-post-thumbnail","6":"product_cat-luxusne","7":"product_cat-rosty-matrace","9":"first","10":"onbackorder","11":"shipping-taxable","12":"purchasable","13":"product-type-variable"},"_links":{"self":[{"href":"https:\/\/nabytoklaguna.sk\/sk\/wp-json\/wp\/v2\/product\/14110","targetHints":{"allow":["GET"]}}],"collection":[{"href":"https:\/\/nabytoklaguna.sk\/sk\/wp-json\/wp\/v2\/product"}],"about":[{"href":"https:\/\/nabytoklaguna.sk\/sk\/wp-json\/wp\/v2\/types\/product"}],"replies":[{"embeddable":true,"href":"https:\/\/nabytoklaguna.sk\/sk\/wp-json\/wp\/v2\/comments?post=14110"}],"wp:featuredmedia":[{"embeddable":true,"href":"https:\/\/nabytoklaguna.sk\/sk\/wp-json\/wp\/v2\/media\/14122"}],"wp:attachment":[{"href":"https:\/\/nabytoklaguna.sk\/sk\/wp-json\/wp\/v2\/media?parent=14110"}],"wp:term":[{"taxonomy":"product_brand","embeddable":true,"href":"https:\/\/nabytoklaguna.sk\/sk\/wp-json\/wp\/v2\/product_brand?post=14110"},{"taxonomy":"product_cat","embeddable":true,"href":"https:\/\/nabytoklaguna.sk\/sk\/wp-json\/wp\/v2\/product_cat?post=14110"},{"taxonomy":"product_tag","embeddable":true,"href":"https:\/\/nabytoklaguna.sk\/sk\/wp-json\/wp\/v2\/product_tag?post=14110"}],"curies":[{"name":"wp","href":"https:\/\/api.w.org\/{rel}","templated":true}]}}